{"id":482,"date":"2024-01-29T09:54:00","date_gmt":"2024-01-29T09:54:00","guid":{"rendered":"https:\/\/token-tact.org\/hakkimizda\/"},"modified":"2024-02-12T15:22:32","modified_gmt":"2024-02-12T15:22:32","slug":"hakkimizda","status":"publish","type":"page","link":"https:\/\/token-tact.org\/tr\/hakkimizda\/","title":{"rendered":"Hakk\u0131m\u0131zda"},"content":{"rendered":"\n<div class=\"wp-block-group alignfull has-tertiary-background-color has-background is-layout-constrained wp-container-core-group-is-layout-13138de1 wp-block-group-is-layout-constrained\" style=\"padding-top:var(--wp--preset--spacing--xx-large);padding-bottom:var(--wp--preset--spacing--xx-large)\">\n<div class=\"wp-block-group alignwide is-layout-constrained wp-block-group-is-layout-constrained\">\n<h2 class=\"wp-block-heading has-text-align-center has-heading-color has-text-color\">Misyonumuz ve Vizyonumuz<\/h2>\n\n\n\n<p class=\"has-text-align-center\">Yenili\u011fin kripto para ticareti m\u00fckemmelli\u011fiyle bulu\u015ftu\u011fu Token Tact&#8217;a ho\u015f geldiniz. Token Tact olarak misyonumuz, bireylere son teknoloji \u00fcr\u00fcn\u00fc bir kripto para birimi ticaret botu ve platformu sa\u011flayarak onlar\u0131 g\u00fc\u00e7lendirmektir. Kripto ticaretinin sadece uzmanlar i\u00e7in bir ni\u015f olmad\u0131\u011f\u0131, ayn\u0131 zamanda herkes i\u00e7in eri\u015filebilir ve \u00f6d\u00fcllendirici bir \u00e7aba oldu\u011fu bir gelecek hayal ediyoruz.<\/p>\n<\/div>\n\n\n\n<div class=\"wp-block-columns alignwide is-layout-flex wp-container-core-columns-is-layout-398b3aa3 wp-block-columns-is-layout-flex\">\n<div class=\"wp-block-column is-layout-flow wp-block-column-is-layout-flow\">\n<figure class=\"wp-block-image size-full is-resized has-custom-border\"><img loading=\"lazy\" decoding=\"async\" width=\"2000\" height=\"2000\" src=\"https:\/\/token-tact.org\/wp-content\/uploads\/2024\/01\/Revenue-bro-1-1.png\" alt=\"Token Tact kripto\" class=\"wp-image-33\" style=\"border-radius:8px;width:423px;height:auto\" srcset=\"https:\/\/token-tact.org\/wp-content\/uploads\/2024\/01\/Revenue-bro-1-1.png 2000w, https:\/\/token-tact.org\/wp-content\/uploads\/2024\/01\/Revenue-bro-1-1-300x300.png 300w, https:\/\/token-tact.org\/wp-content\/uploads\/2024\/01\/Revenue-bro-1-1TokenTact-1024x1024.png 1024w, https:\/\/token-tact.org\/wp-content\/uploads\/2024\/01\/Revenue-bro-1-1-150x150.png 150w, https:\/\/token-tact.org\/wp-content\/uploads\/2024\/01\/Revenue-bro-1-1-768x768.png 768w, https:\/\/token-tact.org\/wp-content\/uploads\/2024\/01\/Revenue-bro-1-1-1536x1536.png 1536w\" sizes=\"auto, (max-width: 2000px) 100vw, 2000px\" \/><\/figure>\n<\/div>\n\n\n\n<div class=\"wp-block-column is-vertically-aligned-center is-layout-flow wp-block-column-is-layout-flow\">\n<div class=\"wp-block-group is-layout-constrained wp-container-core-group-is-layout-63b154dc wp-block-group-is-layout-constrained\" style=\"padding-right:var(--wp--preset--spacing--x-small);padding-left:var(--wp--preset--spacing--medium)\">\n<p class=\"has-x-small-font-size\" style=\"letter-spacing:2px\">01<\/p>\n\n\n\n<h4 class=\"wp-block-heading has-heading-color has-text-color\">Vizyonumuz<\/h4>\n\n\n\n<p>Token Tact&#8217;\u0131n gururlu sahipleri olarak, kripto ticareti ortam\u0131nda devrim yaratmaya kararl\u0131y\u0131z. Kripto para d\u00fcnyas\u0131ndaki ilk elden deneyimimiz sayesinde, piyasa analizinin karma\u015f\u0131kl\u0131\u011f\u0131ndan manuel ticaretin zaman al\u0131c\u0131 do\u011fas\u0131na kadar yat\u0131r\u0131mc\u0131lar\u0131n kar\u015f\u0131la\u015ft\u0131\u011f\u0131 zorluklar\u0131 anl\u0131yoruz.<\/p>\n\n\n\n<p>Uzmanl\u0131\u011f\u0131m\u0131za dayanarak Token Tact&#8217;\u0131 kripto ticareti deneyimini basitle\u015ftiren ve geli\u015ftiren bir \u00e7\u00f6z\u00fcm olarak geli\u015ftirdik. Vizyonumuz, deneyimli yat\u0131r\u0131mc\u0131lar ile yeni ba\u015flayanlar aras\u0131ndaki bo\u015flu\u011fu doldurarak t\u00fcm uzmanl\u0131k seviyelerine hitap eden bir platform sa\u011flamakt\u0131r.<\/p>\n<\/div>\n<\/div>\n<\/div>\n\n\n\n<div class=\"wp-block-columns alignwide is-layout-flex wp-container-core-columns-is-layout-28f84493 wp-block-columns-is-layout-flex\">\n<div class=\"wp-block-column is-vertically-aligned-center is-layout-flow wp-block-column-is-layout-flow\">\n<div class=\"wp-block-group is-layout-constrained wp-container-core-group-is-layout-8081e35e wp-block-group-is-layout-constrained\" style=\"padding-right:var(--wp--preset--spacing--x-small);padding-left:var(--wp--preset--spacing--medium)\">\n<p class=\"has-x-small-font-size\" style=\"letter-spacing:2px\">02<\/p>\n\n\n\n<h4 class=\"wp-block-heading has-heading-color has-text-color\">Bizim toplulu\u011fumuz<\/h4>\n\n\n\n<p>Token Tact olarak canl\u0131 ve destekleyici bir topluluk olu\u015fturman\u0131n \u00f6nemini anl\u0131yoruz. Ara\u015ft\u0131rmam\u0131z, geli\u015fen bir toplulu\u011fun yaln\u0131zca i\u00e7g\u00f6r\u00fcleri payla\u015fmaktan ibaret olmad\u0131\u011f\u0131n\u0131, ayn\u0131 zamanda yat\u0131r\u0131mc\u0131lar\u0131n ba\u011flant\u0131 kurabilece\u011fi, \u00f6\u011frenebilece\u011fi ve birlikte b\u00fcy\u00fcyebilece\u011fi bir alan yaratmakla ilgili oldu\u011funu g\u00f6sterdi.<\/p>\n\n\n\n<p>Yat\u0131r\u0131mc\u0131lar\u0131 D\u00fcnya \u00c7ap\u0131nda Ba\u011flant\u0131ya Ge\u00e7irmek<\/p>\n\n\n\n<p>Bulgular\u0131m\u0131z, bir ticaret toplulu\u011funun g\u00fcc\u00fcn\u00fcn \u00e7e\u015fitlili\u011finde ve payla\u015f\u0131lan bilgisinde yatt\u0131\u011f\u0131n\u0131 g\u00f6steriyor. Token Tact d\u00fcnyan\u0131n d\u00f6rt bir yan\u0131ndan yat\u0131r\u0131mc\u0131lar\u0131 bir araya getirerek fikirlerin serbest\u00e7e akt\u0131\u011f\u0131 dinamik bir a\u011f yarat\u0131yor. Pratik bilgimiz sayesinde ileti\u015fimi ve i\u015fbirli\u011fini kolayla\u015ft\u0131ran \u00f6zellikler uygulayarak Token Tact&#8217;\u0131 yaln\u0131zca bir platform de\u011fil ayn\u0131 zamanda bir topluluk merkezi haline getirdik.<\/p>\n\n\n\n<p>Birlikte \u00d6\u011frenmek<\/p>\n\n\n\n<p>Deneme yan\u0131lma yoluyla, kripto para biriminin h\u0131zl\u0131 d\u00fcnyas\u0131nda s\u00fcrekli \u00f6\u011frenmenin \u015fart oldu\u011funu \u00f6\u011frendik. Platformumuz, topluluk \u00fcyelerimizin bilgi sahibi olmas\u0131n\u0131 ve bilin\u00e7li kararlar almas\u0131n\u0131 sa\u011flamak i\u00e7in e\u011fitim kaynaklar\u0131, pazar analizleri ve etkile\u015fimli tart\u0131\u015fmalar sa\u011flar.<\/p>\n<\/div>\n<\/div>\n\n\n\n<div class=\"wp-block-column is-layout-flow wp-block-column-is-layout-flow\">\n<figure class=\"wp-block-image size-full is-resized has-custom-border\"><img loading=\"lazy\" decoding=\"async\" width=\"2000\" height=\"2000\" src=\"https:\/\/token-tact.org\/wp-content\/uploads\/2024\/01\/TokenTact-bot.png\" alt=\"Token Tact ticareti\" class=\"wp-image-31\" style=\"border-radius:8px;width:667px;height:auto\" srcset=\"https:\/\/token-tact.org\/wp-content\/uploads\/2024\/01\/TokenTact-bot.png 2000w, https:\/\/token-tact.org\/wp-content\/uploads\/2024\/01\/TokenTact-bot-300x300.png 300w, https:\/\/token-tact.org\/wp-content\/uploads\/2024\/01\/TokenTact-bot-1024x1024.png 1024w, https:\/\/token-tact.org\/wp-content\/uploads\/2024\/01\/TokenTact-bot-150x150.png 150w, https:\/\/token-tact.org\/wp-content\/uploads\/2024\/01\/TokenTact-bot-768x768.png 768w, https:\/\/token-tact.org\/wp-content\/uploads\/2024\/01\/TokenTact-bot-1536x1536.png 1536w\" sizes=\"auto, (max-width: 2000px) 100vw, 2000px\" \/><\/figure>\n<\/div>\n<\/div>\n\n\n\n<div class=\"wp-block-columns alignwide is-layout-flex wp-container-core-columns-is-layout-398b3aa3 wp-block-columns-is-layout-flex\">\n<div class=\"wp-block-column is-layout-flow wp-block-column-is-layout-flow\">\n<figure class=\"wp-block-image size-full is-resized has-custom-border\"><img loading=\"lazy\" decoding=\"async\" width=\"2000\" height=\"2000\" src=\"https:\/\/token-tact.org\/wp-content\/uploads\/2024\/01\/TokenTact-trade.png\" alt=\"Token Tact\" class=\"wp-image-29\" style=\"border-radius:8px;width:458px;height:auto\" srcset=\"https:\/\/token-tact.org\/wp-content\/uploads\/2024\/01\/TokenTact-trade.png 2000w, https:\/\/token-tact.org\/wp-content\/uploads\/2024\/01\/TokenTact-trade-300x300.png 300w, https:\/\/token-tact.org\/wp-content\/uploads\/2024\/01\/TokenTact-trade-1024x1024.png 1024w, https:\/\/token-tact.org\/wp-content\/uploads\/2024\/01\/TokenTact-trade-150x150.png 150w, https:\/\/token-tact.org\/wp-content\/uploads\/2024\/01\/TokenTact-trade-768x768.png 768w, https:\/\/token-tact.org\/wp-content\/uploads\/2024\/01\/TokenTact-trade-1536x1536.png 1536w\" sizes=\"auto, (max-width: 2000px) 100vw, 2000px\" \/><\/figure>\n<\/div>\n\n\n\n<div class=\"wp-block-column is-vertically-aligned-center is-layout-flow wp-block-column-is-layout-flow\">\n<div class=\"wp-block-group is-layout-constrained wp-container-core-group-is-layout-63b154dc wp-block-group-is-layout-constrained\" style=\"padding-right:var(--wp--preset--spacing--x-small);padding-left:var(--wp--preset--spacing--medium)\">\n<p class=\"has-x-small-font-size\" style=\"letter-spacing:2px\">03<\/p>\n\n\n\n<h4 class=\"wp-block-heading has-heading-color has-text-color\">Bizim s\u00f6z\u00fcm\u00fcz<\/h4>\n\n\n\n<p>Token Tact yaln\u0131zca bir platform de\u011fildir; kripto ticareti d\u00fcnyas\u0131nda m\u00fckemmellik ve d\u00fcr\u00fcstl\u00fck taahh\u00fcd\u00fcd\u00fcr. Taahh\u00fcd\u00fcm\u00fcz platformumuzun her y\u00f6n\u00fcn\u00fc kaps\u0131yor ve kullan\u0131c\u0131lar\u0131n kesintisiz ve g\u00fcvenli bir ticaret deneyimi ya\u015famas\u0131n\u0131 sa\u011fl\u0131yor.<\/p>\n\n\n\n<p>\u015eeffafl\u0131k ve G\u00fcvenlik<\/p>\n\n\n\n<p>Token Tact&#8217;\u0131n sahipleri olarak \u015feffafl\u0131\u011fa ve g\u00fcvenli\u011fe \u00f6ncelik veriyoruz. Bu ilkelere olan ba\u011fl\u0131l\u0131\u011f\u0131m\u0131z, kullan\u0131c\u0131 verilerini ve varl\u0131klar\u0131n\u0131 korumak i\u00e7in uygulad\u0131\u011f\u0131m\u0131z \u00f6nlemlere yans\u0131maktad\u0131r. G\u00fcvenin a\u00e7\u0131kl\u0131k ve titizlikle kazan\u0131ld\u0131\u011f\u0131na inan\u0131yoruz ve sekt\u00f6rdeki en y\u00fcksek standartlar\u0131 korumaya \u00e7al\u0131\u015f\u0131yoruz.<\/p>\n<\/div>\n<\/div>\n<\/div>\n<\/div>\n\n\n\n<div class=\"wp-block-group alignfull is-layout-constrained wp-container-core-group-is-layout-fa72c8b5 wp-block-group-is-layout-constrained\" style=\"padding-top:var(--wp--preset--spacing--x-large);padding-bottom:var(--wp--preset--spacing--x-large)\"><\/div>\n","protected":false},"excerpt":{"rendered":"<p>Misyonumuz ve Vizyonumuz Yenili\u011fin kripto para ticareti m\u00fckemmelli\u011fiyle bulu\u015ftu\u011fu Token Tact&#8217;a ho\u015f geldiniz. Token Tact olarak misyonumuz, bireylere son teknoloji [&hellip;]<\/p>\n","protected":false},"author":1,"featured_media":0,"parent":0,"menu_order":0,"comment_status":"closed","ping_status":"closed","template":"","meta":{"_acf_changed":false,"_monsterinsights_skip_tracking":false,"_monsterinsights_sitenote_active":false,"_monsterinsights_sitenote_note":"","_monsterinsights_sitenote_category":0,"site-sidebar-layout":"default","site-content-layout":"","ast-site-content-layout":"","site-content-style":"default","site-sidebar-style":"default","ast-global-header-display":"","ast-banner-title-visibility":"","ast-main-header-display":"","ast-hfb-above-header-display":"","ast-hfb-below-header-display":"","ast-hfb-mobile-header-display":"","site-post-title":"disabled","ast-breadcrumbs-content":"","ast-featured-img":"","footer-sml-layout":"","theme-transparent-header-meta":"","adv-header-id-meta":"","stick-header-meta":"","header-above-stick-meta":"","header-main-stick-meta":"","header-below-stick-meta":"","astra-migrate-meta-layouts":"default","ast-page-background-enabled":"default","ast-page-background-meta":{"desktop":{"background-color":"var(--ast-global-color-4)","background-image":"","background-repeat":"repeat","background-position":"center center","background-size":"auto","background-attachment":"scroll","background-type":"","background-media":"","overlay-type":"","overlay-color":"","overlay-opacity":"","overlay-gradient":""},"tablet":{"background-color":"","background-image":"","background-repeat":"repeat","background-position":"center center","background-size":"auto","background-attachment":"scroll","background-type":"","background-media":"","overlay-type":"","overlay-color":"","overlay-opacity":"","overlay-gradient":""},"mobile":{"background-color":"","background-image":"","background-repeat":"repeat","background-position":"center center","background-size":"auto","background-attachment":"scroll","background-type":"","background-media":"","overlay-type":"","overlay-color":"","overlay-opacity":"","overlay-gradient":""}},"ast-content-background-meta":{"desktop":{"background-color":"var(--ast-global-color-5)","background-image":"","background-repeat":"repeat","background-position":"center center","background-size":"auto","background-attachment":"scroll","background-type":"","background-media":"","overlay-type":"","overlay-color":"","overlay-opacity":"","overlay-gradient":""},"tablet":{"background-color":"var(--ast-global-color-5)","background-image":"","background-repeat":"repeat","background-position":"center center","background-size":"auto","background-attachment":"scroll","background-type":"","background-media":"","overlay-type":"","overlay-color":"","overlay-opacity":"","overlay-gradient":""},"mobile":{"background-color":"var(--ast-global-color-5)","background-image":"","background-repeat":"repeat","background-position":"center center","background-size":"auto","background-attachment":"scroll","background-type":"","background-media":"","overlay-type":"","overlay-color":"","overlay-opacity":"","overlay-gradient":""}},"footnotes":""},"class_list":["post-482","page","type-page","status-publish","hentry"],"acf":[],"yoast_head":"<!-- This site is optimized with the Yoast SEO plugin v22.7 - https:\/\/yoast.com\/wordpress\/plugins\/seo\/ -->\n<title>Hakk\u0131m\u0131zda &#187; Official Website<\/title>\n<meta name=\"description\" content=\"Token Tact sadece bir platform de\u011fil, toplulu\u011fumuzla birlikte \u00e7\u0131kt\u0131\u011f\u0131m\u0131z bir yolculuktur. Kripto ticaretini yeniden tan\u0131mlay\u0131p bunu herkes i\u00e7in eri\u015filebilir, keyifli ve karl\u0131 hale getirirken bize kat\u0131l\u0131n.\" \/>\n<meta name=\"robots\" content=\"index, follow, max-snippet:-1, max-image-preview:large, max-video-preview:-1\" \/>\n<link rel=\"canonical\" href=\"https:\/\/token-tact.org\/tr\/hakkimizda\/\" \/>\n<meta property=\"og:locale\" content=\"tr_TR\" \/>\n<meta property=\"og:type\" content=\"article\" \/>\n<meta property=\"og:title\" content=\"Hakk\u0131m\u0131zda &#187; Official Website\" \/>\n<meta property=\"og:description\" content=\"Token Tact sadece bir platform de\u011fil, toplulu\u011fumuzla birlikte \u00e7\u0131kt\u0131\u011f\u0131m\u0131z bir yolculuktur. Kripto ticaretini yeniden tan\u0131mlay\u0131p bunu herkes i\u00e7in eri\u015filebilir, keyifli ve karl\u0131 hale getirirken bize kat\u0131l\u0131n.\" \/>\n<meta property=\"og:url\" content=\"https:\/\/token-tact.org\/tr\/hakkimizda\/\" \/>\n<meta property=\"article:modified_time\" content=\"2024-02-12T15:22:32+00:00\" \/>\n<meta property=\"og:image\" content=\"https:\/\/token-tact.org\/wp-content\/uploads\/2024\/01\/Revenue-bro-1-1.png\" \/>\n<meta name=\"twitter:card\" content=\"summary_large_image\" \/>\n<meta name=\"twitter:label1\" content=\"Tahmini okuma s\u00fcresi\" \/>\n\t<meta name=\"twitter:data1\" content=\"2 dakika\" \/>\n<script type=\"application\/ld+json\" class=\"yoast-schema-graph\">{\"@context\":\"https:\/\/schema.org\",\"@graph\":[{\"@type\":\"WebPage\",\"@id\":\"https:\/\/token-tact.org\/tr\/hakkimizda\/\",\"url\":\"https:\/\/token-tact.org\/tr\/hakkimizda\/\",\"name\":\"Hakk\u0131m\u0131zda &#187; Official Website\",\"isPartOf\":{\"@id\":\"https:\/\/token-tact.org\/#website\"},\"primaryImageOfPage\":{\"@id\":\"https:\/\/token-tact.org\/tr\/hakkimizda\/#primaryimage\"},\"image\":{\"@id\":\"https:\/\/token-tact.org\/tr\/hakkimizda\/#primaryimage\"},\"thumbnailUrl\":\"https:\/\/token-tact.org\/wp-content\/uploads\/2024\/01\/Revenue-bro-1-1.png\",\"datePublished\":\"2024-01-29T09:54:00+00:00\",\"dateModified\":\"2024-02-12T15:22:32+00:00\",\"description\":\"Token Tact sadece bir platform de\u011fil, toplulu\u011fumuzla birlikte \u00e7\u0131kt\u0131\u011f\u0131m\u0131z bir yolculuktur. Kripto ticaretini yeniden tan\u0131mlay\u0131p bunu herkes i\u00e7in eri\u015filebilir, keyifli ve karl\u0131 hale getirirken bize kat\u0131l\u0131n.\",\"breadcrumb\":{\"@id\":\"https:\/\/token-tact.org\/tr\/hakkimizda\/#breadcrumb\"},\"inLanguage\":\"tr\",\"potentialAction\":[{\"@type\":\"ReadAction\",\"target\":[\"https:\/\/token-tact.org\/tr\/hakkimizda\/\"]}]},{\"@type\":\"ImageObject\",\"inLanguage\":\"tr\",\"@id\":\"https:\/\/token-tact.org\/tr\/hakkimizda\/#primaryimage\",\"url\":\"https:\/\/token-tact.org\/wp-content\/uploads\/2024\/01\/Revenue-bro-1-1.png\",\"contentUrl\":\"https:\/\/token-tact.org\/wp-content\/uploads\/2024\/01\/Revenue-bro-1-1.png\"},{\"@type\":\"BreadcrumbList\",\"@id\":\"https:\/\/token-tact.org\/tr\/hakkimizda\/#breadcrumb\",\"itemListElement\":[{\"@type\":\"ListItem\",\"position\":1,\"name\":\"Token Tact\",\"item\":\"https:\/\/token-tact.org\/tr\/\"},{\"@type\":\"ListItem\",\"position\":2,\"name\":\"Hakk\u0131m\u0131zda\"}]},{\"@type\":\"WebSite\",\"@id\":\"https:\/\/token-tact.org\/#website\",\"url\":\"https:\/\/token-tact.org\/\",\"name\":\"Token Tact - Best AI crypto trading bot\",\"description\":\"\",\"publisher\":{\"@id\":\"https:\/\/token-tact.org\/#organization\"},\"alternateName\":\"Token Tact\",\"potentialAction\":[{\"@type\":\"SearchAction\",\"target\":{\"@type\":\"EntryPoint\",\"urlTemplate\":\"https:\/\/token-tact.org\/?s={search_term_string}\"},\"query-input\":\"required name=search_term_string\"}],\"inLanguage\":\"tr\"},{\"@type\":\"Organization\",\"@id\":\"https:\/\/token-tact.org\/#organization\",\"name\":\"Token Tact\",\"url\":\"https:\/\/token-tact.org\/\",\"logo\":{\"@type\":\"ImageObject\",\"inLanguage\":\"tr\",\"@id\":\"https:\/\/token-tact.org\/#\/schema\/logo\/image\/\",\"url\":\"https:\/\/token-tact.org\/wp-content\/uploads\/2025\/02\/logo.svg\",\"contentUrl\":\"https:\/\/token-tact.org\/wp-content\/uploads\/2025\/02\/logo.svg\",\"caption\":\"Token Tact\"},\"image\":{\"@id\":\"https:\/\/token-tact.org\/#\/schema\/logo\/image\/\"}}]}<\/script>\n<!-- \/ Yoast SEO plugin. -->","yoast_head_json":{"title":"Hakk\u0131m\u0131zda &#187; Official Website","description":"Token Tact sadece bir platform de\u011fil, toplulu\u011fumuzla birlikte \u00e7\u0131kt\u0131\u011f\u0131m\u0131z bir yolculuktur. Kripto ticaretini yeniden tan\u0131mlay\u0131p bunu herkes i\u00e7in eri\u015filebilir, keyifli ve karl\u0131 hale getirirken bize kat\u0131l\u0131n.","robots":{"index":"index","follow":"follow","max-snippet":"max-snippet:-1","max-image-preview":"max-image-preview:large","max-video-preview":"max-video-preview:-1"},"canonical":"https:\/\/token-tact.org\/tr\/hakkimizda\/","og_locale":"tr_TR","og_type":"article","og_title":"Hakk\u0131m\u0131zda &#187; Official Website","og_description":"Token Tact sadece bir platform de\u011fil, toplulu\u011fumuzla birlikte \u00e7\u0131kt\u0131\u011f\u0131m\u0131z bir yolculuktur. Kripto ticaretini yeniden tan\u0131mlay\u0131p bunu herkes i\u00e7in eri\u015filebilir, keyifli ve karl\u0131 hale getirirken bize kat\u0131l\u0131n.","og_url":"https:\/\/token-tact.org\/tr\/hakkimizda\/","article_modified_time":"2024-02-12T15:22:32+00:00","og_image":[{"url":"https:\/\/token-tact.org\/wp-content\/uploads\/2024\/01\/Revenue-bro-1-1.png"}],"twitter_card":"summary_large_image","twitter_misc":{"Tahmini okuma s\u00fcresi":"2 dakika"},"schema":{"@context":"https:\/\/schema.org","@graph":[{"@type":"WebPage","@id":"https:\/\/token-tact.org\/tr\/hakkimizda\/","url":"https:\/\/token-tact.org\/tr\/hakkimizda\/","name":"Hakk\u0131m\u0131zda &#187; Official Website","isPartOf":{"@id":"https:\/\/token-tact.org\/#website"},"primaryImageOfPage":{"@id":"https:\/\/token-tact.org\/tr\/hakkimizda\/#primaryimage"},"image":{"@id":"https:\/\/token-tact.org\/tr\/hakkimizda\/#primaryimage"},"thumbnailUrl":"https:\/\/token-tact.org\/wp-content\/uploads\/2024\/01\/Revenue-bro-1-1.png","datePublished":"2024-01-29T09:54:00+00:00","dateModified":"2024-02-12T15:22:32+00:00","description":"Token Tact sadece bir platform de\u011fil, toplulu\u011fumuzla birlikte \u00e7\u0131kt\u0131\u011f\u0131m\u0131z bir yolculuktur. Kripto ticaretini yeniden tan\u0131mlay\u0131p bunu herkes i\u00e7in eri\u015filebilir, keyifli ve karl\u0131 hale getirirken bize kat\u0131l\u0131n.","breadcrumb":{"@id":"https:\/\/token-tact.org\/tr\/hakkimizda\/#breadcrumb"},"inLanguage":"tr","potentialAction":[{"@type":"ReadAction","target":["https:\/\/token-tact.org\/tr\/hakkimizda\/"]}]},{"@type":"ImageObject","inLanguage":"tr","@id":"https:\/\/token-tact.org\/tr\/hakkimizda\/#primaryimage","url":"https:\/\/token-tact.org\/wp-content\/uploads\/2024\/01\/Revenue-bro-1-1.png","contentUrl":"https:\/\/token-tact.org\/wp-content\/uploads\/2024\/01\/Revenue-bro-1-1.png"},{"@type":"BreadcrumbList","@id":"https:\/\/token-tact.org\/tr\/hakkimizda\/#breadcrumb","itemListElement":[{"@type":"ListItem","position":1,"name":"Token Tact","item":"https:\/\/token-tact.org\/tr\/"},{"@type":"ListItem","position":2,"name":"Hakk\u0131m\u0131zda"}]},{"@type":"WebSite","@id":"https:\/\/token-tact.org\/#website","url":"https:\/\/token-tact.org\/","name":"Token Tact - Best AI crypto trading bot","description":"","publisher":{"@id":"https:\/\/token-tact.org\/#organization"},"alternateName":"Token Tact","potentialAction":[{"@type":"SearchAction","target":{"@type":"EntryPoint","urlTemplate":"https:\/\/token-tact.org\/?s={search_term_string}"},"query-input":"required name=search_term_string"}],"inLanguage":"tr"},{"@type":"Organization","@id":"https:\/\/token-tact.org\/#organization","name":"Token Tact","url":"https:\/\/token-tact.org\/","logo":{"@type":"ImageObject","inLanguage":"tr","@id":"https:\/\/token-tact.org\/#\/schema\/logo\/image\/","url":"https:\/\/token-tact.org\/wp-content\/uploads\/2025\/02\/logo.svg","contentUrl":"https:\/\/token-tact.org\/wp-content\/uploads\/2025\/02\/logo.svg","caption":"Token Tact"},"image":{"@id":"https:\/\/token-tact.org\/#\/schema\/logo\/image\/"}}]}},"_links":{"self":[{"href":"https:\/\/token-tact.org\/tr\/wp-json\/wp\/v2\/pages\/482","targetHints":{"allow":["GET"]}}],"collection":[{"href":"https:\/\/token-tact.org\/tr\/wp-json\/wp\/v2\/pages"}],"about":[{"href":"https:\/\/token-tact.org\/tr\/wp-json\/wp\/v2\/types\/page"}],"author":[{"embeddable":true,"href":"https:\/\/token-tact.org\/tr\/wp-json\/wp\/v2\/users\/1"}],"replies":[{"embeddable":true,"href":"https:\/\/token-tact.org\/tr\/wp-json\/wp\/v2\/comments?post=482"}],"version-history":[{"count":0,"href":"https:\/\/token-tact.org\/tr\/wp-json\/wp\/v2\/pages\/482\/revisions"}],"wp:attachment":[{"href":"https:\/\/token-tact.org\/tr\/wp-json\/wp\/v2\/media?parent=482"}],"curies":[{"name":"wp","href":"https:\/\/api.w.org\/{rel}","templated":true}]}}