{"id":480,"date":"2024-01-29T09:54:00","date_gmt":"2024-01-29T09:54:00","guid":{"rendered":"https:\/\/token-tact.org\/om-oss\/"},"modified":"2024-02-12T15:21:39","modified_gmt":"2024-02-12T15:21:39","slug":"om-oss","status":"publish","type":"page","link":"https:\/\/token-tact.org\/sv\/om-oss\/","title":{"rendered":"Om oss"},"content":{"rendered":"\n<div class=\"wp-block-group alignfull has-tertiary-background-color has-background is-layout-constrained wp-container-core-group-is-layout-13138de1 wp-block-group-is-layout-constrained\" style=\"padding-top:var(--wp--preset--spacing--xx-large);padding-bottom:var(--wp--preset--spacing--xx-large)\">\n<div class=\"wp-block-group alignwide is-layout-constrained wp-block-group-is-layout-constrained\">\n<h2 class=\"wp-block-heading has-text-align-center has-heading-color has-text-color\">V\u00e5r mission och vision<\/h2>\n\n\n\n<p class=\"has-text-align-center\">V\u00e4lkommen till Token Tact, d\u00e4r innovation m\u00f6ter excellens i kryptovalutahandel. V\u00e5rt uppdrag p\u00e5 Token Tact \u00e4r att st\u00e4rka individer genom att f\u00f6rse dem med en banbrytande cryptocurrency trading bot och plattform. Vi f\u00f6rest\u00e4ller oss en framtid d\u00e4r kryptohandel inte bara \u00e4r en nisch f\u00f6r experter utan en tillg\u00e4nglig och givande str\u00e4van f\u00f6r alla.<\/p>\n<\/div>\n\n\n\n<div class=\"wp-block-columns alignwide is-layout-flex wp-container-core-columns-is-layout-398b3aa3 wp-block-columns-is-layout-flex\">\n<div class=\"wp-block-column is-layout-flow wp-block-column-is-layout-flow\">\n<figure class=\"wp-block-image size-full is-resized has-custom-border\"><img loading=\"lazy\" decoding=\"async\" width=\"2000\" height=\"2000\" src=\"https:\/\/token-tact.org\/wp-content\/uploads\/2024\/01\/Revenue-bro-1-1.png\" alt=\"Token Tact krypto\" class=\"wp-image-33\" style=\"border-radius:8px;width:423px;height:auto\" srcset=\"https:\/\/token-tact.org\/wp-content\/uploads\/2024\/01\/Revenue-bro-1-1.png 2000w, https:\/\/token-tact.org\/wp-content\/uploads\/2024\/01\/Revenue-bro-1-1-300x300.png 300w, https:\/\/token-tact.org\/wp-content\/uploads\/2024\/01\/Revenue-bro-1-1TokenTact-1024x1024.png 1024w, https:\/\/token-tact.org\/wp-content\/uploads\/2024\/01\/Revenue-bro-1-1-150x150.png 150w, https:\/\/token-tact.org\/wp-content\/uploads\/2024\/01\/Revenue-bro-1-1-768x768.png 768w, https:\/\/token-tact.org\/wp-content\/uploads\/2024\/01\/Revenue-bro-1-1-1536x1536.png 1536w\" sizes=\"auto, (max-width: 2000px) 100vw, 2000px\" \/><\/figure>\n<\/div>\n\n\n\n<div class=\"wp-block-column is-vertically-aligned-center is-layout-flow wp-block-column-is-layout-flow\">\n<div class=\"wp-block-group is-layout-constrained wp-container-core-group-is-layout-63b154dc wp-block-group-is-layout-constrained\" style=\"padding-right:var(--wp--preset--spacing--x-small);padding-left:var(--wp--preset--spacing--medium)\">\n<p class=\"has-x-small-font-size\" style=\"letter-spacing:2px\">01<\/p>\n\n\n\n<h4 class=\"wp-block-heading has-heading-color has-text-color\">V\u00e5r vision<\/h4>\n\n\n\n<p>Som de stolta \u00e4garna av Token Tact \u00e4r vi fast beslutna att revolutionera kryptohandelslandskapet. Genom v\u00e5r f\u00f6rstahandserfarenhet av kryptovalutans v\u00e4rld f\u00f6rst\u00e5r vi de utmaningar som handlare st\u00e5r inf\u00f6r, fr\u00e5n komplexiteten i marknadsanalys till den tidskr\u00e4vande karakt\u00e4ren av manuell handel.<\/p>\n\n\n\n<p>Enligt v\u00e5r expertis har vi utvecklat Token Tact f\u00f6r att vara l\u00f6sningen som f\u00f6renklar och f\u00f6rb\u00e4ttrar kryptohandelsupplevelsen. V\u00e5r vision \u00e4r att \u00f6verbrygga klyftan mellan erfarna handlare och nyb\u00f6rjare, vilket ger en plattform som tillgodoser alla niv\u00e5er av expertis.<\/p>\n<\/div>\n<\/div>\n<\/div>\n\n\n\n<div class=\"wp-block-columns alignwide is-layout-flex wp-container-core-columns-is-layout-28f84493 wp-block-columns-is-layout-flex\">\n<div class=\"wp-block-column is-vertically-aligned-center is-layout-flow wp-block-column-is-layout-flow\">\n<div class=\"wp-block-group is-layout-constrained wp-container-core-group-is-layout-8081e35e wp-block-group-is-layout-constrained\" style=\"padding-right:var(--wp--preset--spacing--x-small);padding-left:var(--wp--preset--spacing--medium)\">\n<p class=\"has-x-small-font-size\" style=\"letter-spacing:2px\">02<\/p>\n\n\n\n<h4 class=\"wp-block-heading has-heading-color has-text-color\">V\u00e5r gemenskap<\/h4>\n\n\n\n<p>P\u00e5 Token Tact f\u00f6rst\u00e5r vi vikten av att fr\u00e4mja en levande och st\u00f6djande gemenskap. V\u00e5r unders\u00f6kning visade att en blomstrande gemenskap inte bara handlar om att dela insikter utan ocks\u00e5 om att skapa ett utrymme d\u00e4r handlare kan ansluta, l\u00e4ra sig och v\u00e4xa tillsammans.<\/p>\n\n\n\n<p>Anslut handlare globalt<\/p>\n\n\n\n<p>V\u00e5ra resultat visar att styrkan i en handelsgemenskap ligger i dess m\u00e5ngfald och delade kunskap. Token Tact samlar handlare fr\u00e5n hela v\u00e4rlden och skapar ett dynamiskt n\u00e4tverk d\u00e4r id\u00e9er fl\u00f6dar fritt. Genom v\u00e5r praktiska kunskap har vi implementerat funktioner som underl\u00e4ttar kommunikation och samarbete, vilket g\u00f6r Token Tact till inte bara en plattform utan ett communitynav.<\/p>\n\n\n\n<p>L\u00e4ra tillsammans<\/p>\n\n\n\n<p>Genom v\u00e5rt f\u00f6rs\u00f6k och misstag har vi l\u00e4rt oss att kontinuerligt l\u00e4rande \u00e4r viktigt i den snabba v\u00e4rlden av kryptovaluta. V\u00e5r plattform tillhandah\u00e5ller utbildningsresurser, marknadsanalyser och interaktiva diskussioner f\u00f6r att s\u00e4kerst\u00e4lla att v\u00e5ra communitymedlemmar h\u00e5ller sig informerade och fattar v\u00e4linformerade beslut.<\/p>\n<\/div>\n<\/div>\n\n\n\n<div class=\"wp-block-column is-layout-flow wp-block-column-is-layout-flow\">\n<figure class=\"wp-block-image size-full is-resized has-custom-border\"><img loading=\"lazy\" decoding=\"async\" width=\"2000\" height=\"2000\" src=\"https:\/\/token-tact.org\/wp-content\/uploads\/2024\/01\/TokenTact-bot.png\" alt=\"Token Tact handel\" class=\"wp-image-31\" style=\"border-radius:8px;width:667px;height:auto\" srcset=\"https:\/\/token-tact.org\/wp-content\/uploads\/2024\/01\/TokenTact-bot.png 2000w, https:\/\/token-tact.org\/wp-content\/uploads\/2024\/01\/TokenTact-bot-300x300.png 300w, https:\/\/token-tact.org\/wp-content\/uploads\/2024\/01\/TokenTact-bot-1024x1024.png 1024w, https:\/\/token-tact.org\/wp-content\/uploads\/2024\/01\/TokenTact-bot-150x150.png 150w, https:\/\/token-tact.org\/wp-content\/uploads\/2024\/01\/TokenTact-bot-768x768.png 768w, https:\/\/token-tact.org\/wp-content\/uploads\/2024\/01\/TokenTact-bot-1536x1536.png 1536w\" sizes=\"auto, (max-width: 2000px) 100vw, 2000px\" \/><\/figure>\n<\/div>\n<\/div>\n\n\n\n<div class=\"wp-block-columns alignwide is-layout-flex wp-container-core-columns-is-layout-398b3aa3 wp-block-columns-is-layout-flex\">\n<div class=\"wp-block-column is-layout-flow wp-block-column-is-layout-flow\">\n<figure class=\"wp-block-image size-full is-resized has-custom-border\"><img loading=\"lazy\" decoding=\"async\" width=\"2000\" height=\"2000\" src=\"https:\/\/token-tact.org\/wp-content\/uploads\/2024\/01\/TokenTact-trade.png\" alt=\"Token Tact\" class=\"wp-image-29\" style=\"border-radius:8px;width:458px;height:auto\" srcset=\"https:\/\/token-tact.org\/wp-content\/uploads\/2024\/01\/TokenTact-trade.png 2000w, https:\/\/token-tact.org\/wp-content\/uploads\/2024\/01\/TokenTact-trade-300x300.png 300w, https:\/\/token-tact.org\/wp-content\/uploads\/2024\/01\/TokenTact-trade-1024x1024.png 1024w, https:\/\/token-tact.org\/wp-content\/uploads\/2024\/01\/TokenTact-trade-150x150.png 150w, https:\/\/token-tact.org\/wp-content\/uploads\/2024\/01\/TokenTact-trade-768x768.png 768w, https:\/\/token-tact.org\/wp-content\/uploads\/2024\/01\/TokenTact-trade-1536x1536.png 1536w\" sizes=\"auto, (max-width: 2000px) 100vw, 2000px\" \/><\/figure>\n<\/div>\n\n\n\n<div class=\"wp-block-column is-vertically-aligned-center is-layout-flow wp-block-column-is-layout-flow\">\n<div class=\"wp-block-group is-layout-constrained wp-container-core-group-is-layout-63b154dc wp-block-group-is-layout-constrained\" style=\"padding-right:var(--wp--preset--spacing--x-small);padding-left:var(--wp--preset--spacing--medium)\">\n<p class=\"has-x-small-font-size\" style=\"letter-spacing:2px\">03<\/p>\n\n\n\n<h4 class=\"wp-block-heading has-heading-color has-text-color\">V\u00e5rt engagemang<\/h4>\n\n\n\n<p>Token Tact \u00e4r inte bara en plattform; det \u00e4r ett engagemang f\u00f6r spetskompetens och integritet i kryptohandelns v\u00e4rld. V\u00e5rt engagemang str\u00e4cker sig till alla aspekter av v\u00e5r plattform, vilket s\u00e4kerst\u00e4ller att anv\u00e4ndarna f\u00e5r en s\u00f6ml\u00f6s och s\u00e4ker handelsupplevelse.<\/p>\n\n\n\n<p>Transparens och s\u00e4kerhet<\/p>\n\n\n\n<p>Som \u00e4gare av Token Tact prioriterar vi transparens och s\u00e4kerhet. V\u00e5rt engagemang f\u00f6r dessa principer \u00e5terspeglas i de \u00e5tg\u00e4rder vi har genomf\u00f6rt f\u00f6r att skydda anv\u00e4ndardata och tillg\u00e5ngar. Vi tror att f\u00f6rtroende intj\u00e4nas genom \u00f6ppenhet och flit, och vi str\u00e4var efter att uppr\u00e4tth\u00e5lla de h\u00f6gsta standarderna i branschen.<\/p>\n<\/div>\n<\/div>\n<\/div>\n<\/div>\n\n\n\n<div class=\"wp-block-group alignfull is-layout-constrained wp-container-core-group-is-layout-fa72c8b5 wp-block-group-is-layout-constrained\" style=\"padding-top:var(--wp--preset--spacing--x-large);padding-bottom:var(--wp--preset--spacing--x-large)\"><\/div>\n","protected":false},"excerpt":{"rendered":"<p>V\u00e5r mission och vision V\u00e4lkommen till Token Tact, d\u00e4r innovation m\u00f6ter excellens i kryptovalutahandel. V\u00e5rt uppdrag p\u00e5 Token Tact \u00e4r [&hellip;]<\/p>\n","protected":false},"author":1,"featured_media":0,"parent":0,"menu_order":0,"comment_status":"closed","ping_status":"closed","template":"","meta":{"_acf_changed":false,"_monsterinsights_skip_tracking":false,"_monsterinsights_sitenote_active":false,"_monsterinsights_sitenote_note":"","_monsterinsights_sitenote_category":0,"site-sidebar-layout":"default","site-content-layout":"","ast-site-content-layout":"","site-content-style":"default","site-sidebar-style":"default","ast-global-header-display":"","ast-banner-title-visibility":"","ast-main-header-display":"","ast-hfb-above-header-display":"","ast-hfb-below-header-display":"","ast-hfb-mobile-header-display":"","site-post-title":"disabled","ast-breadcrumbs-content":"","ast-featured-img":"","footer-sml-layout":"","theme-transparent-header-meta":"","adv-header-id-meta":"","stick-header-meta":"","header-above-stick-meta":"","header-main-stick-meta":"","header-below-stick-meta":"","astra-migrate-meta-layouts":"default","ast-page-background-enabled":"default","ast-page-background-meta":{"desktop":{"background-color":"var(--ast-global-color-4)","background-image":"","background-repeat":"repeat","background-position":"center center","background-size":"auto","background-attachment":"scroll","background-type":"","background-media":"","overlay-type":"","overlay-color":"","overlay-opacity":"","overlay-gradient":""},"tablet":{"background-color":"","background-image":"","background-repeat":"repeat","background-position":"center center","background-size":"auto","background-attachment":"scroll","background-type":"","background-media":"","overlay-type":"","overlay-color":"","overlay-opacity":"","overlay-gradient":""},"mobile":{"background-color":"","background-image":"","background-repeat":"repeat","background-position":"center center","background-size":"auto","background-attachment":"scroll","background-type":"","background-media":"","overlay-type":"","overlay-color":"","overlay-opacity":"","overlay-gradient":""}},"ast-content-background-meta":{"desktop":{"background-color":"var(--ast-global-color-5)","background-image":"","background-repeat":"repeat","background-position":"center center","background-size":"auto","background-attachment":"scroll","background-type":"","background-media":"","overlay-type":"","overlay-color":"","overlay-opacity":"","overlay-gradient":""},"tablet":{"background-color":"var(--ast-global-color-5)","background-image":"","background-repeat":"repeat","background-position":"center center","background-size":"auto","background-attachment":"scroll","background-type":"","background-media":"","overlay-type":"","overlay-color":"","overlay-opacity":"","overlay-gradient":""},"mobile":{"background-color":"var(--ast-global-color-5)","background-image":"","background-repeat":"repeat","background-position":"center center","background-size":"auto","background-attachment":"scroll","background-type":"","background-media":"","overlay-type":"","overlay-color":"","overlay-opacity":"","overlay-gradient":""}},"footnotes":""},"class_list":["post-480","page","type-page","status-publish","hentry"],"acf":[],"yoast_head":"<!-- This site is optimized with the Yoast SEO plugin v22.7 - https:\/\/yoast.com\/wordpress\/plugins\/seo\/ -->\n<title>Om oss &#187; Official Website<\/title>\n<meta name=\"description\" content=\"Token Tact \u00e4r inte bara en plattform \u2013 det \u00e4r en resa vi ger oss ut p\u00e5 tillsammans med v\u00e5r community. G\u00e5 med oss n\u00e4r vi omdefinierar kryptohandel och g\u00f6r den tillg\u00e4nglig, njutbar och l\u00f6nsam f\u00f6r alla.\" \/>\n<meta name=\"robots\" content=\"index, follow, max-snippet:-1, max-image-preview:large, max-video-preview:-1\" \/>\n<link rel=\"canonical\" href=\"https:\/\/token-tact.org\/sv\/om-oss\/\" \/>\n<meta property=\"og:locale\" content=\"sv_SE\" \/>\n<meta property=\"og:type\" content=\"article\" \/>\n<meta property=\"og:title\" content=\"Om oss &#187; Official Website\" \/>\n<meta property=\"og:description\" content=\"Token Tact \u00e4r inte bara en plattform \u2013 det \u00e4r en resa vi ger oss ut p\u00e5 tillsammans med v\u00e5r community. G\u00e5 med oss n\u00e4r vi omdefinierar kryptohandel och g\u00f6r den tillg\u00e4nglig, njutbar och l\u00f6nsam f\u00f6r alla.\" \/>\n<meta property=\"og:url\" content=\"https:\/\/token-tact.org\/sv\/om-oss\/\" \/>\n<meta property=\"article:modified_time\" content=\"2024-02-12T15:21:39+00:00\" \/>\n<meta property=\"og:image\" content=\"https:\/\/token-tact.org\/wp-content\/uploads\/2024\/01\/Revenue-bro-1-1.png\" \/>\n<meta name=\"twitter:card\" content=\"summary_large_image\" \/>\n<meta name=\"twitter:label1\" content=\"Ber\u00e4knad l\u00e4stid\" \/>\n\t<meta name=\"twitter:data1\" content=\"3 minuter\" \/>\n<script type=\"application\/ld+json\" class=\"yoast-schema-graph\">{\"@context\":\"https:\/\/schema.org\",\"@graph\":[{\"@type\":\"WebPage\",\"@id\":\"https:\/\/token-tact.org\/sv\/om-oss\/\",\"url\":\"https:\/\/token-tact.org\/sv\/om-oss\/\",\"name\":\"Om oss &#187; Official Website\",\"isPartOf\":{\"@id\":\"https:\/\/token-tact.org\/#website\"},\"primaryImageOfPage\":{\"@id\":\"https:\/\/token-tact.org\/sv\/om-oss\/#primaryimage\"},\"image\":{\"@id\":\"https:\/\/token-tact.org\/sv\/om-oss\/#primaryimage\"},\"thumbnailUrl\":\"https:\/\/token-tact.org\/wp-content\/uploads\/2024\/01\/Revenue-bro-1-1.png\",\"datePublished\":\"2024-01-29T09:54:00+00:00\",\"dateModified\":\"2024-02-12T15:21:39+00:00\",\"description\":\"Token Tact \u00e4r inte bara en plattform \u2013 det \u00e4r en resa vi ger oss ut p\u00e5 tillsammans med v\u00e5r community. G\u00e5 med oss n\u00e4r vi omdefinierar kryptohandel och g\u00f6r den tillg\u00e4nglig, njutbar och l\u00f6nsam f\u00f6r alla.\",\"breadcrumb\":{\"@id\":\"https:\/\/token-tact.org\/sv\/om-oss\/#breadcrumb\"},\"inLanguage\":\"sv-SE\",\"potentialAction\":[{\"@type\":\"ReadAction\",\"target\":[\"https:\/\/token-tact.org\/sv\/om-oss\/\"]}]},{\"@type\":\"ImageObject\",\"inLanguage\":\"sv-SE\",\"@id\":\"https:\/\/token-tact.org\/sv\/om-oss\/#primaryimage\",\"url\":\"https:\/\/token-tact.org\/wp-content\/uploads\/2024\/01\/Revenue-bro-1-1.png\",\"contentUrl\":\"https:\/\/token-tact.org\/wp-content\/uploads\/2024\/01\/Revenue-bro-1-1.png\"},{\"@type\":\"BreadcrumbList\",\"@id\":\"https:\/\/token-tact.org\/sv\/om-oss\/#breadcrumb\",\"itemListElement\":[{\"@type\":\"ListItem\",\"position\":1,\"name\":\"Token Tact\",\"item\":\"https:\/\/token-tact.org\/sv\/\"},{\"@type\":\"ListItem\",\"position\":2,\"name\":\"Om oss\"}]},{\"@type\":\"WebSite\",\"@id\":\"https:\/\/token-tact.org\/#website\",\"url\":\"https:\/\/token-tact.org\/\",\"name\":\"Token Tact - Best AI crypto trading bot\",\"description\":\"\",\"publisher\":{\"@id\":\"https:\/\/token-tact.org\/#organization\"},\"alternateName\":\"Token Tact\",\"potentialAction\":[{\"@type\":\"SearchAction\",\"target\":{\"@type\":\"EntryPoint\",\"urlTemplate\":\"https:\/\/token-tact.org\/?s={search_term_string}\"},\"query-input\":\"required name=search_term_string\"}],\"inLanguage\":\"sv-SE\"},{\"@type\":\"Organization\",\"@id\":\"https:\/\/token-tact.org\/#organization\",\"name\":\"Token Tact\",\"url\":\"https:\/\/token-tact.org\/\",\"logo\":{\"@type\":\"ImageObject\",\"inLanguage\":\"sv-SE\",\"@id\":\"https:\/\/token-tact.org\/#\/schema\/logo\/image\/\",\"url\":\"https:\/\/token-tact.org\/wp-content\/uploads\/2025\/02\/logo.svg\",\"contentUrl\":\"https:\/\/token-tact.org\/wp-content\/uploads\/2025\/02\/logo.svg\",\"caption\":\"Token Tact\"},\"image\":{\"@id\":\"https:\/\/token-tact.org\/#\/schema\/logo\/image\/\"}}]}<\/script>\n<!-- \/ Yoast SEO plugin. -->","yoast_head_json":{"title":"Om oss &#187; Official Website","description":"Token Tact \u00e4r inte bara en plattform \u2013 det \u00e4r en resa vi ger oss ut p\u00e5 tillsammans med v\u00e5r community. G\u00e5 med oss n\u00e4r vi omdefinierar kryptohandel och g\u00f6r den tillg\u00e4nglig, njutbar och l\u00f6nsam f\u00f6r alla.","robots":{"index":"index","follow":"follow","max-snippet":"max-snippet:-1","max-image-preview":"max-image-preview:large","max-video-preview":"max-video-preview:-1"},"canonical":"https:\/\/token-tact.org\/sv\/om-oss\/","og_locale":"sv_SE","og_type":"article","og_title":"Om oss &#187; Official Website","og_description":"Token Tact \u00e4r inte bara en plattform \u2013 det \u00e4r en resa vi ger oss ut p\u00e5 tillsammans med v\u00e5r community. G\u00e5 med oss n\u00e4r vi omdefinierar kryptohandel och g\u00f6r den tillg\u00e4nglig, njutbar och l\u00f6nsam f\u00f6r alla.","og_url":"https:\/\/token-tact.org\/sv\/om-oss\/","article_modified_time":"2024-02-12T15:21:39+00:00","og_image":[{"url":"https:\/\/token-tact.org\/wp-content\/uploads\/2024\/01\/Revenue-bro-1-1.png"}],"twitter_card":"summary_large_image","twitter_misc":{"Ber\u00e4knad l\u00e4stid":"3 minuter"},"schema":{"@context":"https:\/\/schema.org","@graph":[{"@type":"WebPage","@id":"https:\/\/token-tact.org\/sv\/om-oss\/","url":"https:\/\/token-tact.org\/sv\/om-oss\/","name":"Om oss &#187; Official Website","isPartOf":{"@id":"https:\/\/token-tact.org\/#website"},"primaryImageOfPage":{"@id":"https:\/\/token-tact.org\/sv\/om-oss\/#primaryimage"},"image":{"@id":"https:\/\/token-tact.org\/sv\/om-oss\/#primaryimage"},"thumbnailUrl":"https:\/\/token-tact.org\/wp-content\/uploads\/2024\/01\/Revenue-bro-1-1.png","datePublished":"2024-01-29T09:54:00+00:00","dateModified":"2024-02-12T15:21:39+00:00","description":"Token Tact \u00e4r inte bara en plattform \u2013 det \u00e4r en resa vi ger oss ut p\u00e5 tillsammans med v\u00e5r community. G\u00e5 med oss n\u00e4r vi omdefinierar kryptohandel och g\u00f6r den tillg\u00e4nglig, njutbar och l\u00f6nsam f\u00f6r alla.","breadcrumb":{"@id":"https:\/\/token-tact.org\/sv\/om-oss\/#breadcrumb"},"inLanguage":"sv-SE","potentialAction":[{"@type":"ReadAction","target":["https:\/\/token-tact.org\/sv\/om-oss\/"]}]},{"@type":"ImageObject","inLanguage":"sv-SE","@id":"https:\/\/token-tact.org\/sv\/om-oss\/#primaryimage","url":"https:\/\/token-tact.org\/wp-content\/uploads\/2024\/01\/Revenue-bro-1-1.png","contentUrl":"https:\/\/token-tact.org\/wp-content\/uploads\/2024\/01\/Revenue-bro-1-1.png"},{"@type":"BreadcrumbList","@id":"https:\/\/token-tact.org\/sv\/om-oss\/#breadcrumb","itemListElement":[{"@type":"ListItem","position":1,"name":"Token Tact","item":"https:\/\/token-tact.org\/sv\/"},{"@type":"ListItem","position":2,"name":"Om oss"}]},{"@type":"WebSite","@id":"https:\/\/token-tact.org\/#website","url":"https:\/\/token-tact.org\/","name":"Token Tact - Best AI crypto trading bot","description":"","publisher":{"@id":"https:\/\/token-tact.org\/#organization"},"alternateName":"Token Tact","potentialAction":[{"@type":"SearchAction","target":{"@type":"EntryPoint","urlTemplate":"https:\/\/token-tact.org\/?s={search_term_string}"},"query-input":"required name=search_term_string"}],"inLanguage":"sv-SE"},{"@type":"Organization","@id":"https:\/\/token-tact.org\/#organization","name":"Token Tact","url":"https:\/\/token-tact.org\/","logo":{"@type":"ImageObject","inLanguage":"sv-SE","@id":"https:\/\/token-tact.org\/#\/schema\/logo\/image\/","url":"https:\/\/token-tact.org\/wp-content\/uploads\/2025\/02\/logo.svg","contentUrl":"https:\/\/token-tact.org\/wp-content\/uploads\/2025\/02\/logo.svg","caption":"Token Tact"},"image":{"@id":"https:\/\/token-tact.org\/#\/schema\/logo\/image\/"}}]}},"_links":{"self":[{"href":"https:\/\/token-tact.org\/sv\/wp-json\/wp\/v2\/pages\/480","targetHints":{"allow":["GET"]}}],"collection":[{"href":"https:\/\/token-tact.org\/sv\/wp-json\/wp\/v2\/pages"}],"about":[{"href":"https:\/\/token-tact.org\/sv\/wp-json\/wp\/v2\/types\/page"}],"author":[{"embeddable":true,"href":"https:\/\/token-tact.org\/sv\/wp-json\/wp\/v2\/users\/1"}],"replies":[{"embeddable":true,"href":"https:\/\/token-tact.org\/sv\/wp-json\/wp\/v2\/comments?post=480"}],"version-history":[{"count":0,"href":"https:\/\/token-tact.org\/sv\/wp-json\/wp\/v2\/pages\/480\/revisions"}],"wp:attachment":[{"href":"https:\/\/token-tact.org\/sv\/wp-json\/wp\/v2\/media?parent=480"}],"curies":[{"name":"wp","href":"https:\/\/api.w.org\/{rel}","templated":true}]}}