{"id":476,"date":"2024-01-29T09:54:00","date_gmt":"2024-01-29T09:54:00","guid":{"rendered":"https:\/\/token-tact.org\/sobre-nos\/"},"modified":"2024-02-12T15:21:13","modified_gmt":"2024-02-12T15:21:13","slug":"sobre-nos","status":"publish","type":"page","link":"https:\/\/token-tact.org\/pt-pt\/sobre-nos\/","title":{"rendered":"Sobre n\u00f3s"},"content":{"rendered":"\n<div class=\"wp-block-group alignfull has-tertiary-background-color has-background is-layout-constrained wp-container-core-group-is-layout-13138de1 wp-block-group-is-layout-constrained\" style=\"padding-top:var(--wp--preset--spacing--xx-large);padding-bottom:var(--wp--preset--spacing--xx-large)\">\n<div class=\"wp-block-group alignwide is-layout-constrained wp-block-group-is-layout-constrained\">\n<h2 class=\"wp-block-heading has-text-align-center has-heading-color has-text-color\">Nossa Miss\u00e3o e Vis\u00e3o<\/h2>\n\n\n\n<p class=\"has-text-align-center\">Bem-vindo ao Token Tact, onde a inova\u00e7\u00e3o encontra a excel\u00eancia no com\u00e9rcio de criptomoedas. Nossa miss\u00e3o na Token Tact \u00e9 capacitar os indiv\u00edduos, fornecendo-lhes um bot e uma plataforma de negocia\u00e7\u00e3o de criptomoedas de \u00faltima gera\u00e7\u00e3o. Imaginamos um futuro onde a negocia\u00e7\u00e3o de criptografia n\u00e3o seja apenas um nicho para especialistas, mas um empreendimento acess\u00edvel e gratificante para todos.<\/p>\n<\/div>\n\n\n\n<div class=\"wp-block-columns alignwide is-layout-flex wp-container-core-columns-is-layout-398b3aa3 wp-block-columns-is-layout-flex\">\n<div class=\"wp-block-column is-layout-flow wp-block-column-is-layout-flow\">\n<figure class=\"wp-block-image size-full is-resized has-custom-border\"><img loading=\"lazy\" decoding=\"async\" width=\"2000\" height=\"2000\" src=\"https:\/\/token-tact.org\/wp-content\/uploads\/2024\/01\/Revenue-bro-1-1.png\" alt=\"Criptografia Token Tact\" class=\"wp-image-33\" style=\"border-radius:8px;width:423px;height:auto\" srcset=\"https:\/\/token-tact.org\/wp-content\/uploads\/2024\/01\/Revenue-bro-1-1.png 2000w, https:\/\/token-tact.org\/wp-content\/uploads\/2024\/01\/Revenue-bro-1-1-300x300.png 300w, https:\/\/token-tact.org\/wp-content\/uploads\/2024\/01\/Revenue-bro-1-1TokenTact-1024x1024.png 1024w, https:\/\/token-tact.org\/wp-content\/uploads\/2024\/01\/Revenue-bro-1-1-150x150.png 150w, https:\/\/token-tact.org\/wp-content\/uploads\/2024\/01\/Revenue-bro-1-1-768x768.png 768w, https:\/\/token-tact.org\/wp-content\/uploads\/2024\/01\/Revenue-bro-1-1-1536x1536.png 1536w\" sizes=\"auto, (max-width: 2000px) 100vw, 2000px\" \/><\/figure>\n<\/div>\n\n\n\n<div class=\"wp-block-column is-vertically-aligned-center is-layout-flow wp-block-column-is-layout-flow\">\n<div class=\"wp-block-group is-layout-constrained wp-container-core-group-is-layout-63b154dc wp-block-group-is-layout-constrained\" style=\"padding-right:var(--wp--preset--spacing--x-small);padding-left:var(--wp--preset--spacing--medium)\">\n<p class=\"has-x-small-font-size\" style=\"letter-spacing:2px\">01<\/p>\n\n\n\n<h4 class=\"wp-block-heading has-heading-color has-text-color\">Nossa vis\u00e3o<\/h4>\n\n\n\n<p>Como orgulhosos propriet\u00e1rios do Token Tact, estamos comprometidos em revolucionar o cen\u00e1rio do com\u00e9rcio de criptografia. Atrav\u00e9s da nossa experi\u00eancia em primeira m\u00e3o no mundo das criptomoedas, compreendemos os desafios que os traders enfrentam, desde as complexidades da an\u00e1lise de mercado at\u00e9 \u00e0 natureza demorada da negocia\u00e7\u00e3o manual.<\/p>\n\n\n\n<p>De acordo com nossa experi\u00eancia, desenvolvemos o Token Tact para ser a solu\u00e7\u00e3o que simplifica e aprimora a experi\u00eancia de negocia\u00e7\u00e3o de criptografia. Nossa vis\u00e3o \u00e9 preencher a lacuna entre traders experientes e iniciantes, fornecendo uma plataforma que atenda a todos os n\u00edveis de especializa\u00e7\u00e3o.<\/p>\n<\/div>\n<\/div>\n<\/div>\n\n\n\n<div class=\"wp-block-columns alignwide is-layout-flex wp-container-core-columns-is-layout-28f84493 wp-block-columns-is-layout-flex\">\n<div class=\"wp-block-column is-vertically-aligned-center is-layout-flow wp-block-column-is-layout-flow\">\n<div class=\"wp-block-group is-layout-constrained wp-container-core-group-is-layout-8081e35e wp-block-group-is-layout-constrained\" style=\"padding-right:var(--wp--preset--spacing--x-small);padding-left:var(--wp--preset--spacing--medium)\">\n<p class=\"has-x-small-font-size\" style=\"letter-spacing:2px\">02<\/p>\n\n\n\n<h4 class=\"wp-block-heading has-heading-color has-text-color\">Nossa comunidade<\/h4>\n\n\n\n<p>Na Token Tact, entendemos a import\u00e2ncia de promover uma comunidade vibrante e solid\u00e1ria. A nossa investiga\u00e7\u00e3o demonstrou que uma comunidade pr\u00f3spera n\u00e3o se trata apenas de partilhar ideias, mas tamb\u00e9m de criar um espa\u00e7o onde os traders possam ligar-se, aprender e crescer juntos.<\/p>\n\n\n\n<p>Conectando Traders Globalmente<\/p>\n\n\n\n<p>As nossas conclus\u00f5es mostram que a for\u00e7a de uma comunidade comercial reside na sua diversidade e conhecimento partilhado. Token Tact re\u00fane traders de todo o mundo, criando uma rede din\u00e2mica onde as ideias fluem livremente. Atrav\u00e9s do nosso conhecimento pr\u00e1tico, implementamos funcionalidades que facilitam a comunica\u00e7\u00e3o e a colabora\u00e7\u00e3o, fazendo do Token Tact n\u00e3o apenas uma plataforma, mas um centro comunit\u00e1rio.<\/p>\n\n\n\n<p>Aprendendo juntos<\/p>\n\n\n\n<p>Por meio de tentativa e erro, aprendemos que o aprendizado cont\u00ednuo \u00e9 essencial no mundo acelerado das criptomoedas. Nossa plataforma fornece recursos educacionais, an\u00e1lises de mercado e discuss\u00f5es interativas para garantir que os membros da nossa comunidade se mantenham informados e tomem decis\u00f5es bem informadas.<\/p>\n<\/div>\n<\/div>\n\n\n\n<div class=\"wp-block-column is-layout-flow wp-block-column-is-layout-flow\">\n<figure class=\"wp-block-image size-full is-resized has-custom-border\"><img loading=\"lazy\" decoding=\"async\" width=\"2000\" height=\"2000\" src=\"https:\/\/token-tact.org\/wp-content\/uploads\/2024\/01\/TokenTact-bot.png\" alt=\"Negocia\u00e7\u00e3o Token Tact\" class=\"wp-image-31\" style=\"border-radius:8px;width:667px;height:auto\" srcset=\"https:\/\/token-tact.org\/wp-content\/uploads\/2024\/01\/TokenTact-bot.png 2000w, https:\/\/token-tact.org\/wp-content\/uploads\/2024\/01\/TokenTact-bot-300x300.png 300w, https:\/\/token-tact.org\/wp-content\/uploads\/2024\/01\/TokenTact-bot-1024x1024.png 1024w, https:\/\/token-tact.org\/wp-content\/uploads\/2024\/01\/TokenTact-bot-150x150.png 150w, https:\/\/token-tact.org\/wp-content\/uploads\/2024\/01\/TokenTact-bot-768x768.png 768w, https:\/\/token-tact.org\/wp-content\/uploads\/2024\/01\/TokenTact-bot-1536x1536.png 1536w\" sizes=\"auto, (max-width: 2000px) 100vw, 2000px\" \/><\/figure>\n<\/div>\n<\/div>\n\n\n\n<div class=\"wp-block-columns alignwide is-layout-flex wp-container-core-columns-is-layout-398b3aa3 wp-block-columns-is-layout-flex\">\n<div class=\"wp-block-column is-layout-flow wp-block-column-is-layout-flow\">\n<figure class=\"wp-block-image size-full is-resized has-custom-border\"><img loading=\"lazy\" decoding=\"async\" width=\"2000\" height=\"2000\" src=\"https:\/\/token-tact.org\/wp-content\/uploads\/2024\/01\/TokenTact-trade.png\" alt=\"Token Tact\" class=\"wp-image-29\" style=\"border-radius:8px;width:458px;height:auto\" srcset=\"https:\/\/token-tact.org\/wp-content\/uploads\/2024\/01\/TokenTact-trade.png 2000w, https:\/\/token-tact.org\/wp-content\/uploads\/2024\/01\/TokenTact-trade-300x300.png 300w, https:\/\/token-tact.org\/wp-content\/uploads\/2024\/01\/TokenTact-trade-1024x1024.png 1024w, https:\/\/token-tact.org\/wp-content\/uploads\/2024\/01\/TokenTact-trade-150x150.png 150w, https:\/\/token-tact.org\/wp-content\/uploads\/2024\/01\/TokenTact-trade-768x768.png 768w, https:\/\/token-tact.org\/wp-content\/uploads\/2024\/01\/TokenTact-trade-1536x1536.png 1536w\" sizes=\"auto, (max-width: 2000px) 100vw, 2000px\" \/><\/figure>\n<\/div>\n\n\n\n<div class=\"wp-block-column is-vertically-aligned-center is-layout-flow wp-block-column-is-layout-flow\">\n<div class=\"wp-block-group is-layout-constrained wp-container-core-group-is-layout-63b154dc wp-block-group-is-layout-constrained\" style=\"padding-right:var(--wp--preset--spacing--x-small);padding-left:var(--wp--preset--spacing--medium)\">\n<p class=\"has-x-small-font-size\" style=\"letter-spacing:2px\">03<\/p>\n\n\n\n<h4 class=\"wp-block-heading has-heading-color has-text-color\">Nosso compromisso<\/h4>\n\n\n\n<p>Token Tact n\u00e3o \u00e9 apenas uma plataforma; \u00e9 um compromisso com a excel\u00eancia e integridade no mundo do com\u00e9rcio de criptografia. Nosso compromisso se estende a todos os aspectos da nossa plataforma, garantindo que os usu\u00e1rios tenham uma experi\u00eancia de negocia\u00e7\u00e3o segura e cont\u00ednua.<\/p>\n\n\n\n<p>Transpar\u00eancia e Seguran\u00e7a<\/p>\n\n\n\n<p>Como propriet\u00e1rios do Token Tact, priorizamos a transpar\u00eancia e a seguran\u00e7a. O nosso compromisso com estes princ\u00edpios reflete-se nas medidas que implementamos para proteger os dados e ativos dos utilizadores. Acreditamos que a confian\u00e7a \u00e9 conquistada por meio de abertura e dilig\u00eancia e nos esfor\u00e7amos para manter os mais altos padr\u00f5es do setor.<\/p>\n<\/div>\n<\/div>\n<\/div>\n<\/div>\n\n\n\n<div class=\"wp-block-group alignfull is-layout-constrained wp-container-core-group-is-layout-fa72c8b5 wp-block-group-is-layout-constrained\" style=\"padding-top:var(--wp--preset--spacing--x-large);padding-bottom:var(--wp--preset--spacing--x-large)\"><\/div>\n","protected":false},"excerpt":{"rendered":"<p>Nossa Miss\u00e3o e Vis\u00e3o Bem-vindo ao Token Tact, onde a inova\u00e7\u00e3o encontra a excel\u00eancia no com\u00e9rcio de criptomoedas. Nossa miss\u00e3o [&hellip;]<\/p>\n","protected":false},"author":1,"featured_media":0,"parent":0,"menu_order":0,"comment_status":"closed","ping_status":"closed","template":"","meta":{"_acf_changed":false,"_monsterinsights_skip_tracking":false,"_monsterinsights_sitenote_active":false,"_monsterinsights_sitenote_note":"","_monsterinsights_sitenote_category":0,"site-sidebar-layout":"default","site-content-layout":"","ast-site-content-layout":"","site-content-style":"default","site-sidebar-style":"default","ast-global-header-display":"","ast-banner-title-visibility":"","ast-main-header-display":"","ast-hfb-above-header-display":"","ast-hfb-below-header-display":"","ast-hfb-mobile-header-display":"","site-post-title":"disabled","ast-breadcrumbs-content":"","ast-featured-img":"","footer-sml-layout":"","theme-transparent-header-meta":"","adv-header-id-meta":"","stick-header-meta":"","header-above-stick-meta":"","header-main-stick-meta":"","header-below-stick-meta":"","astra-migrate-meta-layouts":"default","ast-page-background-enabled":"default","ast-page-background-meta":{"desktop":{"background-color":"var(--ast-global-color-4)","background-image":"","background-repeat":"repeat","background-position":"center center","background-size":"auto","background-attachment":"scroll","background-type":"","background-media":"","overlay-type":"","overlay-color":"","overlay-opacity":"","overlay-gradient":""},"tablet":{"background-color":"","background-image":"","background-repeat":"repeat","background-position":"center center","background-size":"auto","background-attachment":"scroll","background-type":"","background-media":"","overlay-type":"","overlay-color":"","overlay-opacity":"","overlay-gradient":""},"mobile":{"background-color":"","background-image":"","background-repeat":"repeat","background-position":"center center","background-size":"auto","background-attachment":"scroll","background-type":"","background-media":"","overlay-type":"","overlay-color":"","overlay-opacity":"","overlay-gradient":""}},"ast-content-background-meta":{"desktop":{"background-color":"var(--ast-global-color-5)","background-image":"","background-repeat":"repeat","background-position":"center center","background-size":"auto","background-attachment":"scroll","background-type":"","background-media":"","overlay-type":"","overlay-color":"","overlay-opacity":"","overlay-gradient":""},"tablet":{"background-color":"var(--ast-global-color-5)","background-image":"","background-repeat":"repeat","background-position":"center center","background-size":"auto","background-attachment":"scroll","background-type":"","background-media":"","overlay-type":"","overlay-color":"","overlay-opacity":"","overlay-gradient":""},"mobile":{"background-color":"var(--ast-global-color-5)","background-image":"","background-repeat":"repeat","background-position":"center center","background-size":"auto","background-attachment":"scroll","background-type":"","background-media":"","overlay-type":"","overlay-color":"","overlay-opacity":"","overlay-gradient":""}},"footnotes":""},"class_list":["post-476","page","type-page","status-publish","hentry"],"acf":[],"yoast_head":"<!-- This site is optimized with the Yoast SEO plugin v22.7 - https:\/\/yoast.com\/wordpress\/plugins\/seo\/ -->\n<title>Sobre n\u00f3s &#187; Official Website<\/title>\n<meta name=\"description\" content=\"Token Tact n\u00e3o \u00e9 apenas uma plataforma \u2013 \u00e9 uma jornada que embarcamos junto com nossa comunidade. Junte-se a n\u00f3s enquanto redefinimos a negocia\u00e7\u00e3o de criptografia e a tornamos acess\u00edvel, agrad\u00e1vel e lucrativa para todos.\" \/>\n<meta name=\"robots\" content=\"index, follow, max-snippet:-1, max-image-preview:large, max-video-preview:-1\" \/>\n<link rel=\"canonical\" href=\"https:\/\/token-tact.org\/pt-pt\/sobre-nos\/\" \/>\n<meta property=\"og:locale\" content=\"pt_PT\" \/>\n<meta property=\"og:type\" content=\"article\" \/>\n<meta property=\"og:title\" content=\"Sobre n\u00f3s &#187; Official Website\" \/>\n<meta property=\"og:description\" content=\"Token Tact n\u00e3o \u00e9 apenas uma plataforma \u2013 \u00e9 uma jornada que embarcamos junto com nossa comunidade. Junte-se a n\u00f3s enquanto redefinimos a negocia\u00e7\u00e3o de criptografia e a tornamos acess\u00edvel, agrad\u00e1vel e lucrativa para todos.\" \/>\n<meta property=\"og:url\" content=\"https:\/\/token-tact.org\/pt-pt\/sobre-nos\/\" \/>\n<meta property=\"article:modified_time\" content=\"2024-02-12T15:21:13+00:00\" \/>\n<meta property=\"og:image\" content=\"https:\/\/token-tact.org\/wp-content\/uploads\/2024\/01\/Revenue-bro-1-1.png\" \/>\n<meta name=\"twitter:card\" content=\"summary_large_image\" \/>\n<meta name=\"twitter:label1\" content=\"Tempo estimado de leitura\" \/>\n\t<meta name=\"twitter:data1\" content=\"3 minutos\" \/>\n<script type=\"application\/ld+json\" class=\"yoast-schema-graph\">{\"@context\":\"https:\/\/schema.org\",\"@graph\":[{\"@type\":\"WebPage\",\"@id\":\"https:\/\/token-tact.org\/pt-pt\/sobre-nos\/\",\"url\":\"https:\/\/token-tact.org\/pt-pt\/sobre-nos\/\",\"name\":\"Sobre n\u00f3s &#187; Official Website\",\"isPartOf\":{\"@id\":\"https:\/\/token-tact.org\/#website\"},\"primaryImageOfPage\":{\"@id\":\"https:\/\/token-tact.org\/pt-pt\/sobre-nos\/#primaryimage\"},\"image\":{\"@id\":\"https:\/\/token-tact.org\/pt-pt\/sobre-nos\/#primaryimage\"},\"thumbnailUrl\":\"https:\/\/token-tact.org\/wp-content\/uploads\/2024\/01\/Revenue-bro-1-1.png\",\"datePublished\":\"2024-01-29T09:54:00+00:00\",\"dateModified\":\"2024-02-12T15:21:13+00:00\",\"description\":\"Token Tact n\u00e3o \u00e9 apenas uma plataforma \u2013 \u00e9 uma jornada que embarcamos junto com nossa comunidade. Junte-se a n\u00f3s enquanto redefinimos a negocia\u00e7\u00e3o de criptografia e a tornamos acess\u00edvel, agrad\u00e1vel e lucrativa para todos.\",\"breadcrumb\":{\"@id\":\"https:\/\/token-tact.org\/pt-pt\/sobre-nos\/#breadcrumb\"},\"inLanguage\":\"pt-PT\",\"potentialAction\":[{\"@type\":\"ReadAction\",\"target\":[\"https:\/\/token-tact.org\/pt-pt\/sobre-nos\/\"]}]},{\"@type\":\"ImageObject\",\"inLanguage\":\"pt-PT\",\"@id\":\"https:\/\/token-tact.org\/pt-pt\/sobre-nos\/#primaryimage\",\"url\":\"https:\/\/token-tact.org\/wp-content\/uploads\/2024\/01\/Revenue-bro-1-1.png\",\"contentUrl\":\"https:\/\/token-tact.org\/wp-content\/uploads\/2024\/01\/Revenue-bro-1-1.png\"},{\"@type\":\"BreadcrumbList\",\"@id\":\"https:\/\/token-tact.org\/pt-pt\/sobre-nos\/#breadcrumb\",\"itemListElement\":[{\"@type\":\"ListItem\",\"position\":1,\"name\":\"Token Tact\",\"item\":\"https:\/\/token-tact.org\/pt-pt\/\"},{\"@type\":\"ListItem\",\"position\":2,\"name\":\"Sobre n\u00f3s\"}]},{\"@type\":\"WebSite\",\"@id\":\"https:\/\/token-tact.org\/#website\",\"url\":\"https:\/\/token-tact.org\/\",\"name\":\"Token Tact - Best AI crypto trading bot\",\"description\":\"\",\"publisher\":{\"@id\":\"https:\/\/token-tact.org\/#organization\"},\"alternateName\":\"Token Tact\",\"potentialAction\":[{\"@type\":\"SearchAction\",\"target\":{\"@type\":\"EntryPoint\",\"urlTemplate\":\"https:\/\/token-tact.org\/?s={search_term_string}\"},\"query-input\":\"required name=search_term_string\"}],\"inLanguage\":\"pt-PT\"},{\"@type\":\"Organization\",\"@id\":\"https:\/\/token-tact.org\/#organization\",\"name\":\"Token Tact\",\"url\":\"https:\/\/token-tact.org\/\",\"logo\":{\"@type\":\"ImageObject\",\"inLanguage\":\"pt-PT\",\"@id\":\"https:\/\/token-tact.org\/#\/schema\/logo\/image\/\",\"url\":\"https:\/\/token-tact.org\/wp-content\/uploads\/2025\/02\/logo.svg\",\"contentUrl\":\"https:\/\/token-tact.org\/wp-content\/uploads\/2025\/02\/logo.svg\",\"caption\":\"Token Tact\"},\"image\":{\"@id\":\"https:\/\/token-tact.org\/#\/schema\/logo\/image\/\"}}]}<\/script>\n<!-- \/ Yoast SEO plugin. -->","yoast_head_json":{"title":"Sobre n\u00f3s &#187; Official Website","description":"Token Tact n\u00e3o \u00e9 apenas uma plataforma \u2013 \u00e9 uma jornada que embarcamos junto com nossa comunidade. Junte-se a n\u00f3s enquanto redefinimos a negocia\u00e7\u00e3o de criptografia e a tornamos acess\u00edvel, agrad\u00e1vel e lucrativa para todos.","robots":{"index":"index","follow":"follow","max-snippet":"max-snippet:-1","max-image-preview":"max-image-preview:large","max-video-preview":"max-video-preview:-1"},"canonical":"https:\/\/token-tact.org\/pt-pt\/sobre-nos\/","og_locale":"pt_PT","og_type":"article","og_title":"Sobre n\u00f3s &#187; Official Website","og_description":"Token Tact n\u00e3o \u00e9 apenas uma plataforma \u2013 \u00e9 uma jornada que embarcamos junto com nossa comunidade. Junte-se a n\u00f3s enquanto redefinimos a negocia\u00e7\u00e3o de criptografia e a tornamos acess\u00edvel, agrad\u00e1vel e lucrativa para todos.","og_url":"https:\/\/token-tact.org\/pt-pt\/sobre-nos\/","article_modified_time":"2024-02-12T15:21:13+00:00","og_image":[{"url":"https:\/\/token-tact.org\/wp-content\/uploads\/2024\/01\/Revenue-bro-1-1.png"}],"twitter_card":"summary_large_image","twitter_misc":{"Tempo estimado de leitura":"3 minutos"},"schema":{"@context":"https:\/\/schema.org","@graph":[{"@type":"WebPage","@id":"https:\/\/token-tact.org\/pt-pt\/sobre-nos\/","url":"https:\/\/token-tact.org\/pt-pt\/sobre-nos\/","name":"Sobre n\u00f3s &#187; Official Website","isPartOf":{"@id":"https:\/\/token-tact.org\/#website"},"primaryImageOfPage":{"@id":"https:\/\/token-tact.org\/pt-pt\/sobre-nos\/#primaryimage"},"image":{"@id":"https:\/\/token-tact.org\/pt-pt\/sobre-nos\/#primaryimage"},"thumbnailUrl":"https:\/\/token-tact.org\/wp-content\/uploads\/2024\/01\/Revenue-bro-1-1.png","datePublished":"2024-01-29T09:54:00+00:00","dateModified":"2024-02-12T15:21:13+00:00","description":"Token Tact n\u00e3o \u00e9 apenas uma plataforma \u2013 \u00e9 uma jornada que embarcamos junto com nossa comunidade. Junte-se a n\u00f3s enquanto redefinimos a negocia\u00e7\u00e3o de criptografia e a tornamos acess\u00edvel, agrad\u00e1vel e lucrativa para todos.","breadcrumb":{"@id":"https:\/\/token-tact.org\/pt-pt\/sobre-nos\/#breadcrumb"},"inLanguage":"pt-PT","potentialAction":[{"@type":"ReadAction","target":["https:\/\/token-tact.org\/pt-pt\/sobre-nos\/"]}]},{"@type":"ImageObject","inLanguage":"pt-PT","@id":"https:\/\/token-tact.org\/pt-pt\/sobre-nos\/#primaryimage","url":"https:\/\/token-tact.org\/wp-content\/uploads\/2024\/01\/Revenue-bro-1-1.png","contentUrl":"https:\/\/token-tact.org\/wp-content\/uploads\/2024\/01\/Revenue-bro-1-1.png"},{"@type":"BreadcrumbList","@id":"https:\/\/token-tact.org\/pt-pt\/sobre-nos\/#breadcrumb","itemListElement":[{"@type":"ListItem","position":1,"name":"Token Tact","item":"https:\/\/token-tact.org\/pt-pt\/"},{"@type":"ListItem","position":2,"name":"Sobre n\u00f3s"}]},{"@type":"WebSite","@id":"https:\/\/token-tact.org\/#website","url":"https:\/\/token-tact.org\/","name":"Token Tact - Best AI crypto trading bot","description":"","publisher":{"@id":"https:\/\/token-tact.org\/#organization"},"alternateName":"Token Tact","potentialAction":[{"@type":"SearchAction","target":{"@type":"EntryPoint","urlTemplate":"https:\/\/token-tact.org\/?s={search_term_string}"},"query-input":"required name=search_term_string"}],"inLanguage":"pt-PT"},{"@type":"Organization","@id":"https:\/\/token-tact.org\/#organization","name":"Token Tact","url":"https:\/\/token-tact.org\/","logo":{"@type":"ImageObject","inLanguage":"pt-PT","@id":"https:\/\/token-tact.org\/#\/schema\/logo\/image\/","url":"https:\/\/token-tact.org\/wp-content\/uploads\/2025\/02\/logo.svg","contentUrl":"https:\/\/token-tact.org\/wp-content\/uploads\/2025\/02\/logo.svg","caption":"Token Tact"},"image":{"@id":"https:\/\/token-tact.org\/#\/schema\/logo\/image\/"}}]}},"_links":{"self":[{"href":"https:\/\/token-tact.org\/pt-pt\/wp-json\/wp\/v2\/pages\/476","targetHints":{"allow":["GET"]}}],"collection":[{"href":"https:\/\/token-tact.org\/pt-pt\/wp-json\/wp\/v2\/pages"}],"about":[{"href":"https:\/\/token-tact.org\/pt-pt\/wp-json\/wp\/v2\/types\/page"}],"author":[{"embeddable":true,"href":"https:\/\/token-tact.org\/pt-pt\/wp-json\/wp\/v2\/users\/1"}],"replies":[{"embeddable":true,"href":"https:\/\/token-tact.org\/pt-pt\/wp-json\/wp\/v2\/comments?post=476"}],"version-history":[{"count":0,"href":"https:\/\/token-tact.org\/pt-pt\/wp-json\/wp\/v2\/pages\/476\/revisions"}],"wp:attachment":[{"href":"https:\/\/token-tact.org\/pt-pt\/wp-json\/wp\/v2\/media?parent=476"}],"curies":[{"name":"wp","href":"https:\/\/api.w.org\/{rel}","templated":true}]}}