{"id":474,"date":"2024-01-29T09:54:00","date_gmt":"2024-01-29T09:54:00","guid":{"rendered":"https:\/\/token-tact.org\/o-nas\/"},"modified":"2024-02-12T15:22:22","modified_gmt":"2024-02-12T15:22:22","slug":"o-nas","status":"publish","type":"page","link":"https:\/\/token-tact.org\/pl\/o-nas\/","title":{"rendered":"O nas"},"content":{"rendered":"\n<div class=\"wp-block-group alignfull has-tertiary-background-color has-background is-layout-constrained wp-container-core-group-is-layout-13138de1 wp-block-group-is-layout-constrained\" style=\"padding-top:var(--wp--preset--spacing--xx-large);padding-bottom:var(--wp--preset--spacing--xx-large)\">\n<div class=\"wp-block-group alignwide is-layout-constrained wp-block-group-is-layout-constrained\">\n<h2 class=\"wp-block-heading has-text-align-center has-heading-color has-text-color\">Nasza misja i wizja<\/h2>\n\n\n\n<p class=\"has-text-align-center\">Witamy w Token Tact, gdzie innowacja spotyka si\u0119 z doskona\u0142o\u015bci\u0105 handlu kryptowalutami. Nasz\u0105 misj\u0105 w Token Tact jest wzmacnianie pozycji jednostek poprzez zapewnienie im najnowocze\u015bniejszego bota i platformy do handlu kryptowalutami. Wyobra\u017camy sobie przysz\u0142o\u015b\u0107, w kt\u00f3rej handel kryptowalutami b\u0119dzie nie tylko nisz\u0105 dla ekspert\u00f3w, ale dost\u0119pnym i satysfakcjonuj\u0105cym przedsi\u0119wzi\u0119ciem dla ka\u017cdego.<\/p>\n<\/div>\n\n\n\n<div class=\"wp-block-columns alignwide is-layout-flex wp-container-core-columns-is-layout-398b3aa3 wp-block-columns-is-layout-flex\">\n<div class=\"wp-block-column is-layout-flow wp-block-column-is-layout-flow\">\n<figure class=\"wp-block-image size-full is-resized has-custom-border\"><img loading=\"lazy\" decoding=\"async\" width=\"2000\" height=\"2000\" src=\"https:\/\/token-tact.org\/wp-content\/uploads\/2024\/01\/Revenue-bro-1-1.png\" alt=\"Kryptografia Token Tact\" class=\"wp-image-33\" style=\"border-radius:8px;width:423px;height:auto\" srcset=\"https:\/\/token-tact.org\/wp-content\/uploads\/2024\/01\/Revenue-bro-1-1.png 2000w, https:\/\/token-tact.org\/wp-content\/uploads\/2024\/01\/Revenue-bro-1-1-300x300.png 300w, https:\/\/token-tact.org\/wp-content\/uploads\/2024\/01\/Revenue-bro-1-1TokenTact-1024x1024.png 1024w, https:\/\/token-tact.org\/wp-content\/uploads\/2024\/01\/Revenue-bro-1-1-150x150.png 150w, https:\/\/token-tact.org\/wp-content\/uploads\/2024\/01\/Revenue-bro-1-1-768x768.png 768w, https:\/\/token-tact.org\/wp-content\/uploads\/2024\/01\/Revenue-bro-1-1-1536x1536.png 1536w\" sizes=\"auto, (max-width: 2000px) 100vw, 2000px\" \/><\/figure>\n<\/div>\n\n\n\n<div class=\"wp-block-column is-vertically-aligned-center is-layout-flow wp-block-column-is-layout-flow\">\n<div class=\"wp-block-group is-layout-constrained wp-container-core-group-is-layout-63b154dc wp-block-group-is-layout-constrained\" style=\"padding-right:var(--wp--preset--spacing--x-small);padding-left:var(--wp--preset--spacing--medium)\">\n<p class=\"has-x-small-font-size\" style=\"letter-spacing:2px\">01<\/p>\n\n\n\n<h4 class=\"wp-block-heading has-heading-color has-text-color\">Nasza wizja<\/h4>\n\n\n\n<p>Jako dumni w\u0142a\u015bciciele Token Tact jeste\u015bmy zaanga\u017cowani w zrewolucjonizowanie krajobrazu handlu kryptowalutami. Dzi\u0119ki naszemu do\u015bwiadczeniu z pierwszej r\u0119ki w \u015bwiecie kryptowalut rozumiemy wyzwania stoj\u0105ce przed traderami, od z\u0142o\u017cono\u015bci analizy rynku po czasoch\u0142onny charakter handlu r\u0119cznego.<\/p>\n\n\n\n<p>Zgodnie z nasz\u0105 wiedz\u0105 opracowali\u015bmy Token Tact jako rozwi\u0105zanie, kt\u00f3re upraszcza i ulepsza handel kryptowalutami. Nasz\u0105 wizj\u0105 jest wype\u0142nienie luki pomi\u0119dzy do\u015bwiadczonymi traderami a pocz\u0105tkuj\u0105cymi, zapewniaj\u0105c platform\u0119 obs\u0142uguj\u0105c\u0105 wszystkie poziomy wiedzy.<\/p>\n<\/div>\n<\/div>\n<\/div>\n\n\n\n<div class=\"wp-block-columns alignwide is-layout-flex wp-container-core-columns-is-layout-28f84493 wp-block-columns-is-layout-flex\">\n<div class=\"wp-block-column is-vertically-aligned-center is-layout-flow wp-block-column-is-layout-flow\">\n<div class=\"wp-block-group is-layout-constrained wp-container-core-group-is-layout-8081e35e wp-block-group-is-layout-constrained\" style=\"padding-right:var(--wp--preset--spacing--x-small);padding-left:var(--wp--preset--spacing--medium)\">\n<p class=\"has-x-small-font-size\" style=\"letter-spacing:2px\">02<\/p>\n\n\n\n<h4 class=\"wp-block-heading has-heading-color has-text-color\">Nasza spo\u0142eczno\u015b\u0107<\/h4>\n\n\n\n<p>W Token Tact rozumiemy znaczenie wspierania t\u0119tni\u0105cej \u017cyciem i wspieraj\u0105cej spo\u0142eczno\u015bci. Nasze badanie wykaza\u0142o, \u017ce kwitn\u0105ca spo\u0142eczno\u015b\u0107 to nie tylko dzielenie si\u0119 spostrze\u017ceniami, ale tak\u017ce tworzenie przestrzeni, w kt\u00f3rej inwestorzy mog\u0105 nawi\u0105zywa\u0107 kontakty, uczy\u0107 si\u0119 i wsp\u00f3lnie rozwija\u0107.<\/p>\n\n\n\n<p>\u0141\u0105czenie trader\u00f3w na ca\u0142ym \u015bwiecie<\/p>\n\n\n\n<p>Nasze ustalenia pokazuj\u0105, \u017ce si\u0142a spo\u0142eczno\u015bci handlowej le\u017cy w jej r\u00f3\u017cnorodno\u015bci i dzielonej wiedzy. Token Tact zrzesza trader\u00f3w z ca\u0142ego \u015bwiata, tworz\u0105c dynamiczn\u0105 sie\u0107, w kt\u00f3rej pomys\u0142y przep\u0142ywaj\u0105 swobodnie. Dzi\u0119ki naszej praktycznej wiedzy wdro\u017cyli\u015bmy funkcje u\u0142atwiaj\u0105ce komunikacj\u0119 i wsp\u00f3\u0142prac\u0119, dzi\u0119ki czemu Token Tact to nie tylko platforma, ale centrum spo\u0142eczno\u015bci.<\/p>\n\n\n\n<p>Wsp\u00f3lna nauka<\/p>\n\n\n\n<p>Metod\u0105 pr\u00f3b i b\u0142\u0119d\u00f3w dowiedzieli\u015bmy si\u0119, \u017ce ci\u0105g\u0142e uczenie si\u0119 jest niezb\u0119dne w dynamicznym \u015bwiecie kryptowalut. Nasza platforma zapewnia zasoby edukacyjne, analizy rynkowe i interaktywne dyskusje, dzi\u0119ki czemu cz\u0142onkowie naszej spo\u0142eczno\u015bci s\u0105 na bie\u017c\u0105co i podejmuj\u0105 \u015bwiadome decyzje.<\/p>\n<\/div>\n<\/div>\n\n\n\n<div class=\"wp-block-column is-layout-flow wp-block-column-is-layout-flow\">\n<figure class=\"wp-block-image size-full is-resized has-custom-border\"><img loading=\"lazy\" decoding=\"async\" width=\"2000\" height=\"2000\" src=\"https:\/\/token-tact.org\/wp-content\/uploads\/2024\/01\/TokenTact-bot.png\" alt=\"Handel Token Tact\" class=\"wp-image-31\" style=\"border-radius:8px;width:667px;height:auto\" srcset=\"https:\/\/token-tact.org\/wp-content\/uploads\/2024\/01\/TokenTact-bot.png 2000w, https:\/\/token-tact.org\/wp-content\/uploads\/2024\/01\/TokenTact-bot-300x300.png 300w, https:\/\/token-tact.org\/wp-content\/uploads\/2024\/01\/TokenTact-bot-1024x1024.png 1024w, https:\/\/token-tact.org\/wp-content\/uploads\/2024\/01\/TokenTact-bot-150x150.png 150w, https:\/\/token-tact.org\/wp-content\/uploads\/2024\/01\/TokenTact-bot-768x768.png 768w, https:\/\/token-tact.org\/wp-content\/uploads\/2024\/01\/TokenTact-bot-1536x1536.png 1536w\" sizes=\"auto, (max-width: 2000px) 100vw, 2000px\" \/><\/figure>\n<\/div>\n<\/div>\n\n\n\n<div class=\"wp-block-columns alignwide is-layout-flex wp-container-core-columns-is-layout-398b3aa3 wp-block-columns-is-layout-flex\">\n<div class=\"wp-block-column is-layout-flow wp-block-column-is-layout-flow\">\n<figure class=\"wp-block-image size-full is-resized has-custom-border\"><img loading=\"lazy\" decoding=\"async\" width=\"2000\" height=\"2000\" src=\"https:\/\/token-tact.org\/wp-content\/uploads\/2024\/01\/TokenTact-trade.png\" alt=\"Token Tact\" class=\"wp-image-29\" style=\"border-radius:8px;width:458px;height:auto\" srcset=\"https:\/\/token-tact.org\/wp-content\/uploads\/2024\/01\/TokenTact-trade.png 2000w, https:\/\/token-tact.org\/wp-content\/uploads\/2024\/01\/TokenTact-trade-300x300.png 300w, https:\/\/token-tact.org\/wp-content\/uploads\/2024\/01\/TokenTact-trade-1024x1024.png 1024w, https:\/\/token-tact.org\/wp-content\/uploads\/2024\/01\/TokenTact-trade-150x150.png 150w, https:\/\/token-tact.org\/wp-content\/uploads\/2024\/01\/TokenTact-trade-768x768.png 768w, https:\/\/token-tact.org\/wp-content\/uploads\/2024\/01\/TokenTact-trade-1536x1536.png 1536w\" sizes=\"auto, (max-width: 2000px) 100vw, 2000px\" \/><\/figure>\n<\/div>\n\n\n\n<div class=\"wp-block-column is-vertically-aligned-center is-layout-flow wp-block-column-is-layout-flow\">\n<div class=\"wp-block-group is-layout-constrained wp-container-core-group-is-layout-63b154dc wp-block-group-is-layout-constrained\" style=\"padding-right:var(--wp--preset--spacing--x-small);padding-left:var(--wp--preset--spacing--medium)\">\n<p class=\"has-x-small-font-size\" style=\"letter-spacing:2px\">03<\/p>\n\n\n\n<h4 class=\"wp-block-heading has-heading-color has-text-color\">Nasze zaanga\u017cowanie<\/h4>\n\n\n\n<p>Token Tact to nie tylko platforma; to zobowi\u0105zanie do doskona\u0142o\u015bci i uczciwo\u015bci w \u015bwiecie handlu kryptowalutami. Nasze zaanga\u017cowanie rozci\u0105ga si\u0119 na ka\u017cdy aspekt naszej platformy, zapewniaj\u0105c u\u017cytkownikom p\u0142ynne i bezpieczne do\u015bwiadczenie handlowe.<\/p>\n\n\n\n<p>Przejrzysto\u015b\u0107 i bezpiecze\u0144stwo<\/p>\n\n\n\n<p>Jako w\u0142a\u015bciciele Token Tact stawiamy na pierwszym miejscu przejrzysto\u015b\u0107 i bezpiecze\u0144stwo. Nasze przywi\u0105zanie do tych zasad znajduje odzwierciedlenie w \u015brodkach, kt\u00f3re wdro\u017cyli\u015bmy w celu ochrony danych i zasob\u00f3w u\u017cytkownik\u00f3w. Wierzymy, \u017ce zaufanie buduje si\u0119 poprzez otwarto\u015b\u0107 i pracowito\u015b\u0107, dlatego staramy si\u0119 utrzymywa\u0107 najwy\u017csze standardy w bran\u017cy.<\/p>\n<\/div>\n<\/div>\n<\/div>\n<\/div>\n\n\n\n<div class=\"wp-block-group alignfull is-layout-constrained wp-container-core-group-is-layout-fa72c8b5 wp-block-group-is-layout-constrained\" style=\"padding-top:var(--wp--preset--spacing--x-large);padding-bottom:var(--wp--preset--spacing--x-large)\"><\/div>\n","protected":false},"excerpt":{"rendered":"<p>Nasza misja i wizja Witamy w Token Tact, gdzie innowacja spotyka si\u0119 z doskona\u0142o\u015bci\u0105 handlu kryptowalutami. Nasz\u0105 misj\u0105 w Token [&hellip;]<\/p>\n","protected":false},"author":1,"featured_media":0,"parent":0,"menu_order":0,"comment_status":"closed","ping_status":"closed","template":"","meta":{"_acf_changed":false,"_monsterinsights_skip_tracking":false,"_monsterinsights_sitenote_active":false,"_monsterinsights_sitenote_note":"","_monsterinsights_sitenote_category":0,"site-sidebar-layout":"default","site-content-layout":"","ast-site-content-layout":"","site-content-style":"default","site-sidebar-style":"default","ast-global-header-display":"","ast-banner-title-visibility":"","ast-main-header-display":"","ast-hfb-above-header-display":"","ast-hfb-below-header-display":"","ast-hfb-mobile-header-display":"","site-post-title":"disabled","ast-breadcrumbs-content":"","ast-featured-img":"","footer-sml-layout":"","theme-transparent-header-meta":"","adv-header-id-meta":"","stick-header-meta":"","header-above-stick-meta":"","header-main-stick-meta":"","header-below-stick-meta":"","astra-migrate-meta-layouts":"default","ast-page-background-enabled":"default","ast-page-background-meta":{"desktop":{"background-color":"var(--ast-global-color-4)","background-image":"","background-repeat":"repeat","background-position":"center center","background-size":"auto","background-attachment":"scroll","background-type":"","background-media":"","overlay-type":"","overlay-color":"","overlay-opacity":"","overlay-gradient":""},"tablet":{"background-color":"","background-image":"","background-repeat":"repeat","background-position":"center center","background-size":"auto","background-attachment":"scroll","background-type":"","background-media":"","overlay-type":"","overlay-color":"","overlay-opacity":"","overlay-gradient":""},"mobile":{"background-color":"","background-image":"","background-repeat":"repeat","background-position":"center center","background-size":"auto","background-attachment":"scroll","background-type":"","background-media":"","overlay-type":"","overlay-color":"","overlay-opacity":"","overlay-gradient":""}},"ast-content-background-meta":{"desktop":{"background-color":"var(--ast-global-color-5)","background-image":"","background-repeat":"repeat","background-position":"center center","background-size":"auto","background-attachment":"scroll","background-type":"","background-media":"","overlay-type":"","overlay-color":"","overlay-opacity":"","overlay-gradient":""},"tablet":{"background-color":"var(--ast-global-color-5)","background-image":"","background-repeat":"repeat","background-position":"center center","background-size":"auto","background-attachment":"scroll","background-type":"","background-media":"","overlay-type":"","overlay-color":"","overlay-opacity":"","overlay-gradient":""},"mobile":{"background-color":"var(--ast-global-color-5)","background-image":"","background-repeat":"repeat","background-position":"center center","background-size":"auto","background-attachment":"scroll","background-type":"","background-media":"","overlay-type":"","overlay-color":"","overlay-opacity":"","overlay-gradient":""}},"footnotes":""},"class_list":["post-474","page","type-page","status-publish","hentry"],"acf":[],"yoast_head":"<!-- This site is optimized with the Yoast SEO plugin v22.7 - https:\/\/yoast.com\/wordpress\/plugins\/seo\/ -->\n<title>O nas &#187; Official Website<\/title>\n<meta name=\"description\" content=\"Token Tact to nie tylko platforma \u2013 to podr\u00f3\u017c, w kt\u00f3r\u0105 wyruszamy razem z nasz\u0105 spo\u0142eczno\u015bci\u0105. Do\u0142\u0105cz do nas, gdy na nowo definiujemy handel kryptowalutami i sprawiamy, \u017ce jest on dost\u0119pny, przyjemny i op\u0142acalny dla ka\u017cdego.\" \/>\n<meta name=\"robots\" content=\"index, follow, max-snippet:-1, max-image-preview:large, max-video-preview:-1\" \/>\n<link rel=\"canonical\" href=\"https:\/\/token-tact.org\/pl\/o-nas\/\" \/>\n<meta property=\"og:locale\" content=\"pl_PL\" \/>\n<meta property=\"og:type\" content=\"article\" \/>\n<meta property=\"og:title\" content=\"O nas &#187; Official Website\" \/>\n<meta property=\"og:description\" content=\"Token Tact to nie tylko platforma \u2013 to podr\u00f3\u017c, w kt\u00f3r\u0105 wyruszamy razem z nasz\u0105 spo\u0142eczno\u015bci\u0105. Do\u0142\u0105cz do nas, gdy na nowo definiujemy handel kryptowalutami i sprawiamy, \u017ce jest on dost\u0119pny, przyjemny i op\u0142acalny dla ka\u017cdego.\" \/>\n<meta property=\"og:url\" content=\"https:\/\/token-tact.org\/pl\/o-nas\/\" \/>\n<meta property=\"article:modified_time\" content=\"2024-02-12T15:22:22+00:00\" \/>\n<meta property=\"og:image\" content=\"https:\/\/token-tact.org\/wp-content\/uploads\/2024\/01\/Revenue-bro-1-1.png\" \/>\n<meta name=\"twitter:card\" content=\"summary_large_image\" \/>\n<meta name=\"twitter:label1\" content=\"Szacowany czas czytania\" \/>\n\t<meta name=\"twitter:data1\" content=\"3 minuty\" \/>\n<script type=\"application\/ld+json\" class=\"yoast-schema-graph\">{\"@context\":\"https:\/\/schema.org\",\"@graph\":[{\"@type\":\"WebPage\",\"@id\":\"https:\/\/token-tact.org\/pl\/o-nas\/\",\"url\":\"https:\/\/token-tact.org\/pl\/o-nas\/\",\"name\":\"O nas &#187; Official Website\",\"isPartOf\":{\"@id\":\"https:\/\/token-tact.org\/#website\"},\"primaryImageOfPage\":{\"@id\":\"https:\/\/token-tact.org\/pl\/o-nas\/#primaryimage\"},\"image\":{\"@id\":\"https:\/\/token-tact.org\/pl\/o-nas\/#primaryimage\"},\"thumbnailUrl\":\"https:\/\/token-tact.org\/wp-content\/uploads\/2024\/01\/Revenue-bro-1-1.png\",\"datePublished\":\"2024-01-29T09:54:00+00:00\",\"dateModified\":\"2024-02-12T15:22:22+00:00\",\"description\":\"Token Tact to nie tylko platforma \u2013 to podr\u00f3\u017c, w kt\u00f3r\u0105 wyruszamy razem z nasz\u0105 spo\u0142eczno\u015bci\u0105. Do\u0142\u0105cz do nas, gdy na nowo definiujemy handel kryptowalutami i sprawiamy, \u017ce jest on dost\u0119pny, przyjemny i op\u0142acalny dla ka\u017cdego.\",\"breadcrumb\":{\"@id\":\"https:\/\/token-tact.org\/pl\/o-nas\/#breadcrumb\"},\"inLanguage\":\"pl-PL\",\"potentialAction\":[{\"@type\":\"ReadAction\",\"target\":[\"https:\/\/token-tact.org\/pl\/o-nas\/\"]}]},{\"@type\":\"ImageObject\",\"inLanguage\":\"pl-PL\",\"@id\":\"https:\/\/token-tact.org\/pl\/o-nas\/#primaryimage\",\"url\":\"https:\/\/token-tact.org\/wp-content\/uploads\/2024\/01\/Revenue-bro-1-1.png\",\"contentUrl\":\"https:\/\/token-tact.org\/wp-content\/uploads\/2024\/01\/Revenue-bro-1-1.png\"},{\"@type\":\"BreadcrumbList\",\"@id\":\"https:\/\/token-tact.org\/pl\/o-nas\/#breadcrumb\",\"itemListElement\":[{\"@type\":\"ListItem\",\"position\":1,\"name\":\"Token Tact\",\"item\":\"https:\/\/token-tact.org\/pl\/\"},{\"@type\":\"ListItem\",\"position\":2,\"name\":\"O nas\"}]},{\"@type\":\"WebSite\",\"@id\":\"https:\/\/token-tact.org\/#website\",\"url\":\"https:\/\/token-tact.org\/\",\"name\":\"Token Tact - Best AI crypto trading bot\",\"description\":\"\",\"publisher\":{\"@id\":\"https:\/\/token-tact.org\/#organization\"},\"alternateName\":\"Token Tact\",\"potentialAction\":[{\"@type\":\"SearchAction\",\"target\":{\"@type\":\"EntryPoint\",\"urlTemplate\":\"https:\/\/token-tact.org\/?s={search_term_string}\"},\"query-input\":\"required name=search_term_string\"}],\"inLanguage\":\"pl-PL\"},{\"@type\":\"Organization\",\"@id\":\"https:\/\/token-tact.org\/#organization\",\"name\":\"Token Tact\",\"url\":\"https:\/\/token-tact.org\/\",\"logo\":{\"@type\":\"ImageObject\",\"inLanguage\":\"pl-PL\",\"@id\":\"https:\/\/token-tact.org\/#\/schema\/logo\/image\/\",\"url\":\"https:\/\/token-tact.org\/wp-content\/uploads\/2025\/02\/logo.svg\",\"contentUrl\":\"https:\/\/token-tact.org\/wp-content\/uploads\/2025\/02\/logo.svg\",\"caption\":\"Token Tact\"},\"image\":{\"@id\":\"https:\/\/token-tact.org\/#\/schema\/logo\/image\/\"}}]}<\/script>\n<!-- \/ Yoast SEO plugin. -->","yoast_head_json":{"title":"O nas &#187; Official Website","description":"Token Tact to nie tylko platforma \u2013 to podr\u00f3\u017c, w kt\u00f3r\u0105 wyruszamy razem z nasz\u0105 spo\u0142eczno\u015bci\u0105. Do\u0142\u0105cz do nas, gdy na nowo definiujemy handel kryptowalutami i sprawiamy, \u017ce jest on dost\u0119pny, przyjemny i op\u0142acalny dla ka\u017cdego.","robots":{"index":"index","follow":"follow","max-snippet":"max-snippet:-1","max-image-preview":"max-image-preview:large","max-video-preview":"max-video-preview:-1"},"canonical":"https:\/\/token-tact.org\/pl\/o-nas\/","og_locale":"pl_PL","og_type":"article","og_title":"O nas &#187; Official Website","og_description":"Token Tact to nie tylko platforma \u2013 to podr\u00f3\u017c, w kt\u00f3r\u0105 wyruszamy razem z nasz\u0105 spo\u0142eczno\u015bci\u0105. Do\u0142\u0105cz do nas, gdy na nowo definiujemy handel kryptowalutami i sprawiamy, \u017ce jest on dost\u0119pny, przyjemny i op\u0142acalny dla ka\u017cdego.","og_url":"https:\/\/token-tact.org\/pl\/o-nas\/","article_modified_time":"2024-02-12T15:22:22+00:00","og_image":[{"url":"https:\/\/token-tact.org\/wp-content\/uploads\/2024\/01\/Revenue-bro-1-1.png"}],"twitter_card":"summary_large_image","twitter_misc":{"Szacowany czas czytania":"3 minuty"},"schema":{"@context":"https:\/\/schema.org","@graph":[{"@type":"WebPage","@id":"https:\/\/token-tact.org\/pl\/o-nas\/","url":"https:\/\/token-tact.org\/pl\/o-nas\/","name":"O nas &#187; Official Website","isPartOf":{"@id":"https:\/\/token-tact.org\/#website"},"primaryImageOfPage":{"@id":"https:\/\/token-tact.org\/pl\/o-nas\/#primaryimage"},"image":{"@id":"https:\/\/token-tact.org\/pl\/o-nas\/#primaryimage"},"thumbnailUrl":"https:\/\/token-tact.org\/wp-content\/uploads\/2024\/01\/Revenue-bro-1-1.png","datePublished":"2024-01-29T09:54:00+00:00","dateModified":"2024-02-12T15:22:22+00:00","description":"Token Tact to nie tylko platforma \u2013 to podr\u00f3\u017c, w kt\u00f3r\u0105 wyruszamy razem z nasz\u0105 spo\u0142eczno\u015bci\u0105. Do\u0142\u0105cz do nas, gdy na nowo definiujemy handel kryptowalutami i sprawiamy, \u017ce jest on dost\u0119pny, przyjemny i op\u0142acalny dla ka\u017cdego.","breadcrumb":{"@id":"https:\/\/token-tact.org\/pl\/o-nas\/#breadcrumb"},"inLanguage":"pl-PL","potentialAction":[{"@type":"ReadAction","target":["https:\/\/token-tact.org\/pl\/o-nas\/"]}]},{"@type":"ImageObject","inLanguage":"pl-PL","@id":"https:\/\/token-tact.org\/pl\/o-nas\/#primaryimage","url":"https:\/\/token-tact.org\/wp-content\/uploads\/2024\/01\/Revenue-bro-1-1.png","contentUrl":"https:\/\/token-tact.org\/wp-content\/uploads\/2024\/01\/Revenue-bro-1-1.png"},{"@type":"BreadcrumbList","@id":"https:\/\/token-tact.org\/pl\/o-nas\/#breadcrumb","itemListElement":[{"@type":"ListItem","position":1,"name":"Token Tact","item":"https:\/\/token-tact.org\/pl\/"},{"@type":"ListItem","position":2,"name":"O nas"}]},{"@type":"WebSite","@id":"https:\/\/token-tact.org\/#website","url":"https:\/\/token-tact.org\/","name":"Token Tact - Best AI crypto trading bot","description":"","publisher":{"@id":"https:\/\/token-tact.org\/#organization"},"alternateName":"Token Tact","potentialAction":[{"@type":"SearchAction","target":{"@type":"EntryPoint","urlTemplate":"https:\/\/token-tact.org\/?s={search_term_string}"},"query-input":"required name=search_term_string"}],"inLanguage":"pl-PL"},{"@type":"Organization","@id":"https:\/\/token-tact.org\/#organization","name":"Token Tact","url":"https:\/\/token-tact.org\/","logo":{"@type":"ImageObject","inLanguage":"pl-PL","@id":"https:\/\/token-tact.org\/#\/schema\/logo\/image\/","url":"https:\/\/token-tact.org\/wp-content\/uploads\/2025\/02\/logo.svg","contentUrl":"https:\/\/token-tact.org\/wp-content\/uploads\/2025\/02\/logo.svg","caption":"Token Tact"},"image":{"@id":"https:\/\/token-tact.org\/#\/schema\/logo\/image\/"}}]}},"_links":{"self":[{"href":"https:\/\/token-tact.org\/pl\/wp-json\/wp\/v2\/pages\/474","targetHints":{"allow":["GET"]}}],"collection":[{"href":"https:\/\/token-tact.org\/pl\/wp-json\/wp\/v2\/pages"}],"about":[{"href":"https:\/\/token-tact.org\/pl\/wp-json\/wp\/v2\/types\/page"}],"author":[{"embeddable":true,"href":"https:\/\/token-tact.org\/pl\/wp-json\/wp\/v2\/users\/1"}],"replies":[{"embeddable":true,"href":"https:\/\/token-tact.org\/pl\/wp-json\/wp\/v2\/comments?post=474"}],"version-history":[{"count":0,"href":"https:\/\/token-tact.org\/pl\/wp-json\/wp\/v2\/pages\/474\/revisions"}],"wp:attachment":[{"href":"https:\/\/token-tact.org\/pl\/wp-json\/wp\/v2\/media?parent=474"}],"curies":[{"name":"wp","href":"https:\/\/api.w.org\/{rel}","templated":true}]}}