{"id":1213,"date":"2024-01-29T09:54:00","date_gmt":"2024-01-29T09:54:00","guid":{"rendered":"https:\/\/token-tact.org\/om-oss\/"},"modified":"2024-07-03T12:40:18","modified_gmt":"2024-07-03T12:40:18","slug":"om-oss","status":"publish","type":"page","link":"https:\/\/token-tact.org\/no\/om-oss\/","title":{"rendered":"Om oss"},"content":{"rendered":"\n<div class=\"wp-block-group alignfull has-tertiary-background-color has-background is-layout-constrained wp-container-core-group-is-layout-13138de1 wp-block-group-is-layout-constrained\" style=\"padding-top:var(--wp--preset--spacing--xx-large);padding-bottom:var(--wp--preset--spacing--xx-large)\">\n<div class=\"wp-block-group alignwide is-layout-constrained wp-block-group-is-layout-constrained\">\n<h2 class=\"wp-block-heading has-text-align-center has-heading-color has-text-color\">V\u00e5r misjon og visjon  <\/h2>\n\n\n\n<p class=\"has-text-align-center\">Velkommen til Token Tact, der innovasjon m\u00f8ter fremragende handel med kryptovaluta. V\u00e5r misjon i Token Tact er \u00e5 styrke enkeltindivider ved \u00e5 tilby dem en banebrytende bot og plattform for kryptovalutahandel. Vi ser for oss en fremtid der kryptohandel ikke bare er en nisje for eksperter, men en tilgjengelig og givende aktivitet for alle.<\/p>\n<\/div>\n\n\n\n<div class=\"wp-block-columns alignwide is-layout-flex wp-container-core-columns-is-layout-398b3aa3 wp-block-columns-is-layout-flex\">\n<div class=\"wp-block-column is-layout-flow wp-block-column-is-layout-flow\">\n<figure class=\"wp-block-image size-full is-resized has-custom-border\"><img loading=\"lazy\" decoding=\"async\" width=\"2000\" height=\"2000\" src=\"https:\/\/token-tact.org\/wp-content\/uploads\/2024\/01\/Revenue-bro-1-1.png\" alt=\"Token Tact krypto\" class=\"wp-image-33\" style=\"border-radius:8px;width:423px;height:auto\" srcset=\"https:\/\/token-tact.org\/wp-content\/uploads\/2024\/01\/Revenue-bro-1-1.png 2000w, https:\/\/token-tact.org\/wp-content\/uploads\/2024\/01\/Revenue-bro-1-1-300x300.png 300w, https:\/\/token-tact.org\/wp-content\/uploads\/2024\/01\/Revenue-bro-1-1TokenTact-1024x1024.png 1024w, https:\/\/token-tact.org\/wp-content\/uploads\/2024\/01\/Revenue-bro-1-1-150x150.png 150w, https:\/\/token-tact.org\/wp-content\/uploads\/2024\/01\/Revenue-bro-1-1-768x768.png 768w, https:\/\/token-tact.org\/wp-content\/uploads\/2024\/01\/Revenue-bro-1-1-1536x1536.png 1536w\" sizes=\"auto, (max-width: 2000px) 100vw, 2000px\" \/><\/figure>\n<\/div>\n\n\n\n<div class=\"wp-block-column is-vertically-aligned-center is-layout-flow wp-block-column-is-layout-flow\">\n<div class=\"wp-block-group is-layout-constrained wp-container-core-group-is-layout-63b154dc wp-block-group-is-layout-constrained\" style=\"padding-right:var(--wp--preset--spacing--x-small);padding-left:var(--wp--preset--spacing--medium)\">\n<p class=\"has-x-small-font-size\" style=\"letter-spacing:2px\">01<\/p>\n\n\n\n<h4 class=\"wp-block-heading has-heading-color has-text-color\">V\u00e5r visjon<\/h4>\n\n\n\n<p>Som stolte eiere av Token Tact er vi opptatt av \u00e5 revolusjonere kryptohandelslandskapet. V\u00e5r f\u00f8rsteh\u00e5ndserfaring fra kryptovalutaverdenen gj\u00f8r at vi forst\u00e5r utfordringene tradere st\u00e5r overfor, fra komplekse markedsanalyser til tidkrevende manuell handel.<\/p>\n\n\n\n<p>I tr\u00e5d med v\u00e5r ekspertise har vi utviklet Token Tact som en l\u00f8sning som forenkler og forbedrer opplevelsen av kryptohandel. V\u00e5r visjon er \u00e5 bygge bro mellom erfarne tradere og nybegynnere ved \u00e5 tilby en plattform som passer for alle niv\u00e5er av ekspertise.<\/p>\n<\/div>\n<\/div>\n<\/div>\n\n\n\n<div class=\"wp-block-columns alignwide is-layout-flex wp-container-core-columns-is-layout-28f84493 wp-block-columns-is-layout-flex\">\n<div class=\"wp-block-column is-vertically-aligned-center is-layout-flow wp-block-column-is-layout-flow\">\n<div class=\"wp-block-group is-layout-constrained wp-container-core-group-is-layout-8081e35e wp-block-group-is-layout-constrained\" style=\"padding-right:var(--wp--preset--spacing--x-small);padding-left:var(--wp--preset--spacing--medium)\">\n<p class=\"has-x-small-font-size\" style=\"letter-spacing:2px\">02<\/p>\n\n\n\n<h4 class=\"wp-block-heading has-heading-color has-text-color\">Samfunnet v\u00e5rt<\/h4>\n\n\n\n<p>Hos Token Tact forst\u00e5r vi hvor viktig det er \u00e5 skape et levende og st\u00f8ttende fellesskap. Unders\u00f8kelsen v\u00e5r viste at et velfungerende fellesskap ikke bare handler om \u00e5 dele innsikt, men ogs\u00e5 om \u00e5 skape et sted der tradere kan komme i kontakt med hverandre, l\u00e6re og vokse sammen.<\/p>\n\n\n\n<p><strong>Kobler sammen forhandlere globalt<\/strong><\/p>\n\n\n\n<p>Funnene v\u00e5re viser at styrken i et handelssamfunn ligger i mangfoldet og den delte kunnskapen. Token Tact samler tradere fra hele verden og skaper et dynamisk nettverk der ideer flyter fritt. Gjennom v\u00e5r praktiske kunnskap har vi implementert funksjoner som gj\u00f8r det enklere \u00e5 kommunisere og samarbeide, slik at Token Tact ikke bare er en plattform, men et samfunnsnav.<\/p>\n\n\n\n<p><strong>L\u00e6re sammen<\/strong><\/p>\n\n\n\n<p>Gjennom pr\u00f8ving og feiling har vi l\u00e6rt at kontinuerlig l\u00e6ring er avgj\u00f8rende i den raske kryptovalutaverdenen. Plattformen v\u00e5r tilbyr oppl\u00e6ringsressurser, markedsanalyser og interaktive diskusjoner for \u00e5 sikre at medlemmene v\u00e5re holder seg informert og tar veloverveide beslutninger.<\/p>\n<\/div>\n<\/div>\n\n\n\n<div class=\"wp-block-column is-layout-flow wp-block-column-is-layout-flow\">\n<figure class=\"wp-block-image size-full is-resized has-custom-border\"><img loading=\"lazy\" decoding=\"async\" width=\"2000\" height=\"2000\" src=\"https:\/\/token-tact.org\/wp-content\/uploads\/2024\/01\/TokenTact-bot.png\" alt=\"-handel\" class=\"wp-image-31\" style=\"border-radius:8px;width:667px;height:auto\" srcset=\"https:\/\/token-tact.org\/wp-content\/uploads\/2024\/01\/TokenTact-bot.png 2000w, https:\/\/token-tact.org\/wp-content\/uploads\/2024\/01\/TokenTact-bot-300x300.png 300w, https:\/\/token-tact.org\/wp-content\/uploads\/2024\/01\/TokenTact-bot-1024x1024.png 1024w, https:\/\/token-tact.org\/wp-content\/uploads\/2024\/01\/TokenTact-bot-150x150.png 150w, https:\/\/token-tact.org\/wp-content\/uploads\/2024\/01\/TokenTact-bot-768x768.png 768w, https:\/\/token-tact.org\/wp-content\/uploads\/2024\/01\/TokenTact-bot-1536x1536.png 1536w\" sizes=\"auto, (max-width: 2000px) 100vw, 2000px\" \/><\/figure>\n<\/div>\n<\/div>\n\n\n\n<div class=\"wp-block-columns alignwide is-layout-flex wp-container-core-columns-is-layout-398b3aa3 wp-block-columns-is-layout-flex\">\n<div class=\"wp-block-column is-layout-flow wp-block-column-is-layout-flow\">\n<figure class=\"wp-block-image size-full is-resized has-custom-border\"><img loading=\"lazy\" decoding=\"async\" width=\"2000\" height=\"2000\" src=\"https:\/\/token-tact.org\/wp-content\/uploads\/2024\/01\/TokenTact-trade.png\" alt=\"Token Tact\" class=\"wp-image-29\" style=\"border-radius:8px;width:458px;height:auto\" srcset=\"https:\/\/token-tact.org\/wp-content\/uploads\/2024\/01\/TokenTact-trade.png 2000w, https:\/\/token-tact.org\/wp-content\/uploads\/2024\/01\/TokenTact-trade-300x300.png 300w, https:\/\/token-tact.org\/wp-content\/uploads\/2024\/01\/TokenTact-trade-1024x1024.png 1024w, https:\/\/token-tact.org\/wp-content\/uploads\/2024\/01\/TokenTact-trade-150x150.png 150w, https:\/\/token-tact.org\/wp-content\/uploads\/2024\/01\/TokenTact-trade-768x768.png 768w, https:\/\/token-tact.org\/wp-content\/uploads\/2024\/01\/TokenTact-trade-1536x1536.png 1536w\" sizes=\"auto, (max-width: 2000px) 100vw, 2000px\" \/><\/figure>\n<\/div>\n\n\n\n<div class=\"wp-block-column is-vertically-aligned-center is-layout-flow wp-block-column-is-layout-flow\">\n<div class=\"wp-block-group is-layout-constrained wp-container-core-group-is-layout-63b154dc wp-block-group-is-layout-constrained\" style=\"padding-right:var(--wp--preset--spacing--x-small);padding-left:var(--wp--preset--spacing--medium)\">\n<p class=\"has-x-small-font-size\" style=\"letter-spacing:2px\">03<\/p>\n\n\n\n<h4 class=\"wp-block-heading has-heading-color has-text-color\">V\u00e5r forpliktelse<\/h4>\n\n\n\n<p>Token Tact er ikke bare en plattform, men ogs\u00e5 en forpliktelse til fremragende kvalitet og integritet innen kryptohandel. V\u00e5rt engasjement strekker seg til alle aspekter av plattformen v\u00e5r, slik at brukerne f\u00e5r en s\u00f8ml\u00f8s og sikker handelsopplevelse.<\/p>\n\n\n\n<p><strong>\u00c5penhet og sikkerhet<\/strong><\/p>\n\n\n\n<p>Som eiere av Token Tact prioriterer vi \u00e5penhet og sikkerhet. V\u00e5r forpliktelse til disse prinsippene gjenspeiles i tiltakene vi har iverksatt for \u00e5 beskytte brukerdata og eiendeler. Vi tror p\u00e5 at man gj\u00f8r seg fortjent til tillit gjennom \u00e5penhet og omhu, og vi streber etter \u00e5 opprettholde de h\u00f8yeste standardene i bransjen.<\/p>\n<\/div>\n<\/div>\n<\/div>\n<\/div>\n\n<div class=\"wp-block-group alignfull is-layout-constrained wp-container-core-group-is-layout-fa72c8b5 wp-block-group-is-layout-constrained\" style=\"padding-top:var(--wp--preset--spacing--x-large);padding-bottom:var(--wp--preset--spacing--x-large)\">\n<div class=\"wp-block-columns alignwide is-layout-flex wp-container-core-columns-is-layout-00f84694 wp-block-columns-is-layout-flex\"><\/div>\n<\/div>\n","protected":false},"excerpt":{"rendered":"<p>V\u00e5r misjon og visjon Velkommen til Token Tact, der innovasjon m\u00f8ter fremragende handel med kryptovaluta. V\u00e5r misjon i Token Tact [&hellip;]<\/p>\n","protected":false},"author":1,"featured_media":0,"parent":0,"menu_order":0,"comment_status":"closed","ping_status":"closed","template":"","meta":{"_acf_changed":false,"_monsterinsights_skip_tracking":false,"_monsterinsights_sitenote_active":false,"_monsterinsights_sitenote_note":"","_monsterinsights_sitenote_category":0,"site-sidebar-layout":"default","site-content-layout":"","ast-site-content-layout":"","site-content-style":"default","site-sidebar-style":"default","ast-global-header-display":"","ast-banner-title-visibility":"","ast-main-header-display":"","ast-hfb-above-header-display":"","ast-hfb-below-header-display":"","ast-hfb-mobile-header-display":"","site-post-title":"disabled","ast-breadcrumbs-content":"","ast-featured-img":"","footer-sml-layout":"","theme-transparent-header-meta":"","adv-header-id-meta":"","stick-header-meta":"","header-above-stick-meta":"","header-main-stick-meta":"","header-below-stick-meta":"","astra-migrate-meta-layouts":"default","ast-page-background-enabled":"default","ast-page-background-meta":{"desktop":{"background-color":"var(--ast-global-color-4)","background-image":"","background-repeat":"repeat","background-position":"center center","background-size":"auto","background-attachment":"scroll","background-type":"","background-media":"","overlay-type":"","overlay-color":"","overlay-opacity":"","overlay-gradient":""},"tablet":{"background-color":"","background-image":"","background-repeat":"repeat","background-position":"center center","background-size":"auto","background-attachment":"scroll","background-type":"","background-media":"","overlay-type":"","overlay-color":"","overlay-opacity":"","overlay-gradient":""},"mobile":{"background-color":"","background-image":"","background-repeat":"repeat","background-position":"center center","background-size":"auto","background-attachment":"scroll","background-type":"","background-media":"","overlay-type":"","overlay-color":"","overlay-opacity":"","overlay-gradient":""}},"ast-content-background-meta":{"desktop":{"background-color":"var(--ast-global-color-5)","background-image":"","background-repeat":"repeat","background-position":"center center","background-size":"auto","background-attachment":"scroll","background-type":"","background-media":"","overlay-type":"","overlay-color":"","overlay-opacity":"","overlay-gradient":""},"tablet":{"background-color":"var(--ast-global-color-5)","background-image":"","background-repeat":"repeat","background-position":"center center","background-size":"auto","background-attachment":"scroll","background-type":"","background-media":"","overlay-type":"","overlay-color":"","overlay-opacity":"","overlay-gradient":""},"mobile":{"background-color":"var(--ast-global-color-5)","background-image":"","background-repeat":"repeat","background-position":"center center","background-size":"auto","background-attachment":"scroll","background-type":"","background-media":"","overlay-type":"","overlay-color":"","overlay-opacity":"","overlay-gradient":""}},"footnotes":""},"class_list":["post-1213","page","type-page","status-publish","hentry"],"acf":[],"yoast_head":"<!-- This site is optimized with the Yoast SEO plugin v22.7 - https:\/\/yoast.com\/wordpress\/plugins\/seo\/ -->\n<title>Om oss &#187; Official Website<\/title>\n<meta name=\"description\" content=\"Token Tact er ikke bare en plattform - det er en reise vi begir oss ut p\u00e5 sammen med samfunnet v\u00e5rt. Bli med oss n\u00e5r vi omdefinerer kryptohandel og gj\u00f8r det tilgjengelig, morsomt og l\u00f8nnsomt for alle.\" \/>\n<meta name=\"robots\" content=\"index, follow, max-snippet:-1, max-image-preview:large, max-video-preview:-1\" \/>\n<link rel=\"canonical\" href=\"https:\/\/token-tact.org\/no\/om-oss\/\" \/>\n<meta property=\"og:locale\" content=\"nb_NO\" \/>\n<meta property=\"og:type\" content=\"article\" \/>\n<meta property=\"og:title\" content=\"Om oss &#187; Official Website\" \/>\n<meta property=\"og:description\" content=\"Token Tact er ikke bare en plattform - det er en reise vi begir oss ut p\u00e5 sammen med samfunnet v\u00e5rt. Bli med oss n\u00e5r vi omdefinerer kryptohandel og gj\u00f8r det tilgjengelig, morsomt og l\u00f8nnsomt for alle.\" \/>\n<meta property=\"og:url\" content=\"https:\/\/token-tact.org\/no\/om-oss\/\" \/>\n<meta property=\"article:modified_time\" content=\"2024-07-03T12:40:18+00:00\" \/>\n<meta property=\"og:image\" content=\"https:\/\/token-tact.org\/wp-content\/uploads\/2024\/01\/Revenue-bro-1-1.png\" \/>\n<meta name=\"twitter:card\" content=\"summary_large_image\" \/>\n<meta name=\"twitter:label1\" content=\"Ansl. lesetid\" \/>\n\t<meta name=\"twitter:data1\" content=\"2 minutter\" \/>\n<script type=\"application\/ld+json\" class=\"yoast-schema-graph\">{\"@context\":\"https:\/\/schema.org\",\"@graph\":[{\"@type\":\"WebPage\",\"@id\":\"https:\/\/token-tact.org\/no\/om-oss\/\",\"url\":\"https:\/\/token-tact.org\/no\/om-oss\/\",\"name\":\"Om oss &#187; Official Website\",\"isPartOf\":{\"@id\":\"https:\/\/token-tact.org\/#website\"},\"primaryImageOfPage\":{\"@id\":\"https:\/\/token-tact.org\/no\/om-oss\/#primaryimage\"},\"image\":{\"@id\":\"https:\/\/token-tact.org\/no\/om-oss\/#primaryimage\"},\"thumbnailUrl\":\"https:\/\/token-tact.org\/wp-content\/uploads\/2024\/01\/Revenue-bro-1-1.png\",\"datePublished\":\"2024-01-29T09:54:00+00:00\",\"dateModified\":\"2024-07-03T12:40:18+00:00\",\"description\":\"Token Tact er ikke bare en plattform - det er en reise vi begir oss ut p\u00e5 sammen med samfunnet v\u00e5rt. Bli med oss n\u00e5r vi omdefinerer kryptohandel og gj\u00f8r det tilgjengelig, morsomt og l\u00f8nnsomt for alle.\",\"breadcrumb\":{\"@id\":\"https:\/\/token-tact.org\/no\/om-oss\/#breadcrumb\"},\"inLanguage\":\"nb-NO\",\"potentialAction\":[{\"@type\":\"ReadAction\",\"target\":[\"https:\/\/token-tact.org\/no\/om-oss\/\"]}]},{\"@type\":\"ImageObject\",\"inLanguage\":\"nb-NO\",\"@id\":\"https:\/\/token-tact.org\/no\/om-oss\/#primaryimage\",\"url\":\"https:\/\/token-tact.org\/wp-content\/uploads\/2024\/01\/Revenue-bro-1-1.png\",\"contentUrl\":\"https:\/\/token-tact.org\/wp-content\/uploads\/2024\/01\/Revenue-bro-1-1.png\"},{\"@type\":\"BreadcrumbList\",\"@id\":\"https:\/\/token-tact.org\/no\/om-oss\/#breadcrumb\",\"itemListElement\":[{\"@type\":\"ListItem\",\"position\":1,\"name\":\"Token Tact\",\"item\":\"https:\/\/token-tact.org\/no\/\"},{\"@type\":\"ListItem\",\"position\":2,\"name\":\"Om oss\"}]},{\"@type\":\"WebSite\",\"@id\":\"https:\/\/token-tact.org\/#website\",\"url\":\"https:\/\/token-tact.org\/\",\"name\":\"Token Tact - Best AI crypto trading bot\",\"description\":\"\",\"publisher\":{\"@id\":\"https:\/\/token-tact.org\/#organization\"},\"alternateName\":\"Token Tact\",\"potentialAction\":[{\"@type\":\"SearchAction\",\"target\":{\"@type\":\"EntryPoint\",\"urlTemplate\":\"https:\/\/token-tact.org\/?s={search_term_string}\"},\"query-input\":\"required name=search_term_string\"}],\"inLanguage\":\"nb-NO\"},{\"@type\":\"Organization\",\"@id\":\"https:\/\/token-tact.org\/#organization\",\"name\":\"Token Tact\",\"url\":\"https:\/\/token-tact.org\/\",\"logo\":{\"@type\":\"ImageObject\",\"inLanguage\":\"nb-NO\",\"@id\":\"https:\/\/token-tact.org\/#\/schema\/logo\/image\/\",\"url\":\"https:\/\/token-tact.org\/wp-content\/uploads\/2025\/02\/logo.svg\",\"contentUrl\":\"https:\/\/token-tact.org\/wp-content\/uploads\/2025\/02\/logo.svg\",\"caption\":\"Token Tact\"},\"image\":{\"@id\":\"https:\/\/token-tact.org\/#\/schema\/logo\/image\/\"}}]}<\/script>\n<!-- \/ Yoast SEO plugin. -->","yoast_head_json":{"title":"Om oss &#187; Official Website","description":"Token Tact er ikke bare en plattform - det er en reise vi begir oss ut p\u00e5 sammen med samfunnet v\u00e5rt. Bli med oss n\u00e5r vi omdefinerer kryptohandel og gj\u00f8r det tilgjengelig, morsomt og l\u00f8nnsomt for alle.","robots":{"index":"index","follow":"follow","max-snippet":"max-snippet:-1","max-image-preview":"max-image-preview:large","max-video-preview":"max-video-preview:-1"},"canonical":"https:\/\/token-tact.org\/no\/om-oss\/","og_locale":"nb_NO","og_type":"article","og_title":"Om oss &#187; Official Website","og_description":"Token Tact er ikke bare en plattform - det er en reise vi begir oss ut p\u00e5 sammen med samfunnet v\u00e5rt. Bli med oss n\u00e5r vi omdefinerer kryptohandel og gj\u00f8r det tilgjengelig, morsomt og l\u00f8nnsomt for alle.","og_url":"https:\/\/token-tact.org\/no\/om-oss\/","article_modified_time":"2024-07-03T12:40:18+00:00","og_image":[{"url":"https:\/\/token-tact.org\/wp-content\/uploads\/2024\/01\/Revenue-bro-1-1.png"}],"twitter_card":"summary_large_image","twitter_misc":{"Ansl. lesetid":"2 minutter"},"schema":{"@context":"https:\/\/schema.org","@graph":[{"@type":"WebPage","@id":"https:\/\/token-tact.org\/no\/om-oss\/","url":"https:\/\/token-tact.org\/no\/om-oss\/","name":"Om oss &#187; Official Website","isPartOf":{"@id":"https:\/\/token-tact.org\/#website"},"primaryImageOfPage":{"@id":"https:\/\/token-tact.org\/no\/om-oss\/#primaryimage"},"image":{"@id":"https:\/\/token-tact.org\/no\/om-oss\/#primaryimage"},"thumbnailUrl":"https:\/\/token-tact.org\/wp-content\/uploads\/2024\/01\/Revenue-bro-1-1.png","datePublished":"2024-01-29T09:54:00+00:00","dateModified":"2024-07-03T12:40:18+00:00","description":"Token Tact er ikke bare en plattform - det er en reise vi begir oss ut p\u00e5 sammen med samfunnet v\u00e5rt. Bli med oss n\u00e5r vi omdefinerer kryptohandel og gj\u00f8r det tilgjengelig, morsomt og l\u00f8nnsomt for alle.","breadcrumb":{"@id":"https:\/\/token-tact.org\/no\/om-oss\/#breadcrumb"},"inLanguage":"nb-NO","potentialAction":[{"@type":"ReadAction","target":["https:\/\/token-tact.org\/no\/om-oss\/"]}]},{"@type":"ImageObject","inLanguage":"nb-NO","@id":"https:\/\/token-tact.org\/no\/om-oss\/#primaryimage","url":"https:\/\/token-tact.org\/wp-content\/uploads\/2024\/01\/Revenue-bro-1-1.png","contentUrl":"https:\/\/token-tact.org\/wp-content\/uploads\/2024\/01\/Revenue-bro-1-1.png"},{"@type":"BreadcrumbList","@id":"https:\/\/token-tact.org\/no\/om-oss\/#breadcrumb","itemListElement":[{"@type":"ListItem","position":1,"name":"Token Tact","item":"https:\/\/token-tact.org\/no\/"},{"@type":"ListItem","position":2,"name":"Om oss"}]},{"@type":"WebSite","@id":"https:\/\/token-tact.org\/#website","url":"https:\/\/token-tact.org\/","name":"Token Tact - Best AI crypto trading bot","description":"","publisher":{"@id":"https:\/\/token-tact.org\/#organization"},"alternateName":"Token Tact","potentialAction":[{"@type":"SearchAction","target":{"@type":"EntryPoint","urlTemplate":"https:\/\/token-tact.org\/?s={search_term_string}"},"query-input":"required name=search_term_string"}],"inLanguage":"nb-NO"},{"@type":"Organization","@id":"https:\/\/token-tact.org\/#organization","name":"Token Tact","url":"https:\/\/token-tact.org\/","logo":{"@type":"ImageObject","inLanguage":"nb-NO","@id":"https:\/\/token-tact.org\/#\/schema\/logo\/image\/","url":"https:\/\/token-tact.org\/wp-content\/uploads\/2025\/02\/logo.svg","contentUrl":"https:\/\/token-tact.org\/wp-content\/uploads\/2025\/02\/logo.svg","caption":"Token Tact"},"image":{"@id":"https:\/\/token-tact.org\/#\/schema\/logo\/image\/"}}]}},"_links":{"self":[{"href":"https:\/\/token-tact.org\/no\/wp-json\/wp\/v2\/pages\/1213","targetHints":{"allow":["GET"]}}],"collection":[{"href":"https:\/\/token-tact.org\/no\/wp-json\/wp\/v2\/pages"}],"about":[{"href":"https:\/\/token-tact.org\/no\/wp-json\/wp\/v2\/types\/page"}],"author":[{"embeddable":true,"href":"https:\/\/token-tact.org\/no\/wp-json\/wp\/v2\/users\/1"}],"replies":[{"embeddable":true,"href":"https:\/\/token-tact.org\/no\/wp-json\/wp\/v2\/comments?post=1213"}],"version-history":[{"count":0,"href":"https:\/\/token-tact.org\/no\/wp-json\/wp\/v2\/pages\/1213\/revisions"}],"wp:attachment":[{"href":"https:\/\/token-tact.org\/no\/wp-json\/wp\/v2\/media?parent=1213"}],"curies":[{"name":"wp","href":"https:\/\/api.w.org\/{rel}","templated":true}]}}