{"id":470,"date":"2024-01-29T09:54:00","date_gmt":"2024-01-29T09:54:00","guid":{"rendered":"https:\/\/token-tact.org\/rolunk\/"},"modified":"2024-02-12T15:20:42","modified_gmt":"2024-02-12T15:20:42","slug":"rolunk","status":"publish","type":"page","link":"https:\/\/token-tact.org\/hu\/rolunk\/","title":{"rendered":"R\u00f3lunk"},"content":{"rendered":"\n<div class=\"wp-block-group alignfull has-tertiary-background-color has-background is-layout-constrained wp-container-core-group-is-layout-13138de1 wp-block-group-is-layout-constrained\" style=\"padding-top:var(--wp--preset--spacing--xx-large);padding-bottom:var(--wp--preset--spacing--xx-large)\">\n<div class=\"wp-block-group alignwide is-layout-constrained wp-block-group-is-layout-constrained\">\n<h2 class=\"wp-block-heading has-text-align-center has-heading-color has-text-color\">K\u00fcldet\u00e9s\u00fcnk \u00e9s j\u00f6v\u0151k\u00e9p\u00fcnk<\/h2>\n\n\n\n<p class=\"has-text-align-center\">\u00dcdv\u00f6z\u00f6lj\u00fck a Token Tact oldal\u00e1n, ahol az innov\u00e1ci\u00f3 tal\u00e1lkozik a kriptovaluta keresked\u00e9si kiv\u00e1l\u00f3s\u00e1ggal. A Token Tactn\u00e1l az a k\u00fcldet\u00e9s\u00fcnk, hogy egy \u00e9lvonalbeli kriptovaluta keresked\u00e9si robotot \u00e9s platformot biztos\u00edtsunk az egy\u00e9nek sz\u00e1m\u00e1ra. Olyan j\u00f6v\u0151t k\u00e9pzel\u00fcnk el, ahol a kriptokeresked\u00e9s nem csak a szak\u00e9rt\u0151k r\u00e9se, hanem mindenki sz\u00e1m\u00e1ra el\u00e9rhet\u0151 \u00e9s kifizet\u0151d\u0151 v\u00e1llalkoz\u00e1s.<\/p>\n<\/div>\n\n\n\n<div class=\"wp-block-columns alignwide is-layout-flex wp-container-core-columns-is-layout-398b3aa3 wp-block-columns-is-layout-flex\">\n<div class=\"wp-block-column is-layout-flow wp-block-column-is-layout-flow\">\n<figure class=\"wp-block-image size-full is-resized has-custom-border\"><img loading=\"lazy\" decoding=\"async\" width=\"2000\" height=\"2000\" src=\"https:\/\/token-tact.org\/wp-content\/uploads\/2024\/01\/Revenue-bro-1-1.png\" alt=\"Token Tact kriptogr\u00e1fia\" class=\"wp-image-33\" style=\"border-radius:8px;width:423px;height:auto\" srcset=\"https:\/\/token-tact.org\/wp-content\/uploads\/2024\/01\/Revenue-bro-1-1.png 2000w, https:\/\/token-tact.org\/wp-content\/uploads\/2024\/01\/Revenue-bro-1-1-300x300.png 300w, https:\/\/token-tact.org\/wp-content\/uploads\/2024\/01\/Revenue-bro-1-1TokenTact-1024x1024.png 1024w, https:\/\/token-tact.org\/wp-content\/uploads\/2024\/01\/Revenue-bro-1-1-150x150.png 150w, https:\/\/token-tact.org\/wp-content\/uploads\/2024\/01\/Revenue-bro-1-1-768x768.png 768w, https:\/\/token-tact.org\/wp-content\/uploads\/2024\/01\/Revenue-bro-1-1-1536x1536.png 1536w\" sizes=\"auto, (max-width: 2000px) 100vw, 2000px\" \/><\/figure>\n<\/div>\n\n\n\n<div class=\"wp-block-column is-vertically-aligned-center is-layout-flow wp-block-column-is-layout-flow\">\n<div class=\"wp-block-group is-layout-constrained wp-container-core-group-is-layout-63b154dc wp-block-group-is-layout-constrained\" style=\"padding-right:var(--wp--preset--spacing--x-small);padding-left:var(--wp--preset--spacing--medium)\">\n<p class=\"has-x-small-font-size\" style=\"letter-spacing:2px\">01<\/p>\n\n\n\n<h4 class=\"wp-block-heading has-heading-color has-text-color\">A l\u00e1tom\u00e1sunk<\/h4>\n\n\n\n<p>A Token Tact b\u00fcszke tulajdonosaik\u00e9nt elk\u00f6telezettek vagyunk a kriptokereskedelem forradalmas\u00edt\u00e1sa mellett. A kriptovalut\u00e1k vil\u00e1g\u00e1ban szerzett els\u0151 k\u00e9zb\u0151l szerzett tapasztalataink r\u00e9v\u00e9n meg\u00e9rtj\u00fck azokat a kih\u00edv\u00e1sokat, amelyekkel a keresked\u0151k szembes\u00fclnek, a piacelemz\u00e9s bonyolults\u00e1g\u00e1t\u00f3l a k\u00e9zi keresked\u00e9s id\u0151ig\u00e9nyes term\u00e9szet\u00e9ig.<\/p>\n\n\n\n<p>Szak\u00e9rtelm\u00fcnknek megfelel\u0151en a -ot \u00fagy fejlesztett\u00fck ki, hogy ez az a megold\u00e1s, amely leegyszer\u0171s\u00edti \u00e9s jav\u00edtja a kriptokeresked\u00e9si \u00e9lm\u00e9nyt. C\u00e9lunk, hogy \u00e1thidaljuk a szakad\u00e9kot a tapasztalt keresked\u0151k \u00e9s a kezd\u0151k k\u00f6z\u00f6tt, olyan platformot biztos\u00edtva, amely a szak\u00e9rtelem minden szintj\u00e9t kiel\u00e9g\u00edti.<\/p>\n<\/div>\n<\/div>\n<\/div>\n\n\n\n<div class=\"wp-block-columns alignwide is-layout-flex wp-container-core-columns-is-layout-28f84493 wp-block-columns-is-layout-flex\">\n<div class=\"wp-block-column is-vertically-aligned-center is-layout-flow wp-block-column-is-layout-flow\">\n<div class=\"wp-block-group is-layout-constrained wp-container-core-group-is-layout-8081e35e wp-block-group-is-layout-constrained\" style=\"padding-right:var(--wp--preset--spacing--x-small);padding-left:var(--wp--preset--spacing--medium)\">\n<p class=\"has-x-small-font-size\" style=\"letter-spacing:2px\">02<\/p>\n\n\n\n<h4 class=\"wp-block-heading has-heading-color has-text-color\">A k\u00f6z\u00f6ss\u00e9g\u00fcnk<\/h4>\n\n\n\n<p>A Token Tactn\u00e1l meg\u00e9rtj\u00fck az \u00e9l\u00e9nk \u00e9s t\u00e1mogat\u00f3 k\u00f6z\u00f6ss\u00e9g el\u0151mozd\u00edt\u00e1s\u00e1nak fontoss\u00e1g\u00e1t. Vizsg\u00e1latunk bebizony\u00edtotta, hogy a vir\u00e1gz\u00f3 k\u00f6z\u00f6ss\u00e9g nem csup\u00e1n a megl\u00e1t\u00e1sok megoszt\u00e1s\u00e1r\u00f3l sz\u00f3l, hanem egy olyan t\u00e9r l\u00e9trehoz\u00e1s\u00e1r\u00f3l is, ahol a keresked\u0151k kapcsolatba l\u00e9phetnek egym\u00e1ssal, tanulhatnak \u00e9s egy\u00fctt fejl\u0151dhetnek.<\/p>\n\n\n\n<p>Keresked\u0151k \u00f6sszekapcsol\u00e1sa vil\u00e1gszerte<\/p>\n\n\n\n<p>Eredm\u00e9nyeink azt mutatj\u00e1k, hogy egy kereskedelmi k\u00f6z\u00f6ss\u00e9g ereje a soksz\u00edn\u0171s\u00e9gben \u00e9s a megosztott tud\u00e1sban rejlik. A Token Tact a vil\u00e1g minden t\u00e1j\u00e1r\u00f3l \u00f6sszehozza a keresked\u0151ket, \u00e9s egy dinamikus h\u00e1l\u00f3zatot hoz l\u00e9tre, ahol az \u00f6tletek szabadon \u00e1ramlanak. Gyakorlati tud\u00e1sunk r\u00e9v\u00e9n olyan funkci\u00f3kat val\u00f3s\u00edtottunk meg, amelyek megk\u00f6nny\u00edtik a kommunik\u00e1ci\u00f3t \u00e9s az egy\u00fcttm\u0171k\u00f6d\u00e9st, \u00edgy a Token Tact nem csup\u00e1n platform, hanem k\u00f6z\u00f6ss\u00e9gi k\u00f6zpont.<\/p>\n\n\n\n<p>Egy\u00fctt tanulni<\/p>\n\n\n\n<p>Pr\u00f3ba-hib\u00e1nk sor\u00e1n megtanultuk, hogy a folyamatos tanul\u00e1s elengedhetetlen a kriptovalut\u00e1k rohan\u00f3 vil\u00e1g\u00e1ban. Platformunk oktat\u00e1si forr\u00e1sokat, piaci elemz\u00e9seket \u00e9s interakt\u00edv megbesz\u00e9l\u00e9seket biztos\u00edt annak \u00e9rdek\u00e9ben, hogy k\u00f6z\u00f6ss\u00e9g\u00fcnk tagjai t\u00e1j\u00e9kozottak maradjanak, \u00e9s j\u00f3l t\u00e1j\u00e9kozott d\u00f6nt\u00e9seket hozzanak.<\/p>\n<\/div>\n<\/div>\n\n\n\n<div class=\"wp-block-column is-layout-flow wp-block-column-is-layout-flow\">\n<figure class=\"wp-block-image size-full is-resized has-custom-border\"><img loading=\"lazy\" decoding=\"async\" width=\"2000\" height=\"2000\" src=\"https:\/\/token-tact.org\/wp-content\/uploads\/2024\/01\/TokenTact-bot.png\" alt=\"Token Tact keresked\u00e9s\" class=\"wp-image-31\" style=\"border-radius:8px;width:667px;height:auto\" srcset=\"https:\/\/token-tact.org\/wp-content\/uploads\/2024\/01\/TokenTact-bot.png 2000w, https:\/\/token-tact.org\/wp-content\/uploads\/2024\/01\/TokenTact-bot-300x300.png 300w, https:\/\/token-tact.org\/wp-content\/uploads\/2024\/01\/TokenTact-bot-1024x1024.png 1024w, https:\/\/token-tact.org\/wp-content\/uploads\/2024\/01\/TokenTact-bot-150x150.png 150w, https:\/\/token-tact.org\/wp-content\/uploads\/2024\/01\/TokenTact-bot-768x768.png 768w, https:\/\/token-tact.org\/wp-content\/uploads\/2024\/01\/TokenTact-bot-1536x1536.png 1536w\" sizes=\"auto, (max-width: 2000px) 100vw, 2000px\" \/><\/figure>\n<\/div>\n<\/div>\n\n\n\n<div class=\"wp-block-columns alignwide is-layout-flex wp-container-core-columns-is-layout-398b3aa3 wp-block-columns-is-layout-flex\">\n<div class=\"wp-block-column is-layout-flow wp-block-column-is-layout-flow\">\n<figure class=\"wp-block-image size-full is-resized has-custom-border\"><img loading=\"lazy\" decoding=\"async\" width=\"2000\" height=\"2000\" src=\"https:\/\/token-tact.org\/wp-content\/uploads\/2024\/01\/TokenTact-trade.png\" alt=\"Token Tact\" class=\"wp-image-29\" style=\"border-radius:8px;width:458px;height:auto\" srcset=\"https:\/\/token-tact.org\/wp-content\/uploads\/2024\/01\/TokenTact-trade.png 2000w, https:\/\/token-tact.org\/wp-content\/uploads\/2024\/01\/TokenTact-trade-300x300.png 300w, https:\/\/token-tact.org\/wp-content\/uploads\/2024\/01\/TokenTact-trade-1024x1024.png 1024w, https:\/\/token-tact.org\/wp-content\/uploads\/2024\/01\/TokenTact-trade-150x150.png 150w, https:\/\/token-tact.org\/wp-content\/uploads\/2024\/01\/TokenTact-trade-768x768.png 768w, https:\/\/token-tact.org\/wp-content\/uploads\/2024\/01\/TokenTact-trade-1536x1536.png 1536w\" sizes=\"auto, (max-width: 2000px) 100vw, 2000px\" \/><\/figure>\n<\/div>\n\n\n\n<div class=\"wp-block-column is-vertically-aligned-center is-layout-flow wp-block-column-is-layout-flow\">\n<div class=\"wp-block-group is-layout-constrained wp-container-core-group-is-layout-63b154dc wp-block-group-is-layout-constrained\" style=\"padding-right:var(--wp--preset--spacing--x-small);padding-left:var(--wp--preset--spacing--medium)\">\n<p class=\"has-x-small-font-size\" style=\"letter-spacing:2px\">03<\/p>\n\n\n\n<h4 class=\"wp-block-heading has-heading-color has-text-color\">Elk\u00f6telezetts\u00e9g\u00fcnk<\/h4>\n\n\n\n<p>A Token Tact nem csak egy platform; ez egy elk\u00f6telezetts\u00e9g a kiv\u00e1l\u00f3s\u00e1g \u00e9s az integrit\u00e1s mellett a kriptokereskedelem vil\u00e1g\u00e1ban. Elk\u00f6telezetts\u00e9g\u00fcnk kiterjed platformunk minden aspektus\u00e1ra, biztos\u00edtva a felhaszn\u00e1l\u00f3k sz\u00e1m\u00e1ra a z\u00f6kken\u0151mentes \u00e9s biztons\u00e1gos keresked\u00e9si \u00e9lm\u00e9nyt.<\/p>\n\n\n\n<p>\u00c1tl\u00e1that\u00f3s\u00e1g \u00e9s biztons\u00e1g<\/p>\n\n\n\n<p>A Token Tact tulajdonosaik\u00e9nt kiemelten kezelj\u00fck az \u00e1tl\u00e1that\u00f3s\u00e1got \u00e9s a biztons\u00e1got. Ezen alapelvek ir\u00e1nti elk\u00f6telezetts\u00e9g\u00fcnket t\u00fckr\u00f6zik a felhaszn\u00e1l\u00f3i adatok \u00e9s eszk\u00f6z\u00f6k v\u00e9delme \u00e9rdek\u00e9ben v\u00e9grehajtott int\u00e9zked\u00e9sek. Hisz\u00fcnk abban, hogy a bizalmat nyitotts\u00e1ggal \u00e9s szorgalommal lehet ki\u00e9rdemelni, \u00e9s arra t\u00f6reksz\u00fcnk, hogy az ipar\u00e1g legmagasabb sz\u00ednvonal\u00e1t betartsuk.<\/p>\n<\/div>\n<\/div>\n<\/div>\n<\/div>\n\n\n\n<div class=\"wp-block-group alignfull is-layout-constrained wp-container-core-group-is-layout-fa72c8b5 wp-block-group-is-layout-constrained\" style=\"padding-top:var(--wp--preset--spacing--x-large);padding-bottom:var(--wp--preset--spacing--x-large)\"><\/div>\n","protected":false},"excerpt":{"rendered":"<p>K\u00fcldet\u00e9s\u00fcnk \u00e9s j\u00f6v\u0151k\u00e9p\u00fcnk \u00dcdv\u00f6z\u00f6lj\u00fck a Token Tact oldal\u00e1n, ahol az innov\u00e1ci\u00f3 tal\u00e1lkozik a kriptovaluta keresked\u00e9si kiv\u00e1l\u00f3s\u00e1ggal. A Token Tactn\u00e1l az [&hellip;]<\/p>\n","protected":false},"author":1,"featured_media":0,"parent":0,"menu_order":0,"comment_status":"closed","ping_status":"closed","template":"","meta":{"_acf_changed":false,"_monsterinsights_skip_tracking":false,"_monsterinsights_sitenote_active":false,"_monsterinsights_sitenote_note":"","_monsterinsights_sitenote_category":0,"site-sidebar-layout":"default","site-content-layout":"","ast-site-content-layout":"","site-content-style":"default","site-sidebar-style":"default","ast-global-header-display":"","ast-banner-title-visibility":"","ast-main-header-display":"","ast-hfb-above-header-display":"","ast-hfb-below-header-display":"","ast-hfb-mobile-header-display":"","site-post-title":"disabled","ast-breadcrumbs-content":"","ast-featured-img":"","footer-sml-layout":"","theme-transparent-header-meta":"","adv-header-id-meta":"","stick-header-meta":"","header-above-stick-meta":"","header-main-stick-meta":"","header-below-stick-meta":"","astra-migrate-meta-layouts":"default","ast-page-background-enabled":"default","ast-page-background-meta":{"desktop":{"background-color":"var(--ast-global-color-4)","background-image":"","background-repeat":"repeat","background-position":"center center","background-size":"auto","background-attachment":"scroll","background-type":"","background-media":"","overlay-type":"","overlay-color":"","overlay-opacity":"","overlay-gradient":""},"tablet":{"background-color":"","background-image":"","background-repeat":"repeat","background-position":"center center","background-size":"auto","background-attachment":"scroll","background-type":"","background-media":"","overlay-type":"","overlay-color":"","overlay-opacity":"","overlay-gradient":""},"mobile":{"background-color":"","background-image":"","background-repeat":"repeat","background-position":"center center","background-size":"auto","background-attachment":"scroll","background-type":"","background-media":"","overlay-type":"","overlay-color":"","overlay-opacity":"","overlay-gradient":""}},"ast-content-background-meta":{"desktop":{"background-color":"var(--ast-global-color-5)","background-image":"","background-repeat":"repeat","background-position":"center center","background-size":"auto","background-attachment":"scroll","background-type":"","background-media":"","overlay-type":"","overlay-color":"","overlay-opacity":"","overlay-gradient":""},"tablet":{"background-color":"var(--ast-global-color-5)","background-image":"","background-repeat":"repeat","background-position":"center center","background-size":"auto","background-attachment":"scroll","background-type":"","background-media":"","overlay-type":"","overlay-color":"","overlay-opacity":"","overlay-gradient":""},"mobile":{"background-color":"var(--ast-global-color-5)","background-image":"","background-repeat":"repeat","background-position":"center center","background-size":"auto","background-attachment":"scroll","background-type":"","background-media":"","overlay-type":"","overlay-color":"","overlay-opacity":"","overlay-gradient":""}},"footnotes":""},"class_list":["post-470","page","type-page","status-publish","hentry"],"acf":[],"yoast_head":"<!-- This site is optimized with the Yoast SEO plugin v22.7 - https:\/\/yoast.com\/wordpress\/plugins\/seo\/ -->\n<title>R\u00f3lunk &#187; Official Website<\/title>\n<meta name=\"description\" content=\"A Token Tact nem csak egy platform \u2013 ez egy utaz\u00e1s, amelyre k\u00f6z\u00f6ss\u00e9g\u00fcnkkel egy\u00fctt indulunk el. Csatlakozzon hozz\u00e1nk, amikor \u00fajradefini\u00e1ljuk a kriptokeresked\u00e9st, \u00e9s mindenki sz\u00e1m\u00e1ra el\u00e9rhet\u0151v\u00e9, \u00e9lvezetess\u00e9 \u00e9s nyeres\u00e9gess\u00e9 tessz\u00fck azt.\" \/>\n<meta name=\"robots\" content=\"index, follow, max-snippet:-1, max-image-preview:large, max-video-preview:-1\" \/>\n<link rel=\"canonical\" href=\"https:\/\/token-tact.org\/hu\/rolunk\/\" \/>\n<meta property=\"og:locale\" content=\"hu_HU\" \/>\n<meta property=\"og:type\" content=\"article\" \/>\n<meta property=\"og:title\" content=\"R\u00f3lunk &#187; Official Website\" \/>\n<meta property=\"og:description\" content=\"A Token Tact nem csak egy platform \u2013 ez egy utaz\u00e1s, amelyre k\u00f6z\u00f6ss\u00e9g\u00fcnkkel egy\u00fctt indulunk el. Csatlakozzon hozz\u00e1nk, amikor \u00fajradefini\u00e1ljuk a kriptokeresked\u00e9st, \u00e9s mindenki sz\u00e1m\u00e1ra el\u00e9rhet\u0151v\u00e9, \u00e9lvezetess\u00e9 \u00e9s nyeres\u00e9gess\u00e9 tessz\u00fck azt.\" \/>\n<meta property=\"og:url\" content=\"https:\/\/token-tact.org\/hu\/rolunk\/\" \/>\n<meta property=\"article:modified_time\" content=\"2024-02-12T15:20:42+00:00\" \/>\n<meta property=\"og:image\" content=\"https:\/\/token-tact.org\/wp-content\/uploads\/2024\/01\/Revenue-bro-1-1.png\" \/>\n<meta name=\"twitter:card\" content=\"summary_large_image\" \/>\n<meta name=\"twitter:label1\" content=\"Becs\u00fclt olvas\u00e1si id\u0151\" \/>\n\t<meta name=\"twitter:data1\" content=\"3 perc\" \/>\n<script type=\"application\/ld+json\" class=\"yoast-schema-graph\">{\"@context\":\"https:\/\/schema.org\",\"@graph\":[{\"@type\":\"WebPage\",\"@id\":\"https:\/\/token-tact.org\/hu\/rolunk\/\",\"url\":\"https:\/\/token-tact.org\/hu\/rolunk\/\",\"name\":\"R\u00f3lunk &#187; Official Website\",\"isPartOf\":{\"@id\":\"https:\/\/token-tact.org\/#website\"},\"primaryImageOfPage\":{\"@id\":\"https:\/\/token-tact.org\/hu\/rolunk\/#primaryimage\"},\"image\":{\"@id\":\"https:\/\/token-tact.org\/hu\/rolunk\/#primaryimage\"},\"thumbnailUrl\":\"https:\/\/token-tact.org\/wp-content\/uploads\/2024\/01\/Revenue-bro-1-1.png\",\"datePublished\":\"2024-01-29T09:54:00+00:00\",\"dateModified\":\"2024-02-12T15:20:42+00:00\",\"description\":\"A Token Tact nem csak egy platform \u2013 ez egy utaz\u00e1s, amelyre k\u00f6z\u00f6ss\u00e9g\u00fcnkkel egy\u00fctt indulunk el. Csatlakozzon hozz\u00e1nk, amikor \u00fajradefini\u00e1ljuk a kriptokeresked\u00e9st, \u00e9s mindenki sz\u00e1m\u00e1ra el\u00e9rhet\u0151v\u00e9, \u00e9lvezetess\u00e9 \u00e9s nyeres\u00e9gess\u00e9 tessz\u00fck azt.\",\"breadcrumb\":{\"@id\":\"https:\/\/token-tact.org\/hu\/rolunk\/#breadcrumb\"},\"inLanguage\":\"hu\",\"potentialAction\":[{\"@type\":\"ReadAction\",\"target\":[\"https:\/\/token-tact.org\/hu\/rolunk\/\"]}]},{\"@type\":\"ImageObject\",\"inLanguage\":\"hu\",\"@id\":\"https:\/\/token-tact.org\/hu\/rolunk\/#primaryimage\",\"url\":\"https:\/\/token-tact.org\/wp-content\/uploads\/2024\/01\/Revenue-bro-1-1.png\",\"contentUrl\":\"https:\/\/token-tact.org\/wp-content\/uploads\/2024\/01\/Revenue-bro-1-1.png\"},{\"@type\":\"BreadcrumbList\",\"@id\":\"https:\/\/token-tact.org\/hu\/rolunk\/#breadcrumb\",\"itemListElement\":[{\"@type\":\"ListItem\",\"position\":1,\"name\":\"Token Tact\",\"item\":\"https:\/\/token-tact.org\/hu\/\"},{\"@type\":\"ListItem\",\"position\":2,\"name\":\"R\u00f3lunk\"}]},{\"@type\":\"WebSite\",\"@id\":\"https:\/\/token-tact.org\/#website\",\"url\":\"https:\/\/token-tact.org\/\",\"name\":\"Token Tact - Best AI crypto trading bot\",\"description\":\"\",\"publisher\":{\"@id\":\"https:\/\/token-tact.org\/#organization\"},\"alternateName\":\"Token Tact\",\"potentialAction\":[{\"@type\":\"SearchAction\",\"target\":{\"@type\":\"EntryPoint\",\"urlTemplate\":\"https:\/\/token-tact.org\/?s={search_term_string}\"},\"query-input\":\"required name=search_term_string\"}],\"inLanguage\":\"hu\"},{\"@type\":\"Organization\",\"@id\":\"https:\/\/token-tact.org\/#organization\",\"name\":\"Token Tact\",\"url\":\"https:\/\/token-tact.org\/\",\"logo\":{\"@type\":\"ImageObject\",\"inLanguage\":\"hu\",\"@id\":\"https:\/\/token-tact.org\/#\/schema\/logo\/image\/\",\"url\":\"https:\/\/token-tact.org\/wp-content\/uploads\/2025\/02\/logo.svg\",\"contentUrl\":\"https:\/\/token-tact.org\/wp-content\/uploads\/2025\/02\/logo.svg\",\"caption\":\"Token Tact\"},\"image\":{\"@id\":\"https:\/\/token-tact.org\/#\/schema\/logo\/image\/\"}}]}<\/script>\n<!-- \/ Yoast SEO plugin. -->","yoast_head_json":{"title":"R\u00f3lunk &#187; Official Website","description":"A Token Tact nem csak egy platform \u2013 ez egy utaz\u00e1s, amelyre k\u00f6z\u00f6ss\u00e9g\u00fcnkkel egy\u00fctt indulunk el. Csatlakozzon hozz\u00e1nk, amikor \u00fajradefini\u00e1ljuk a kriptokeresked\u00e9st, \u00e9s mindenki sz\u00e1m\u00e1ra el\u00e9rhet\u0151v\u00e9, \u00e9lvezetess\u00e9 \u00e9s nyeres\u00e9gess\u00e9 tessz\u00fck azt.","robots":{"index":"index","follow":"follow","max-snippet":"max-snippet:-1","max-image-preview":"max-image-preview:large","max-video-preview":"max-video-preview:-1"},"canonical":"https:\/\/token-tact.org\/hu\/rolunk\/","og_locale":"hu_HU","og_type":"article","og_title":"R\u00f3lunk &#187; Official Website","og_description":"A Token Tact nem csak egy platform \u2013 ez egy utaz\u00e1s, amelyre k\u00f6z\u00f6ss\u00e9g\u00fcnkkel egy\u00fctt indulunk el. Csatlakozzon hozz\u00e1nk, amikor \u00fajradefini\u00e1ljuk a kriptokeresked\u00e9st, \u00e9s mindenki sz\u00e1m\u00e1ra el\u00e9rhet\u0151v\u00e9, \u00e9lvezetess\u00e9 \u00e9s nyeres\u00e9gess\u00e9 tessz\u00fck azt.","og_url":"https:\/\/token-tact.org\/hu\/rolunk\/","article_modified_time":"2024-02-12T15:20:42+00:00","og_image":[{"url":"https:\/\/token-tact.org\/wp-content\/uploads\/2024\/01\/Revenue-bro-1-1.png"}],"twitter_card":"summary_large_image","twitter_misc":{"Becs\u00fclt olvas\u00e1si id\u0151":"3 perc"},"schema":{"@context":"https:\/\/schema.org","@graph":[{"@type":"WebPage","@id":"https:\/\/token-tact.org\/hu\/rolunk\/","url":"https:\/\/token-tact.org\/hu\/rolunk\/","name":"R\u00f3lunk &#187; Official Website","isPartOf":{"@id":"https:\/\/token-tact.org\/#website"},"primaryImageOfPage":{"@id":"https:\/\/token-tact.org\/hu\/rolunk\/#primaryimage"},"image":{"@id":"https:\/\/token-tact.org\/hu\/rolunk\/#primaryimage"},"thumbnailUrl":"https:\/\/token-tact.org\/wp-content\/uploads\/2024\/01\/Revenue-bro-1-1.png","datePublished":"2024-01-29T09:54:00+00:00","dateModified":"2024-02-12T15:20:42+00:00","description":"A Token Tact nem csak egy platform \u2013 ez egy utaz\u00e1s, amelyre k\u00f6z\u00f6ss\u00e9g\u00fcnkkel egy\u00fctt indulunk el. Csatlakozzon hozz\u00e1nk, amikor \u00fajradefini\u00e1ljuk a kriptokeresked\u00e9st, \u00e9s mindenki sz\u00e1m\u00e1ra el\u00e9rhet\u0151v\u00e9, \u00e9lvezetess\u00e9 \u00e9s nyeres\u00e9gess\u00e9 tessz\u00fck azt.","breadcrumb":{"@id":"https:\/\/token-tact.org\/hu\/rolunk\/#breadcrumb"},"inLanguage":"hu","potentialAction":[{"@type":"ReadAction","target":["https:\/\/token-tact.org\/hu\/rolunk\/"]}]},{"@type":"ImageObject","inLanguage":"hu","@id":"https:\/\/token-tact.org\/hu\/rolunk\/#primaryimage","url":"https:\/\/token-tact.org\/wp-content\/uploads\/2024\/01\/Revenue-bro-1-1.png","contentUrl":"https:\/\/token-tact.org\/wp-content\/uploads\/2024\/01\/Revenue-bro-1-1.png"},{"@type":"BreadcrumbList","@id":"https:\/\/token-tact.org\/hu\/rolunk\/#breadcrumb","itemListElement":[{"@type":"ListItem","position":1,"name":"Token Tact","item":"https:\/\/token-tact.org\/hu\/"},{"@type":"ListItem","position":2,"name":"R\u00f3lunk"}]},{"@type":"WebSite","@id":"https:\/\/token-tact.org\/#website","url":"https:\/\/token-tact.org\/","name":"Token Tact - Best AI crypto trading bot","description":"","publisher":{"@id":"https:\/\/token-tact.org\/#organization"},"alternateName":"Token Tact","potentialAction":[{"@type":"SearchAction","target":{"@type":"EntryPoint","urlTemplate":"https:\/\/token-tact.org\/?s={search_term_string}"},"query-input":"required name=search_term_string"}],"inLanguage":"hu"},{"@type":"Organization","@id":"https:\/\/token-tact.org\/#organization","name":"Token Tact","url":"https:\/\/token-tact.org\/","logo":{"@type":"ImageObject","inLanguage":"hu","@id":"https:\/\/token-tact.org\/#\/schema\/logo\/image\/","url":"https:\/\/token-tact.org\/wp-content\/uploads\/2025\/02\/logo.svg","contentUrl":"https:\/\/token-tact.org\/wp-content\/uploads\/2025\/02\/logo.svg","caption":"Token Tact"},"image":{"@id":"https:\/\/token-tact.org\/#\/schema\/logo\/image\/"}}]}},"_links":{"self":[{"href":"https:\/\/token-tact.org\/hu\/wp-json\/wp\/v2\/pages\/470","targetHints":{"allow":["GET"]}}],"collection":[{"href":"https:\/\/token-tact.org\/hu\/wp-json\/wp\/v2\/pages"}],"about":[{"href":"https:\/\/token-tact.org\/hu\/wp-json\/wp\/v2\/types\/page"}],"author":[{"embeddable":true,"href":"https:\/\/token-tact.org\/hu\/wp-json\/wp\/v2\/users\/1"}],"replies":[{"embeddable":true,"href":"https:\/\/token-tact.org\/hu\/wp-json\/wp\/v2\/comments?post=470"}],"version-history":[{"count":0,"href":"https:\/\/token-tact.org\/hu\/wp-json\/wp\/v2\/pages\/470\/revisions"}],"wp:attachment":[{"href":"https:\/\/token-tact.org\/hu\/wp-json\/wp\/v2\/media?parent=470"}],"curies":[{"name":"wp","href":"https:\/\/api.w.org\/{rel}","templated":true}]}}