{"id":1389,"date":"2024-01-29T09:54:00","date_gmt":"2024-01-29T09:54:00","guid":{"rendered":"https:\/\/token-tact.org\/tietoa-meista\/"},"modified":"2024-07-03T12:40:15","modified_gmt":"2024-07-03T12:40:15","slug":"tietoa-meista","status":"publish","type":"page","link":"https:\/\/token-tact.org\/fi\/tietoa-meista\/","title":{"rendered":"Tietoa meist\u00e4"},"content":{"rendered":"\n<div class=\"wp-block-group alignfull has-tertiary-background-color has-background is-layout-constrained wp-container-core-group-is-layout-13138de1 wp-block-group-is-layout-constrained\" style=\"padding-top:var(--wp--preset--spacing--xx-large);padding-bottom:var(--wp--preset--spacing--xx-large)\">\n<div class=\"wp-block-group alignwide is-layout-constrained wp-block-group-is-layout-constrained\">\n<h2 class=\"wp-block-heading has-text-align-center has-heading-color has-text-color\">Missiomme ja visiomme  <\/h2>\n\n\n\n<p class=\"has-text-align-center\">Tervetuloa Token Tactiin, jossa innovaatio kohtaa kryptovaluuttakaupan huippuosaamisen. Teht\u00e4v\u00e4mme Token Tactissa on antaa yksil\u00f6ille mahdollisuus toimia tarjoamalla heille huippuluokan kryptovaluuttakaupan botin ja alustan. Visioimme tulevaisuutta, jossa kryptokauppaa ei ole vain asiantuntijoiden kapealla alueella, vaan se on kaikkien saatavilla ja palkitsevaa.<\/p>\n<\/div>\n\n\n\n<div class=\"wp-block-columns alignwide is-layout-flex wp-container-core-columns-is-layout-398b3aa3 wp-block-columns-is-layout-flex\">\n<div class=\"wp-block-column is-layout-flow wp-block-column-is-layout-flow\">\n<figure class=\"wp-block-image size-full is-resized has-custom-border\"><img loading=\"lazy\" decoding=\"async\" width=\"2000\" height=\"2000\" src=\"https:\/\/token-tact.org\/wp-content\/uploads\/2024\/01\/Revenue-bro-1-1.png\" alt=\"Token Tact krypto\" class=\"wp-image-33\" style=\"border-radius:8px;width:423px;height:auto\" srcset=\"https:\/\/token-tact.org\/wp-content\/uploads\/2024\/01\/Revenue-bro-1-1.png 2000w, https:\/\/token-tact.org\/wp-content\/uploads\/2024\/01\/Revenue-bro-1-1-300x300.png 300w, https:\/\/token-tact.org\/wp-content\/uploads\/2024\/01\/Revenue-bro-1-1TokenTact-1024x1024.png 1024w, https:\/\/token-tact.org\/wp-content\/uploads\/2024\/01\/Revenue-bro-1-1-150x150.png 150w, https:\/\/token-tact.org\/wp-content\/uploads\/2024\/01\/Revenue-bro-1-1-768x768.png 768w, https:\/\/token-tact.org\/wp-content\/uploads\/2024\/01\/Revenue-bro-1-1-1536x1536.png 1536w\" sizes=\"auto, (max-width: 2000px) 100vw, 2000px\" \/><\/figure>\n<\/div>\n\n\n\n<div class=\"wp-block-column is-vertically-aligned-center is-layout-flow wp-block-column-is-layout-flow\">\n<div class=\"wp-block-group is-layout-constrained wp-container-core-group-is-layout-63b154dc wp-block-group-is-layout-constrained\" style=\"padding-right:var(--wp--preset--spacing--x-small);padding-left:var(--wp--preset--spacing--medium)\">\n<p class=\"has-x-small-font-size\" style=\"letter-spacing:2px\">01<\/p>\n\n\n\n<h4 class=\"wp-block-heading has-heading-color has-text-color\">Visiomme<\/h4>\n\n\n\n<p>Token Tactin ylpein\u00e4 omistajina olemme sitoutuneet mullistamaan kryptokauppaa. Koska meill\u00e4 on omakohtaista kokemusta kryptovaluuttamaailmasta, ymm\u00e4rr\u00e4mme kauppiaiden kohtaamat haasteet markkina-analyysin monimutkaisuudesta manuaalisen kaupank\u00e4ynnin aikaa viev\u00e4\u00e4n luonteeseen.<\/p>\n\n\n\n<p>Asiantuntemuksemme mukaan olemme kehitt\u00e4neet Token Tactin ratkaisuksi, joka yksinkertaistaa ja parantaa kryptokauppakokemusta. Visiomme on kuroa umpeen kuilu kokeneiden kauppiaiden ja aloittelijoiden v\u00e4lill\u00e4 tarjoamalla alustan, joka palvelee kaikkia asiantuntemuksen tasoja.<\/p>\n<\/div>\n<\/div>\n<\/div>\n\n\n\n<div class=\"wp-block-columns alignwide is-layout-flex wp-container-core-columns-is-layout-28f84493 wp-block-columns-is-layout-flex\">\n<div class=\"wp-block-column is-vertically-aligned-center is-layout-flow wp-block-column-is-layout-flow\">\n<div class=\"wp-block-group is-layout-constrained wp-container-core-group-is-layout-8081e35e wp-block-group-is-layout-constrained\" style=\"padding-right:var(--wp--preset--spacing--x-small);padding-left:var(--wp--preset--spacing--medium)\">\n<p class=\"has-x-small-font-size\" style=\"letter-spacing:2px\">02<\/p>\n\n\n\n<h4 class=\"wp-block-heading has-heading-color has-text-color\">Yhteis\u00f6mme<\/h4>\n\n\n\n<p>Token Tactilla ymm\u00e4rr\u00e4mme, kuinka t\u00e4rke\u00e4\u00e4 on edist\u00e4\u00e4 elinvoimaista ja kannustavaa yhteis\u00f6\u00e4. Tutkimuksemme osoitti, ett\u00e4 kukoistava yhteis\u00f6 ei merkitse vain n\u00e4kemysten jakamista vaan my\u00f6s sellaisen tilan luomista, jossa elinkeinonharjoittajat voivat luoda yhteyksi\u00e4, oppia ja kasvaa yhdess\u00e4.<\/p>\n\n\n\n<p><strong>Kauppiaiden yhdist\u00e4minen maailmanlaajuisesti<\/strong><\/p>\n\n\n\n<p>Tuloksemme osoittavat, ett\u00e4 kauppayhteis\u00f6n vahvuus on sen monimuotoisuudessa ja jaetussa tiet\u00e4myksess\u00e4. Token Tact kokoaa yhteen kauppiaat eri puolilta maailmaa ja luo dynaamisen verkoston, jossa ideat virtaavat vapaasti. K\u00e4yt\u00e4nn\u00f6n tiet\u00e4myksemme avulla olemme toteuttaneet ominaisuuksia, jotka helpottavat viestint\u00e4\u00e4 ja yhteisty\u00f6t\u00e4, ja tehneet Token Tactista pelk\u00e4n alustan lis\u00e4ksi my\u00f6s yhteis\u00f6n keskuksen.<\/p>\n\n\n\n<p><strong>Yhdess\u00e4 oppiminen<\/strong><\/p>\n\n\n\n<p>Kokeilujen ja erehdysten kautta olemme oppineet, ett\u00e4 jatkuva oppiminen on v\u00e4ltt\u00e4m\u00e4t\u00f6nt\u00e4 kryptovaluutan nopeatempoisessa maailmassa. Alustamme tarjoaa koulutusresursseja, markkina-analyysej\u00e4 ja vuorovaikutteisia keskusteluja, joilla varmistetaan, ett\u00e4 yhteis\u00f6mme j\u00e4senet pysyv\u00e4t ajan tasalla ja tekev\u00e4t perusteltuja p\u00e4\u00e4t\u00f6ksi\u00e4.<\/p>\n<\/div>\n<\/div>\n\n\n\n<div class=\"wp-block-column is-layout-flow wp-block-column-is-layout-flow\">\n<figure class=\"wp-block-image size-full is-resized has-custom-border\"><img loading=\"lazy\" decoding=\"async\" width=\"2000\" height=\"2000\" src=\"https:\/\/token-tact.org\/wp-content\/uploads\/2024\/01\/TokenTact-bot.png\" alt=\"-kauppa\" class=\"wp-image-31\" style=\"border-radius:8px;width:667px;height:auto\" srcset=\"https:\/\/token-tact.org\/wp-content\/uploads\/2024\/01\/TokenTact-bot.png 2000w, https:\/\/token-tact.org\/wp-content\/uploads\/2024\/01\/TokenTact-bot-300x300.png 300w, https:\/\/token-tact.org\/wp-content\/uploads\/2024\/01\/TokenTact-bot-1024x1024.png 1024w, https:\/\/token-tact.org\/wp-content\/uploads\/2024\/01\/TokenTact-bot-150x150.png 150w, https:\/\/token-tact.org\/wp-content\/uploads\/2024\/01\/TokenTact-bot-768x768.png 768w, https:\/\/token-tact.org\/wp-content\/uploads\/2024\/01\/TokenTact-bot-1536x1536.png 1536w\" sizes=\"auto, (max-width: 2000px) 100vw, 2000px\" \/><\/figure>\n<\/div>\n<\/div>\n\n\n\n<div class=\"wp-block-columns alignwide is-layout-flex wp-container-core-columns-is-layout-398b3aa3 wp-block-columns-is-layout-flex\">\n<div class=\"wp-block-column is-layout-flow wp-block-column-is-layout-flow\">\n<figure class=\"wp-block-image size-full is-resized has-custom-border\"><img loading=\"lazy\" decoding=\"async\" width=\"2000\" height=\"2000\" src=\"https:\/\/token-tact.org\/wp-content\/uploads\/2024\/01\/TokenTact-trade.png\" alt=\"Token Tact\" class=\"wp-image-29\" style=\"border-radius:8px;width:458px;height:auto\" srcset=\"https:\/\/token-tact.org\/wp-content\/uploads\/2024\/01\/TokenTact-trade.png 2000w, https:\/\/token-tact.org\/wp-content\/uploads\/2024\/01\/TokenTact-trade-300x300.png 300w, https:\/\/token-tact.org\/wp-content\/uploads\/2024\/01\/TokenTact-trade-1024x1024.png 1024w, https:\/\/token-tact.org\/wp-content\/uploads\/2024\/01\/TokenTact-trade-150x150.png 150w, https:\/\/token-tact.org\/wp-content\/uploads\/2024\/01\/TokenTact-trade-768x768.png 768w, https:\/\/token-tact.org\/wp-content\/uploads\/2024\/01\/TokenTact-trade-1536x1536.png 1536w\" sizes=\"auto, (max-width: 2000px) 100vw, 2000px\" \/><\/figure>\n<\/div>\n\n\n\n<div class=\"wp-block-column is-vertically-aligned-center is-layout-flow wp-block-column-is-layout-flow\">\n<div class=\"wp-block-group is-layout-constrained wp-container-core-group-is-layout-63b154dc wp-block-group-is-layout-constrained\" style=\"padding-right:var(--wp--preset--spacing--x-small);padding-left:var(--wp--preset--spacing--medium)\">\n<p class=\"has-x-small-font-size\" style=\"letter-spacing:2px\">03<\/p>\n\n\n\n<h4 class=\"wp-block-heading has-heading-color has-text-color\">Sitoumuksemme<\/h4>\n\n\n\n<p>Token Tact ei ole pelkk\u00e4 alusta, vaan se on sitoutuminen huippuosaamiseen ja rehellisyyteen kryptokauppojen maailmassa. Sitoumuksemme ulottuu alustamme jokaiseen osa-alueeseen varmistaen, ett\u00e4 k\u00e4ytt\u00e4j\u00e4t saavat saumattoman ja turvallisen kaupank\u00e4yntikokemuksen.<\/p>\n\n\n\n<p><strong>Avoimuus ja turvallisuus<\/strong><\/p>\n\n\n\n<p>Token Tactin omistajina asetamme etusijalle avoimuuden ja turvallisuuden. Sitoutumisemme n\u00e4ihin periaatteisiin n\u00e4kyy toimenpiteiss\u00e4, joita olemme toteuttaneet k\u00e4ytt\u00e4jien tietojen ja omaisuuden suojaamiseksi. Uskomme, ett\u00e4 luottamus ansaitaan avoimuudella ja huolellisuudella, ja pyrimme noudattamaan alan korkeimpia standardeja.<\/p>\n<\/div>\n<\/div>\n<\/div>\n<\/div>\n\n<div class=\"wp-block-group alignfull is-layout-constrained wp-container-core-group-is-layout-fa72c8b5 wp-block-group-is-layout-constrained\" style=\"padding-top:var(--wp--preset--spacing--x-large);padding-bottom:var(--wp--preset--spacing--x-large)\">\n<div class=\"wp-block-columns alignwide is-layout-flex wp-container-core-columns-is-layout-00f84694 wp-block-columns-is-layout-flex\"><\/div>\n<\/div>\n","protected":false},"excerpt":{"rendered":"<p>Missiomme ja visiomme Tervetuloa Token Tactiin, jossa innovaatio kohtaa kryptovaluuttakaupan huippuosaamisen. Teht\u00e4v\u00e4mme Token Tactissa on antaa yksil\u00f6ille mahdollisuus toimia tarjoamalla [&hellip;]<\/p>\n","protected":false},"author":1,"featured_media":0,"parent":0,"menu_order":0,"comment_status":"closed","ping_status":"closed","template":"","meta":{"_acf_changed":false,"_monsterinsights_skip_tracking":false,"_monsterinsights_sitenote_active":false,"_monsterinsights_sitenote_note":"","_monsterinsights_sitenote_category":0,"site-sidebar-layout":"default","site-content-layout":"","ast-site-content-layout":"","site-content-style":"default","site-sidebar-style":"default","ast-global-header-display":"","ast-banner-title-visibility":"","ast-main-header-display":"","ast-hfb-above-header-display":"","ast-hfb-below-header-display":"","ast-hfb-mobile-header-display":"","site-post-title":"disabled","ast-breadcrumbs-content":"","ast-featured-img":"","footer-sml-layout":"","theme-transparent-header-meta":"","adv-header-id-meta":"","stick-header-meta":"","header-above-stick-meta":"","header-main-stick-meta":"","header-below-stick-meta":"","astra-migrate-meta-layouts":"default","ast-page-background-enabled":"default","ast-page-background-meta":{"desktop":{"background-color":"var(--ast-global-color-4)","background-image":"","background-repeat":"repeat","background-position":"center center","background-size":"auto","background-attachment":"scroll","background-type":"","background-media":"","overlay-type":"","overlay-color":"","overlay-opacity":"","overlay-gradient":""},"tablet":{"background-color":"","background-image":"","background-repeat":"repeat","background-position":"center center","background-size":"auto","background-attachment":"scroll","background-type":"","background-media":"","overlay-type":"","overlay-color":"","overlay-opacity":"","overlay-gradient":""},"mobile":{"background-color":"","background-image":"","background-repeat":"repeat","background-position":"center center","background-size":"auto","background-attachment":"scroll","background-type":"","background-media":"","overlay-type":"","overlay-color":"","overlay-opacity":"","overlay-gradient":""}},"ast-content-background-meta":{"desktop":{"background-color":"var(--ast-global-color-5)","background-image":"","background-repeat":"repeat","background-position":"center center","background-size":"auto","background-attachment":"scroll","background-type":"","background-media":"","overlay-type":"","overlay-color":"","overlay-opacity":"","overlay-gradient":""},"tablet":{"background-color":"var(--ast-global-color-5)","background-image":"","background-repeat":"repeat","background-position":"center center","background-size":"auto","background-attachment":"scroll","background-type":"","background-media":"","overlay-type":"","overlay-color":"","overlay-opacity":"","overlay-gradient":""},"mobile":{"background-color":"var(--ast-global-color-5)","background-image":"","background-repeat":"repeat","background-position":"center center","background-size":"auto","background-attachment":"scroll","background-type":"","background-media":"","overlay-type":"","overlay-color":"","overlay-opacity":"","overlay-gradient":""}},"footnotes":""},"class_list":["post-1389","page","type-page","status-publish","hentry"],"acf":[],"yoast_head":"<!-- This site is optimized with the Yoast SEO plugin v22.7 - https:\/\/yoast.com\/wordpress\/plugins\/seo\/ -->\n<title>Tietoa meist\u00e4 &#187; Official Website<\/title>\n<meta name=\"description\" content=\"Token Tact ei ole pelkk\u00e4 alusta - se on matka, jolle l\u00e4hdemme yhdess\u00e4 yhteis\u00f6mme kanssa. Liity meihin, kun m\u00e4\u00e4rittelemme kryptokauppaa uudelleen ja teemme siit\u00e4 kaikkien ulottuvilla olevaa, nautinnollista ja kannattavaa.\" \/>\n<meta name=\"robots\" content=\"index, follow, max-snippet:-1, max-image-preview:large, max-video-preview:-1\" \/>\n<link rel=\"canonical\" href=\"https:\/\/token-tact.org\/fi\/tietoa-meista\/\" \/>\n<meta property=\"og:locale\" content=\"fi_FI\" \/>\n<meta property=\"og:type\" content=\"article\" \/>\n<meta property=\"og:title\" content=\"Tietoa meist\u00e4 &#187; Official Website\" \/>\n<meta property=\"og:description\" content=\"Token Tact ei ole pelkk\u00e4 alusta - se on matka, jolle l\u00e4hdemme yhdess\u00e4 yhteis\u00f6mme kanssa. Liity meihin, kun m\u00e4\u00e4rittelemme kryptokauppaa uudelleen ja teemme siit\u00e4 kaikkien ulottuvilla olevaa, nautinnollista ja kannattavaa.\" \/>\n<meta property=\"og:url\" content=\"https:\/\/token-tact.org\/fi\/tietoa-meista\/\" \/>\n<meta property=\"article:modified_time\" content=\"2024-07-03T12:40:15+00:00\" \/>\n<meta property=\"og:image\" content=\"https:\/\/token-tact.org\/wp-content\/uploads\/2024\/01\/Revenue-bro-1-1.png\" \/>\n<meta name=\"twitter:card\" content=\"summary_large_image\" \/>\n<meta name=\"twitter:label1\" content=\"Arvioitu lukuaika\" \/>\n\t<meta name=\"twitter:data1\" content=\"2 minuuttia\" \/>\n<script type=\"application\/ld+json\" class=\"yoast-schema-graph\">{\"@context\":\"https:\/\/schema.org\",\"@graph\":[{\"@type\":\"WebPage\",\"@id\":\"https:\/\/token-tact.org\/fi\/tietoa-meista\/\",\"url\":\"https:\/\/token-tact.org\/fi\/tietoa-meista\/\",\"name\":\"Tietoa meist\u00e4 &#187; Official Website\",\"isPartOf\":{\"@id\":\"https:\/\/token-tact.org\/#website\"},\"primaryImageOfPage\":{\"@id\":\"https:\/\/token-tact.org\/fi\/tietoa-meista\/#primaryimage\"},\"image\":{\"@id\":\"https:\/\/token-tact.org\/fi\/tietoa-meista\/#primaryimage\"},\"thumbnailUrl\":\"https:\/\/token-tact.org\/wp-content\/uploads\/2024\/01\/Revenue-bro-1-1.png\",\"datePublished\":\"2024-01-29T09:54:00+00:00\",\"dateModified\":\"2024-07-03T12:40:15+00:00\",\"description\":\"Token Tact ei ole pelkk\u00e4 alusta - se on matka, jolle l\u00e4hdemme yhdess\u00e4 yhteis\u00f6mme kanssa. Liity meihin, kun m\u00e4\u00e4rittelemme kryptokauppaa uudelleen ja teemme siit\u00e4 kaikkien ulottuvilla olevaa, nautinnollista ja kannattavaa.\",\"breadcrumb\":{\"@id\":\"https:\/\/token-tact.org\/fi\/tietoa-meista\/#breadcrumb\"},\"inLanguage\":\"fi\",\"potentialAction\":[{\"@type\":\"ReadAction\",\"target\":[\"https:\/\/token-tact.org\/fi\/tietoa-meista\/\"]}]},{\"@type\":\"ImageObject\",\"inLanguage\":\"fi\",\"@id\":\"https:\/\/token-tact.org\/fi\/tietoa-meista\/#primaryimage\",\"url\":\"https:\/\/token-tact.org\/wp-content\/uploads\/2024\/01\/Revenue-bro-1-1.png\",\"contentUrl\":\"https:\/\/token-tact.org\/wp-content\/uploads\/2024\/01\/Revenue-bro-1-1.png\"},{\"@type\":\"BreadcrumbList\",\"@id\":\"https:\/\/token-tact.org\/fi\/tietoa-meista\/#breadcrumb\",\"itemListElement\":[{\"@type\":\"ListItem\",\"position\":1,\"name\":\"Token Tact\",\"item\":\"https:\/\/token-tact.org\/fi\/\"},{\"@type\":\"ListItem\",\"position\":2,\"name\":\"Tietoa meist\u00e4\"}]},{\"@type\":\"WebSite\",\"@id\":\"https:\/\/token-tact.org\/#website\",\"url\":\"https:\/\/token-tact.org\/\",\"name\":\"Token Tact - Best AI crypto trading bot\",\"description\":\"\",\"publisher\":{\"@id\":\"https:\/\/token-tact.org\/#organization\"},\"alternateName\":\"Token Tact\",\"potentialAction\":[{\"@type\":\"SearchAction\",\"target\":{\"@type\":\"EntryPoint\",\"urlTemplate\":\"https:\/\/token-tact.org\/?s={search_term_string}\"},\"query-input\":\"required name=search_term_string\"}],\"inLanguage\":\"fi\"},{\"@type\":\"Organization\",\"@id\":\"https:\/\/token-tact.org\/#organization\",\"name\":\"Token Tact\",\"url\":\"https:\/\/token-tact.org\/\",\"logo\":{\"@type\":\"ImageObject\",\"inLanguage\":\"fi\",\"@id\":\"https:\/\/token-tact.org\/#\/schema\/logo\/image\/\",\"url\":\"https:\/\/token-tact.org\/wp-content\/uploads\/2025\/02\/logo.svg\",\"contentUrl\":\"https:\/\/token-tact.org\/wp-content\/uploads\/2025\/02\/logo.svg\",\"caption\":\"Token Tact\"},\"image\":{\"@id\":\"https:\/\/token-tact.org\/#\/schema\/logo\/image\/\"}}]}<\/script>\n<!-- \/ Yoast SEO plugin. -->","yoast_head_json":{"title":"Tietoa meist\u00e4 &#187; Official Website","description":"Token Tact ei ole pelkk\u00e4 alusta - se on matka, jolle l\u00e4hdemme yhdess\u00e4 yhteis\u00f6mme kanssa. Liity meihin, kun m\u00e4\u00e4rittelemme kryptokauppaa uudelleen ja teemme siit\u00e4 kaikkien ulottuvilla olevaa, nautinnollista ja kannattavaa.","robots":{"index":"index","follow":"follow","max-snippet":"max-snippet:-1","max-image-preview":"max-image-preview:large","max-video-preview":"max-video-preview:-1"},"canonical":"https:\/\/token-tact.org\/fi\/tietoa-meista\/","og_locale":"fi_FI","og_type":"article","og_title":"Tietoa meist\u00e4 &#187; Official Website","og_description":"Token Tact ei ole pelkk\u00e4 alusta - se on matka, jolle l\u00e4hdemme yhdess\u00e4 yhteis\u00f6mme kanssa. Liity meihin, kun m\u00e4\u00e4rittelemme kryptokauppaa uudelleen ja teemme siit\u00e4 kaikkien ulottuvilla olevaa, nautinnollista ja kannattavaa.","og_url":"https:\/\/token-tact.org\/fi\/tietoa-meista\/","article_modified_time":"2024-07-03T12:40:15+00:00","og_image":[{"url":"https:\/\/token-tact.org\/wp-content\/uploads\/2024\/01\/Revenue-bro-1-1.png"}],"twitter_card":"summary_large_image","twitter_misc":{"Arvioitu lukuaika":"2 minuuttia"},"schema":{"@context":"https:\/\/schema.org","@graph":[{"@type":"WebPage","@id":"https:\/\/token-tact.org\/fi\/tietoa-meista\/","url":"https:\/\/token-tact.org\/fi\/tietoa-meista\/","name":"Tietoa meist\u00e4 &#187; Official Website","isPartOf":{"@id":"https:\/\/token-tact.org\/#website"},"primaryImageOfPage":{"@id":"https:\/\/token-tact.org\/fi\/tietoa-meista\/#primaryimage"},"image":{"@id":"https:\/\/token-tact.org\/fi\/tietoa-meista\/#primaryimage"},"thumbnailUrl":"https:\/\/token-tact.org\/wp-content\/uploads\/2024\/01\/Revenue-bro-1-1.png","datePublished":"2024-01-29T09:54:00+00:00","dateModified":"2024-07-03T12:40:15+00:00","description":"Token Tact ei ole pelkk\u00e4 alusta - se on matka, jolle l\u00e4hdemme yhdess\u00e4 yhteis\u00f6mme kanssa. Liity meihin, kun m\u00e4\u00e4rittelemme kryptokauppaa uudelleen ja teemme siit\u00e4 kaikkien ulottuvilla olevaa, nautinnollista ja kannattavaa.","breadcrumb":{"@id":"https:\/\/token-tact.org\/fi\/tietoa-meista\/#breadcrumb"},"inLanguage":"fi","potentialAction":[{"@type":"ReadAction","target":["https:\/\/token-tact.org\/fi\/tietoa-meista\/"]}]},{"@type":"ImageObject","inLanguage":"fi","@id":"https:\/\/token-tact.org\/fi\/tietoa-meista\/#primaryimage","url":"https:\/\/token-tact.org\/wp-content\/uploads\/2024\/01\/Revenue-bro-1-1.png","contentUrl":"https:\/\/token-tact.org\/wp-content\/uploads\/2024\/01\/Revenue-bro-1-1.png"},{"@type":"BreadcrumbList","@id":"https:\/\/token-tact.org\/fi\/tietoa-meista\/#breadcrumb","itemListElement":[{"@type":"ListItem","position":1,"name":"Token Tact","item":"https:\/\/token-tact.org\/fi\/"},{"@type":"ListItem","position":2,"name":"Tietoa meist\u00e4"}]},{"@type":"WebSite","@id":"https:\/\/token-tact.org\/#website","url":"https:\/\/token-tact.org\/","name":"Token Tact - Best AI crypto trading bot","description":"","publisher":{"@id":"https:\/\/token-tact.org\/#organization"},"alternateName":"Token Tact","potentialAction":[{"@type":"SearchAction","target":{"@type":"EntryPoint","urlTemplate":"https:\/\/token-tact.org\/?s={search_term_string}"},"query-input":"required name=search_term_string"}],"inLanguage":"fi"},{"@type":"Organization","@id":"https:\/\/token-tact.org\/#organization","name":"Token Tact","url":"https:\/\/token-tact.org\/","logo":{"@type":"ImageObject","inLanguage":"fi","@id":"https:\/\/token-tact.org\/#\/schema\/logo\/image\/","url":"https:\/\/token-tact.org\/wp-content\/uploads\/2025\/02\/logo.svg","contentUrl":"https:\/\/token-tact.org\/wp-content\/uploads\/2025\/02\/logo.svg","caption":"Token Tact"},"image":{"@id":"https:\/\/token-tact.org\/#\/schema\/logo\/image\/"}}]}},"_links":{"self":[{"href":"https:\/\/token-tact.org\/fi\/wp-json\/wp\/v2\/pages\/1389","targetHints":{"allow":["GET"]}}],"collection":[{"href":"https:\/\/token-tact.org\/fi\/wp-json\/wp\/v2\/pages"}],"about":[{"href":"https:\/\/token-tact.org\/fi\/wp-json\/wp\/v2\/types\/page"}],"author":[{"embeddable":true,"href":"https:\/\/token-tact.org\/fi\/wp-json\/wp\/v2\/users\/1"}],"replies":[{"embeddable":true,"href":"https:\/\/token-tact.org\/fi\/wp-json\/wp\/v2\/comments?post=1389"}],"version-history":[{"count":0,"href":"https:\/\/token-tact.org\/fi\/wp-json\/wp\/v2\/pages\/1389\/revisions"}],"wp:attachment":[{"href":"https:\/\/token-tact.org\/fi\/wp-json\/wp\/v2\/media?parent=1389"}],"curies":[{"name":"wp","href":"https:\/\/api.w.org\/{rel}","templated":true}]}}