{"id":478,"date":"2024-01-29T09:54:00","date_gmt":"2024-01-29T09:54:00","guid":{"rendered":"https:\/\/token-tact.org\/sobre-nosotros\/"},"modified":"2024-02-12T15:21:26","modified_gmt":"2024-02-12T15:21:26","slug":"sobre-nosotros","status":"publish","type":"page","link":"https:\/\/token-tact.org\/es\/sobre-nosotros\/","title":{"rendered":"Sobre nosotros"},"content":{"rendered":"\n<div class=\"wp-block-group alignfull has-tertiary-background-color has-background is-layout-constrained wp-container-core-group-is-layout-13138de1 wp-block-group-is-layout-constrained\" style=\"padding-top:var(--wp--preset--spacing--xx-large);padding-bottom:var(--wp--preset--spacing--xx-large)\">\n<div class=\"wp-block-group alignwide is-layout-constrained wp-block-group-is-layout-constrained\">\n<h2 class=\"wp-block-heading has-text-align-center has-heading-color has-text-color\">Nuestra Misi\u00f3n y Visi\u00f3n<\/h2>\n\n\n\n<p class=\"has-text-align-center\">Bienvenido a Token Tact, donde la innovaci\u00f3n se une a la excelencia en el comercio de criptomonedas. Nuestra misi\u00f3n en Token Tact es empoderar a las personas proporcion\u00e1ndoles una plataforma y un robot de comercio de criptomonedas de \u00faltima generaci\u00f3n. Visualizamos un futuro en el que el comercio de criptomonedas no sea s\u00f3lo un nicho para los expertos sino un esfuerzo accesible y gratificante para todos.<\/p>\n<\/div>\n\n\n\n<div class=\"wp-block-columns alignwide is-layout-flex wp-container-core-columns-is-layout-398b3aa3 wp-block-columns-is-layout-flex\">\n<div class=\"wp-block-column is-layout-flow wp-block-column-is-layout-flow\">\n<figure class=\"wp-block-image size-full is-resized has-custom-border\"><img loading=\"lazy\" decoding=\"async\" width=\"2000\" height=\"2000\" src=\"https:\/\/token-tact.org\/wp-content\/uploads\/2024\/01\/Revenue-bro-1-1.png\" alt=\"criptomoneda Token Tact\" class=\"wp-image-33\" style=\"border-radius:8px;width:423px;height:auto\" srcset=\"https:\/\/token-tact.org\/wp-content\/uploads\/2024\/01\/Revenue-bro-1-1.png 2000w, https:\/\/token-tact.org\/wp-content\/uploads\/2024\/01\/Revenue-bro-1-1-300x300.png 300w, https:\/\/token-tact.org\/wp-content\/uploads\/2024\/01\/Revenue-bro-1-1TokenTact-1024x1024.png 1024w, https:\/\/token-tact.org\/wp-content\/uploads\/2024\/01\/Revenue-bro-1-1-150x150.png 150w, https:\/\/token-tact.org\/wp-content\/uploads\/2024\/01\/Revenue-bro-1-1-768x768.png 768w, https:\/\/token-tact.org\/wp-content\/uploads\/2024\/01\/Revenue-bro-1-1-1536x1536.png 1536w\" sizes=\"auto, (max-width: 2000px) 100vw, 2000px\" \/><\/figure>\n<\/div>\n\n\n\n<div class=\"wp-block-column is-vertically-aligned-center is-layout-flow wp-block-column-is-layout-flow\">\n<div class=\"wp-block-group is-layout-constrained wp-container-core-group-is-layout-63b154dc wp-block-group-is-layout-constrained\" style=\"padding-right:var(--wp--preset--spacing--x-small);padding-left:var(--wp--preset--spacing--medium)\">\n<p class=\"has-x-small-font-size\" style=\"letter-spacing:2px\">01<\/p>\n\n\n\n<h4 class=\"wp-block-heading has-heading-color has-text-color\">Nuestra visi\u00f3n<\/h4>\n\n\n\n<p>Como orgullosos propietarios de Token Tact, estamos comprometidos a revolucionar el panorama del comercio de criptomonedas. A trav\u00e9s de nuestra experiencia de primera mano en el mundo de las criptomonedas, entendemos los desaf\u00edos que enfrentan los operadores, desde las complejidades del an\u00e1lisis de mercado hasta la naturaleza lenta del comercio manual.<\/p>\n\n\n\n<p>Seg\u00fan nuestra experiencia, hemos desarrollado Token Tact para que sea la soluci\u00f3n que simplifique y mejore la experiencia del comercio de criptomonedas. Nuestra visi\u00f3n es cerrar la brecha entre los traders experimentados y los principiantes, proporcionando una plataforma que atienda a todos los niveles de experiencia.<\/p>\n<\/div>\n<\/div>\n<\/div>\n\n\n\n<div class=\"wp-block-columns alignwide is-layout-flex wp-container-core-columns-is-layout-28f84493 wp-block-columns-is-layout-flex\">\n<div class=\"wp-block-column is-vertically-aligned-center is-layout-flow wp-block-column-is-layout-flow\">\n<div class=\"wp-block-group is-layout-constrained wp-container-core-group-is-layout-8081e35e wp-block-group-is-layout-constrained\" style=\"padding-right:var(--wp--preset--spacing--x-small);padding-left:var(--wp--preset--spacing--medium)\">\n<p class=\"has-x-small-font-size\" style=\"letter-spacing:2px\">02<\/p>\n\n\n\n<h4 class=\"wp-block-heading has-heading-color has-text-color\">Nuestra comunidad<\/h4>\n\n\n\n<p>En Token Tact, entendemos la importancia de fomentar una comunidad vibrante y solidaria. Nuestra investigaci\u00f3n demostr\u00f3 que una comunidad pr\u00f3spera no se trata solo de compartir conocimientos, sino tambi\u00e9n de crear un espacio donde los comerciantes puedan conectarse, aprender y crecer juntos.<\/p>\n\n\n\n<p>Conectando a los comerciantes a nivel mundial<\/p>\n\n\n\n<p>Nuestros hallazgos muestran que la fortaleza de una comunidad comercial radica en su diversidad y conocimiento compartido. Token Tact re\u00fane a comerciantes de todo el mundo, creando una red din\u00e1mica donde las ideas fluyen libremente. A trav\u00e9s de nuestro conocimiento pr\u00e1ctico, hemos implementado funciones que facilitan la comunicaci\u00f3n y la colaboraci\u00f3n, haciendo de Token Tact no solo una plataforma sino un centro comunitario.<\/p>\n\n\n\n<p>Aprendiendo juntos<\/p>\n\n\n\n<p>A trav\u00e9s de nuestra prueba y error, hemos aprendido que el aprendizaje continuo es esencial en el vertiginoso mundo de las criptomonedas. Nuestra plataforma proporciona recursos educativos, an\u00e1lisis de mercado y debates interactivos para garantizar que los miembros de nuestra comunidad se mantengan informados y tomen decisiones bien informadas.<\/p>\n<\/div>\n<\/div>\n\n\n\n<div class=\"wp-block-column is-layout-flow wp-block-column-is-layout-flow\">\n<figure class=\"wp-block-image size-full is-resized has-custom-border\"><img loading=\"lazy\" decoding=\"async\" width=\"2000\" height=\"2000\" src=\"https:\/\/token-tact.org\/wp-content\/uploads\/2024\/01\/TokenTact-bot.png\" alt=\"Comercio de Token Tact\" class=\"wp-image-31\" style=\"border-radius:8px;width:667px;height:auto\" srcset=\"https:\/\/token-tact.org\/wp-content\/uploads\/2024\/01\/TokenTact-bot.png 2000w, https:\/\/token-tact.org\/wp-content\/uploads\/2024\/01\/TokenTact-bot-300x300.png 300w, https:\/\/token-tact.org\/wp-content\/uploads\/2024\/01\/TokenTact-bot-1024x1024.png 1024w, https:\/\/token-tact.org\/wp-content\/uploads\/2024\/01\/TokenTact-bot-150x150.png 150w, https:\/\/token-tact.org\/wp-content\/uploads\/2024\/01\/TokenTact-bot-768x768.png 768w, https:\/\/token-tact.org\/wp-content\/uploads\/2024\/01\/TokenTact-bot-1536x1536.png 1536w\" sizes=\"auto, (max-width: 2000px) 100vw, 2000px\" \/><\/figure>\n<\/div>\n<\/div>\n\n\n\n<div class=\"wp-block-columns alignwide is-layout-flex wp-container-core-columns-is-layout-398b3aa3 wp-block-columns-is-layout-flex\">\n<div class=\"wp-block-column is-layout-flow wp-block-column-is-layout-flow\">\n<figure class=\"wp-block-image size-full is-resized has-custom-border\"><img loading=\"lazy\" decoding=\"async\" width=\"2000\" height=\"2000\" src=\"https:\/\/token-tact.org\/wp-content\/uploads\/2024\/01\/TokenTact-trade.png\" alt=\"Token Tact\" class=\"wp-image-29\" style=\"border-radius:8px;width:458px;height:auto\" srcset=\"https:\/\/token-tact.org\/wp-content\/uploads\/2024\/01\/TokenTact-trade.png 2000w, https:\/\/token-tact.org\/wp-content\/uploads\/2024\/01\/TokenTact-trade-300x300.png 300w, https:\/\/token-tact.org\/wp-content\/uploads\/2024\/01\/TokenTact-trade-1024x1024.png 1024w, https:\/\/token-tact.org\/wp-content\/uploads\/2024\/01\/TokenTact-trade-150x150.png 150w, https:\/\/token-tact.org\/wp-content\/uploads\/2024\/01\/TokenTact-trade-768x768.png 768w, https:\/\/token-tact.org\/wp-content\/uploads\/2024\/01\/TokenTact-trade-1536x1536.png 1536w\" sizes=\"auto, (max-width: 2000px) 100vw, 2000px\" \/><\/figure>\n<\/div>\n\n\n\n<div class=\"wp-block-column is-vertically-aligned-center is-layout-flow wp-block-column-is-layout-flow\">\n<div class=\"wp-block-group is-layout-constrained wp-container-core-group-is-layout-63b154dc wp-block-group-is-layout-constrained\" style=\"padding-right:var(--wp--preset--spacing--x-small);padding-left:var(--wp--preset--spacing--medium)\">\n<p class=\"has-x-small-font-size\" style=\"letter-spacing:2px\">03<\/p>\n\n\n\n<h4 class=\"wp-block-heading has-heading-color has-text-color\">Nuestro compromiso<\/h4>\n\n\n\n<p>Token Tact no es s\u00f3lo una plataforma; es un compromiso con la excelencia y la integridad en el mundo del comercio de criptomonedas. Nuestro compromiso se extiende a todos los aspectos de nuestra plataforma, garantizando que los usuarios tengan una experiencia comercial segura y fluida.<\/p>\n\n\n\n<p>Transparencia y Seguridad<\/p>\n\n\n\n<p>Como propietarios de Token Tact, priorizamos la transparencia y la seguridad. Nuestro compromiso con estos principios se refleja en las medidas que hemos implementado para salvaguardar los datos y activos de los usuarios. Creemos que la confianza se gana mediante la apertura y la diligencia, y nos esforzamos por mantener los m\u00e1s altos est\u00e1ndares de la industria.<\/p>\n<\/div>\n<\/div>\n<\/div>\n<\/div>\n\n\n\n<div class=\"wp-block-group alignfull is-layout-constrained wp-container-core-group-is-layout-fa72c8b5 wp-block-group-is-layout-constrained\" style=\"padding-top:var(--wp--preset--spacing--x-large);padding-bottom:var(--wp--preset--spacing--x-large)\"><\/div>\n","protected":false},"excerpt":{"rendered":"<p>Nuestra Misi\u00f3n y Visi\u00f3n Bienvenido a Token Tact, donde la innovaci\u00f3n se une a la excelencia en el comercio de [&hellip;]<\/p>\n","protected":false},"author":1,"featured_media":0,"parent":0,"menu_order":0,"comment_status":"closed","ping_status":"closed","template":"","meta":{"_acf_changed":false,"_monsterinsights_skip_tracking":false,"_monsterinsights_sitenote_active":false,"_monsterinsights_sitenote_note":"","_monsterinsights_sitenote_category":0,"site-sidebar-layout":"default","site-content-layout":"","ast-site-content-layout":"","site-content-style":"default","site-sidebar-style":"default","ast-global-header-display":"","ast-banner-title-visibility":"","ast-main-header-display":"","ast-hfb-above-header-display":"","ast-hfb-below-header-display":"","ast-hfb-mobile-header-display":"","site-post-title":"disabled","ast-breadcrumbs-content":"","ast-featured-img":"","footer-sml-layout":"","theme-transparent-header-meta":"","adv-header-id-meta":"","stick-header-meta":"","header-above-stick-meta":"","header-main-stick-meta":"","header-below-stick-meta":"","astra-migrate-meta-layouts":"default","ast-page-background-enabled":"default","ast-page-background-meta":{"desktop":{"background-color":"var(--ast-global-color-4)","background-image":"","background-repeat":"repeat","background-position":"center center","background-size":"auto","background-attachment":"scroll","background-type":"","background-media":"","overlay-type":"","overlay-color":"","overlay-opacity":"","overlay-gradient":""},"tablet":{"background-color":"","background-image":"","background-repeat":"repeat","background-position":"center center","background-size":"auto","background-attachment":"scroll","background-type":"","background-media":"","overlay-type":"","overlay-color":"","overlay-opacity":"","overlay-gradient":""},"mobile":{"background-color":"","background-image":"","background-repeat":"repeat","background-position":"center center","background-size":"auto","background-attachment":"scroll","background-type":"","background-media":"","overlay-type":"","overlay-color":"","overlay-opacity":"","overlay-gradient":""}},"ast-content-background-meta":{"desktop":{"background-color":"var(--ast-global-color-5)","background-image":"","background-repeat":"repeat","background-position":"center center","background-size":"auto","background-attachment":"scroll","background-type":"","background-media":"","overlay-type":"","overlay-color":"","overlay-opacity":"","overlay-gradient":""},"tablet":{"background-color":"var(--ast-global-color-5)","background-image":"","background-repeat":"repeat","background-position":"center center","background-size":"auto","background-attachment":"scroll","background-type":"","background-media":"","overlay-type":"","overlay-color":"","overlay-opacity":"","overlay-gradient":""},"mobile":{"background-color":"var(--ast-global-color-5)","background-image":"","background-repeat":"repeat","background-position":"center center","background-size":"auto","background-attachment":"scroll","background-type":"","background-media":"","overlay-type":"","overlay-color":"","overlay-opacity":"","overlay-gradient":""}},"footnotes":""},"class_list":["post-478","page","type-page","status-publish","hentry"],"acf":[],"yoast_head":"<!-- This site is optimized with the Yoast SEO plugin v22.7 - https:\/\/yoast.com\/wordpress\/plugins\/seo\/ -->\n<title>Sobre nosotros &#187; Official Website<\/title>\n<meta name=\"description\" content=\"Token Tact no es s\u00f3lo una plataforma: es un viaje que emprendemos junto con nuestra comunidad. \u00danase a nosotros mientras redefinimos el comercio de criptomonedas y lo hacemos accesible, divertido y rentable para todos.\" \/>\n<meta name=\"robots\" content=\"index, follow, max-snippet:-1, max-image-preview:large, max-video-preview:-1\" \/>\n<link rel=\"canonical\" href=\"https:\/\/token-tact.org\/es\/sobre-nosotros\/\" \/>\n<meta property=\"og:locale\" content=\"es_ES\" \/>\n<meta property=\"og:type\" content=\"article\" \/>\n<meta property=\"og:title\" content=\"Sobre nosotros &#187; Official Website\" \/>\n<meta property=\"og:description\" content=\"Token Tact no es s\u00f3lo una plataforma: es un viaje que emprendemos junto con nuestra comunidad. \u00danase a nosotros mientras redefinimos el comercio de criptomonedas y lo hacemos accesible, divertido y rentable para todos.\" \/>\n<meta property=\"og:url\" content=\"https:\/\/token-tact.org\/es\/sobre-nosotros\/\" \/>\n<meta property=\"article:modified_time\" content=\"2024-02-12T15:21:26+00:00\" \/>\n<meta property=\"og:image\" content=\"https:\/\/token-tact.org\/wp-content\/uploads\/2024\/01\/Revenue-bro-1-1.png\" \/>\n<meta name=\"twitter:card\" content=\"summary_large_image\" \/>\n<meta name=\"twitter:label1\" content=\"Tiempo de lectura\" \/>\n\t<meta name=\"twitter:data1\" content=\"3 minutos\" \/>\n<script type=\"application\/ld+json\" class=\"yoast-schema-graph\">{\"@context\":\"https:\/\/schema.org\",\"@graph\":[{\"@type\":\"WebPage\",\"@id\":\"https:\/\/token-tact.org\/es\/sobre-nosotros\/\",\"url\":\"https:\/\/token-tact.org\/es\/sobre-nosotros\/\",\"name\":\"Sobre nosotros &#187; Official Website\",\"isPartOf\":{\"@id\":\"https:\/\/token-tact.org\/#website\"},\"primaryImageOfPage\":{\"@id\":\"https:\/\/token-tact.org\/es\/sobre-nosotros\/#primaryimage\"},\"image\":{\"@id\":\"https:\/\/token-tact.org\/es\/sobre-nosotros\/#primaryimage\"},\"thumbnailUrl\":\"https:\/\/token-tact.org\/wp-content\/uploads\/2024\/01\/Revenue-bro-1-1.png\",\"datePublished\":\"2024-01-29T09:54:00+00:00\",\"dateModified\":\"2024-02-12T15:21:26+00:00\",\"description\":\"Token Tact no es s\u00f3lo una plataforma: es un viaje que emprendemos junto con nuestra comunidad. \u00danase a nosotros mientras redefinimos el comercio de criptomonedas y lo hacemos accesible, divertido y rentable para todos.\",\"breadcrumb\":{\"@id\":\"https:\/\/token-tact.org\/es\/sobre-nosotros\/#breadcrumb\"},\"inLanguage\":\"es\",\"potentialAction\":[{\"@type\":\"ReadAction\",\"target\":[\"https:\/\/token-tact.org\/es\/sobre-nosotros\/\"]}]},{\"@type\":\"ImageObject\",\"inLanguage\":\"es\",\"@id\":\"https:\/\/token-tact.org\/es\/sobre-nosotros\/#primaryimage\",\"url\":\"https:\/\/token-tact.org\/wp-content\/uploads\/2024\/01\/Revenue-bro-1-1.png\",\"contentUrl\":\"https:\/\/token-tact.org\/wp-content\/uploads\/2024\/01\/Revenue-bro-1-1.png\"},{\"@type\":\"BreadcrumbList\",\"@id\":\"https:\/\/token-tact.org\/es\/sobre-nosotros\/#breadcrumb\",\"itemListElement\":[{\"@type\":\"ListItem\",\"position\":1,\"name\":\"Token Tact\",\"item\":\"https:\/\/token-tact.org\/es\/\"},{\"@type\":\"ListItem\",\"position\":2,\"name\":\"Sobre nosotros\"}]},{\"@type\":\"WebSite\",\"@id\":\"https:\/\/token-tact.org\/#website\",\"url\":\"https:\/\/token-tact.org\/\",\"name\":\"Token Tact - Best AI crypto trading bot\",\"description\":\"\",\"publisher\":{\"@id\":\"https:\/\/token-tact.org\/#organization\"},\"alternateName\":\"Token Tact\",\"potentialAction\":[{\"@type\":\"SearchAction\",\"target\":{\"@type\":\"EntryPoint\",\"urlTemplate\":\"https:\/\/token-tact.org\/?s={search_term_string}\"},\"query-input\":\"required name=search_term_string\"}],\"inLanguage\":\"es\"},{\"@type\":\"Organization\",\"@id\":\"https:\/\/token-tact.org\/#organization\",\"name\":\"Token Tact\",\"url\":\"https:\/\/token-tact.org\/\",\"logo\":{\"@type\":\"ImageObject\",\"inLanguage\":\"es\",\"@id\":\"https:\/\/token-tact.org\/#\/schema\/logo\/image\/\",\"url\":\"https:\/\/token-tact.org\/wp-content\/uploads\/2025\/02\/logo.svg\",\"contentUrl\":\"https:\/\/token-tact.org\/wp-content\/uploads\/2025\/02\/logo.svg\",\"caption\":\"Token Tact\"},\"image\":{\"@id\":\"https:\/\/token-tact.org\/#\/schema\/logo\/image\/\"}}]}<\/script>\n<!-- \/ Yoast SEO plugin. -->","yoast_head_json":{"title":"Sobre nosotros &#187; Official Website","description":"Token Tact no es s\u00f3lo una plataforma: es un viaje que emprendemos junto con nuestra comunidad. \u00danase a nosotros mientras redefinimos el comercio de criptomonedas y lo hacemos accesible, divertido y rentable para todos.","robots":{"index":"index","follow":"follow","max-snippet":"max-snippet:-1","max-image-preview":"max-image-preview:large","max-video-preview":"max-video-preview:-1"},"canonical":"https:\/\/token-tact.org\/es\/sobre-nosotros\/","og_locale":"es_ES","og_type":"article","og_title":"Sobre nosotros &#187; Official Website","og_description":"Token Tact no es s\u00f3lo una plataforma: es un viaje que emprendemos junto con nuestra comunidad. \u00danase a nosotros mientras redefinimos el comercio de criptomonedas y lo hacemos accesible, divertido y rentable para todos.","og_url":"https:\/\/token-tact.org\/es\/sobre-nosotros\/","article_modified_time":"2024-02-12T15:21:26+00:00","og_image":[{"url":"https:\/\/token-tact.org\/wp-content\/uploads\/2024\/01\/Revenue-bro-1-1.png"}],"twitter_card":"summary_large_image","twitter_misc":{"Tiempo de lectura":"3 minutos"},"schema":{"@context":"https:\/\/schema.org","@graph":[{"@type":"WebPage","@id":"https:\/\/token-tact.org\/es\/sobre-nosotros\/","url":"https:\/\/token-tact.org\/es\/sobre-nosotros\/","name":"Sobre nosotros &#187; Official Website","isPartOf":{"@id":"https:\/\/token-tact.org\/#website"},"primaryImageOfPage":{"@id":"https:\/\/token-tact.org\/es\/sobre-nosotros\/#primaryimage"},"image":{"@id":"https:\/\/token-tact.org\/es\/sobre-nosotros\/#primaryimage"},"thumbnailUrl":"https:\/\/token-tact.org\/wp-content\/uploads\/2024\/01\/Revenue-bro-1-1.png","datePublished":"2024-01-29T09:54:00+00:00","dateModified":"2024-02-12T15:21:26+00:00","description":"Token Tact no es s\u00f3lo una plataforma: es un viaje que emprendemos junto con nuestra comunidad. \u00danase a nosotros mientras redefinimos el comercio de criptomonedas y lo hacemos accesible, divertido y rentable para todos.","breadcrumb":{"@id":"https:\/\/token-tact.org\/es\/sobre-nosotros\/#breadcrumb"},"inLanguage":"es","potentialAction":[{"@type":"ReadAction","target":["https:\/\/token-tact.org\/es\/sobre-nosotros\/"]}]},{"@type":"ImageObject","inLanguage":"es","@id":"https:\/\/token-tact.org\/es\/sobre-nosotros\/#primaryimage","url":"https:\/\/token-tact.org\/wp-content\/uploads\/2024\/01\/Revenue-bro-1-1.png","contentUrl":"https:\/\/token-tact.org\/wp-content\/uploads\/2024\/01\/Revenue-bro-1-1.png"},{"@type":"BreadcrumbList","@id":"https:\/\/token-tact.org\/es\/sobre-nosotros\/#breadcrumb","itemListElement":[{"@type":"ListItem","position":1,"name":"Token Tact","item":"https:\/\/token-tact.org\/es\/"},{"@type":"ListItem","position":2,"name":"Sobre nosotros"}]},{"@type":"WebSite","@id":"https:\/\/token-tact.org\/#website","url":"https:\/\/token-tact.org\/","name":"Token Tact - Best AI crypto trading bot","description":"","publisher":{"@id":"https:\/\/token-tact.org\/#organization"},"alternateName":"Token Tact","potentialAction":[{"@type":"SearchAction","target":{"@type":"EntryPoint","urlTemplate":"https:\/\/token-tact.org\/?s={search_term_string}"},"query-input":"required name=search_term_string"}],"inLanguage":"es"},{"@type":"Organization","@id":"https:\/\/token-tact.org\/#organization","name":"Token Tact","url":"https:\/\/token-tact.org\/","logo":{"@type":"ImageObject","inLanguage":"es","@id":"https:\/\/token-tact.org\/#\/schema\/logo\/image\/","url":"https:\/\/token-tact.org\/wp-content\/uploads\/2025\/02\/logo.svg","contentUrl":"https:\/\/token-tact.org\/wp-content\/uploads\/2025\/02\/logo.svg","caption":"Token Tact"},"image":{"@id":"https:\/\/token-tact.org\/#\/schema\/logo\/image\/"}}]}},"_links":{"self":[{"href":"https:\/\/token-tact.org\/es\/wp-json\/wp\/v2\/pages\/478","targetHints":{"allow":["GET"]}}],"collection":[{"href":"https:\/\/token-tact.org\/es\/wp-json\/wp\/v2\/pages"}],"about":[{"href":"https:\/\/token-tact.org\/es\/wp-json\/wp\/v2\/types\/page"}],"author":[{"embeddable":true,"href":"https:\/\/token-tact.org\/es\/wp-json\/wp\/v2\/users\/1"}],"replies":[{"embeddable":true,"href":"https:\/\/token-tact.org\/es\/wp-json\/wp\/v2\/comments?post=478"}],"version-history":[{"count":0,"href":"https:\/\/token-tact.org\/es\/wp-json\/wp\/v2\/pages\/478\/revisions"}],"wp:attachment":[{"href":"https:\/\/token-tact.org\/es\/wp-json\/wp\/v2\/media?parent=478"}],"curies":[{"name":"wp","href":"https:\/\/api.w.org\/{rel}","templated":true}]}}