{"id":1312,"date":"2024-01-29T10:14:20","date_gmt":"2024-01-29T10:14:20","guid":{"rendered":"https:\/\/token-tact.org\/contact-us\/"},"modified":"2024-04-10T09:58:12","modified_gmt":"2024-04-10T09:58:12","slug":"contact-us","status":"publish","type":"page","link":"https:\/\/token-tact.org\/es-mx\/contact-us\/","title":{"rendered":"Cont\u00e1ctenos"},"content":{"rendered":"\n<div class=\"wp-block-group alignwide is-layout-constrained wp-container-core-group-is-layout-cac87ae4 wp-block-group-is-layout-constrained\" style=\"padding-top:var(--wp--preset--spacing--50);padding-bottom:var(--wp--preset--spacing--50)\">\n<div class=\"wp-block-columns alignwide is-layout-flex wp-container-core-columns-is-layout-00f84694 wp-block-columns-is-layout-flex\">\n<div class=\"wp-block-column is-vertically-aligned-center is-layout-flow wp-container-core-column-is-layout-c7b3064f wp-block-column-is-layout-flow\">\n<p class=\"has-primary-color has-text-color has-x-small-font-size\" style=\"letter-spacing:2px;text-transform:uppercase\"><strong>Cont\u00e1ctenos<\/strong><\/p>\n\n\n\n<div class=\"wp-block-group is-layout-constrained wp-container-core-group-is-layout-c40a8074 wp-block-group-is-layout-constrained\">\n<h2 class=\"wp-block-heading\"><strong>Estamos Aqu\u00ed para Ayudarle<\/strong><\/h2>\n\n\n\n<p>En Token Tact, valoramos la conexi\u00f3n con nuestros usuarios y agradecemos cualquier consulta, comentario o asistencia que pueda necesitar. Nuestro dedicado equipo de soporte est\u00e1 comprometido a garantizar que su experiencia con Token Tact sea fluida y agradable.<\/p>\n<\/div>\n<\/div>\n\n\n\n<div class=\"wp-block-column is-layout-flow wp-block-column-is-layout-flow\">\n<div class=\"wp-block-group has-border-color has-outline-border-color has-surface-background-color has-background is-layout-constrained wp-container-core-group-is-layout-205f6d9c wp-block-group-is-layout-constrained\" style=\"border-width:1px;border-radius:6px;padding-top:var(--wp--preset--spacing--20);padding-right:var(--wp--preset--spacing--50);padding-bottom:var(--wp--preset--spacing--20);padding-left:var(--wp--preset--spacing--50)\">\n<h6 class=\"wp-block-heading\"><strong>Atenci\u00f3n al Cliente<\/strong><\/h6>\n\n\n\n<hr class=\"wp-block-separator has-alpha-channel-opacity\"\/>\n\n\n\n<hr class=\"wp-block-separator has-text-color has-outline-color has-alpha-channel-opacity has-outline-background-color has-background is-style-wide\" style=\"margin-top:var(--wp--preset--spacing--small);margin-bottom:var(--wp--preset--spacing--small)\"\/>\n\n\n\n<p style=\"padding-top:0;padding-bottom:0\">Nuestro equipo de atenci\u00f3n al cliente est\u00e1 listo para abordar cualquier pregunta o inquietud que pueda tener. Ya sea que necesite ayuda con la navegaci\u00f3n en la plataforma, tenga preguntas sobre nuestros bots de trading o requiera ayuda con su cuenta, nuestro equipo de soporte est\u00e1 a solo un clic de distancia.<\/p>\n<\/div>\n<\/div>\n<\/div>\n<\/div>\n\n\n\n<div class=\"wp-block-group alignwide is-layout-constrained wp-container-core-group-is-layout-fa72c8b5 wp-block-group-is-layout-constrained\" style=\"padding-top:var(--wp--preset--spacing--x-large);padding-bottom:var(--wp--preset--spacing--x-large)\">\n<div class=\"wp-block-columns alignwide is-layout-flex wp-container-core-columns-is-layout-00f84694 wp-block-columns-is-layout-flex\">\n<div class=\"wp-block-column is-vertically-aligned-center is-layout-flow wp-container-core-column-is-layout-9bbe8c87 wp-block-column-is-layout-flow\">\n<div class=\"wp-block-group is-layout-constrained wp-block-group-is-layout-constrained\">\n<h2 class=\"wp-block-heading\"><strong>Consultas Generales<\/strong><\/h2>\n\n\n\n<p>\u00bfTiene una pregunta general o desea saber m\u00e1s sobre Token Tact? Nuestro equipo est\u00e1 aqu\u00ed para brindarle la informaci\u00f3n que necesita. Ya sea sobre nuestra misi\u00f3n, las caracter\u00edsticas de la plataforma o cualquier otra cosa relacionada con Token Tact, estaremos encantados de ayudarle.<\/p>\n\n\n\n<p>Agradecemos su inter\u00e9s en Token Tact y esperamos poder servirle. \u00a1Gracias por ser parte de nuestra comunidad!<\/p>\n<\/div>\n<\/div>\n\n\n\n<div class=\"wp-block-column is-layout-flow wp-container-core-column-is-layout-c39a6912 wp-block-column-is-layout-flow\">\n<div class=\"wp-block-group has-border-color has-outline-border-color is-layout-constrained wp-container-core-group-is-layout-efef38b8 wp-block-group-is-layout-constrained\" style=\"border-width:1px;border-radius:16px;min-height:100%;padding-top:var(--wp--preset--spacing--30);padding-right:var(--wp--preset--spacing--50);padding-bottom:var(--wp--preset--spacing--30);padding-left:var(--wp--preset--spacing--50)\">\n<h4 class=\"wp-block-heading has-heading-color has-text-color\" style=\"margin-top:var(--wp--preset--spacing--small)\"><strong>Informaci\u00f3n de Contacto<\/strong><\/h4>\n\n\n\n<div class=\"wp-block-group is-layout-constrained wp-container-core-group-is-layout-7c6d2669 wp-block-group-is-layout-constrained\">\n<p class=\"wp-block-heading has-x-small-font-size\">Oficina de Token Tact<\/p>\n\n\n\n<p><strong>Alemania<\/strong>: Sede de Token Tact: L\u00e4rchenstra\u00dfe 141, 65933 Frankfurt am Main, Alemania <\/p>\n\n\n\n<p><strong>Reino Unido:<\/strong> 53 The Broadway, London W5 5JS, Reino Unido <\/p>\n\n\n\n<p><strong>Estados Unidos<\/strong>: 224 W 57th St, New York, NY 10019<\/p>\n<\/div>\n\n\n\n<div class=\"wp-block-group is-layout-constrained wp-container-core-group-is-layout-7c6d2669 wp-block-group-is-layout-constrained\">\n<p class=\"wp-block-heading has-x-small-font-size\">Phone: <a href=\"tel:+49123456789\" target=\"_blank\" rel=\"noreferrer noopener\">+49 123 456 789<\/a><\/p>\n<\/div>\n\n\n\n<div class=\"wp-block-group is-layout-constrained wp-container-core-group-is-layout-7c6d2669 wp-block-group-is-layout-constrained\">\n<p class=\"wp-block-heading has-x-small-font-size\">Correo Electr\u00f3nico: <a href=\"mailto:support@token-tact.org\" target=\"_blank\" rel=\"noreferrer noopener\">support@token-tact.org<\/a><\/p>\n<\/div>\n<\/div>\n<\/div>\n<\/div>\n\n\n\n<h2 class=\"wp-block-heading\" style=\"margin-top:var(--wp--preset--spacing--50);margin-bottom:var(--wp--preset--spacing--50)\"><strong>Cont\u00e1ctenos<\/strong><\/h2>\n\n\n\n<div class=\"wp-block-group is-layout-constrained wp-block-group-is-layout-constrained\">\n<div class=\"wp-block-group is-nowrap is-layout-flex wp-container-core-group-is-layout-6c531013 wp-block-group-is-layout-flex\">\n<figure class=\"wp-block-image size-large is-resized\"><img loading=\"lazy\" decoding=\"async\" width=\"1024\" height=\"761\" src=\"https:\/\/token-tact.org\/wp-content\/uploads\/2024\/01\/map-1-1024x761.png\" alt=\"\" class=\"wp-image-396\" style=\"width:602px;height:auto\" srcset=\"https:\/\/token-tact.org\/wp-content\/uploads\/2024\/01\/map-1-1024x761.png 1024w, https:\/\/token-tact.org\/wp-content\/uploads\/2024\/01\/map-1-300x223.png 300w, https:\/\/token-tact.org\/wp-content\/uploads\/2024\/01\/map-1-768x570.png 768w, https:\/\/token-tact.org\/wp-content\/uploads\/2024\/01\/map-1-1536x1141.png 1536w, https:\/\/token-tact.org\/wp-content\/uploads\/2024\/01\/map-1.png 1866w\" sizes=\"auto, (max-width: 1024px) 100vw, 1024px\" \/><\/figure>\n\n\n\n<div class=\"wpcf7 no-js\" id=\"wpcf7-f1056-o1\" lang=\"en-US\" dir=\"ltr\">\n<div class=\"screen-reader-response\"><p role=\"status\" aria-live=\"polite\" aria-atomic=\"true\"><\/p> <ul><\/ul><\/div>\n<form action=\"\/es-mx\/wp-json\/wp\/v2\/pages\/1312#wpcf7-f1056-o1\" method=\"post\" class=\"wpcf7-form init\" aria-label=\"Contact form\" novalidate=\"novalidate\" data-status=\"init\">\n<div style=\"display: none;\">\n<input type=\"hidden\" name=\"_wpcf7\" value=\"1056\" \/>\n<input type=\"hidden\" name=\"_wpcf7_version\" value=\"5.9.4\" \/>\n<input type=\"hidden\" name=\"_wpcf7_locale\" value=\"en_US\" \/>\n<input type=\"hidden\" name=\"_wpcf7_unit_tag\" value=\"wpcf7-f1056-o1\" \/>\n<input type=\"hidden\" name=\"_wpcf7_container_post\" value=\"0\" \/>\n<input type=\"hidden\" name=\"_wpcf7_posted_data_hash\" value=\"\" \/>\n<\/div>\n<div class=\"cta_form\">\n\t<div class=\"row\">\n\t\t<div class=\"col-xxl-6 col-xl-6 col-lg-6 col-md-12 col-12\">\n\t\t\t<h3> Contact us now!\n\t\t\t<\/h3>\n\t\t\t<p><span class=\"wpcf7-form-control-wrap\" data-name=\"fname\"><input size=\"40\" class=\"wpcf7-form-control wpcf7-text wpcf7-validates-as-required\" aria-required=\"true\" aria-invalid=\"false\" placeholder=\"First Name\" value=\"\" type=\"text\" name=\"fname\" \/><\/span>\n\t\t\t<\/p>\n\t\t<\/div>\n\t\t<div class=\"col-xxl-6 col-xl-6 col-lg-6 col-md-12 col-12\">\n\t\t\t<p><span class=\"wpcf7-form-control-wrap\" data-name=\"lname\"><input size=\"40\" class=\"wpcf7-form-control wpcf7-text wpcf7-validates-as-required\" aria-required=\"true\" aria-invalid=\"false\" placeholder=\"Last Name\" value=\"\" type=\"text\" name=\"lname\" \/><\/span>\n\t\t\t<\/p>\n\t\t<\/div>\n\t<\/div>\n\t<div class=\"row\">\n\t\t<div class=\"col-xxl-6 col-xl-6 col-lg-6 col-md-12 col-12\">\n\t\t\t<p><span class=\"wpcf7-form-control-wrap\" data-name=\"email-36\"><input size=\"40\" class=\"wpcf7-form-control wpcf7-email wpcf7-validates-as-required wpcf7-text wpcf7-validates-as-email\" aria-required=\"true\" aria-invalid=\"false\" placeholder=\"E-mail\" value=\"\" type=\"email\" name=\"email-36\" \/><\/span>\n\t\t\t<\/p>\n\t\t<\/div>\n\t\t<div class=\"col-xxl-6 col-xl-6 col-lg-6 col-md-12 col-12\">\n\t\t\t<p><span class=\"wpcf7-form-control-wrap\" data-name=\"tel-246\"><input size=\"40\" class=\"wpcf7-form-control wpcf7-tel wpcf7-validates-as-required wpcf7-text wpcf7-validates-as-tel\" aria-required=\"true\" aria-invalid=\"false\" placeholder=\"Phone\" value=\"\" type=\"tel\" name=\"tel-246\" \/><\/span>\n\t\t\t<\/p>\n\t\t<\/div>\n\t<\/div>\n\t<div class=\"row\">\n\t\t<div class=\"col-12\">\n\t\t\t<p><input class=\"wpcf7-form-control wpcf7-submit has-spinner\" type=\"submit\" value=\"Send\" \/>\n\t\t\t<\/p>\n\t\t<\/div>\n\t<\/div>\n<\/div><div class=\"wpcf7-response-output\" aria-hidden=\"true\"><\/div>\n<\/form>\n<\/div>\n\n<\/div>\n<\/div>\n<\/div>\n","protected":false},"excerpt":{"rendered":"<p>Cont\u00e1ctenos Estamos Aqu\u00ed para Ayudarle En Token Tact, valoramos la conexi\u00f3n con nuestros usuarios y agradecemos cualquier consulta, comentario o [&hellip;]<\/p>\n","protected":false},"author":1,"featured_media":0,"parent":0,"menu_order":0,"comment_status":"closed","ping_status":"closed","template":"","meta":{"_acf_changed":false,"_monsterinsights_skip_tracking":false,"_monsterinsights_sitenote_active":false,"_monsterinsights_sitenote_note":"","_monsterinsights_sitenote_category":0,"site-sidebar-layout":"default","site-content-layout":"","ast-site-content-layout":"","site-content-style":"default","site-sidebar-style":"default","ast-global-header-display":"","ast-banner-title-visibility":"","ast-main-header-display":"","ast-hfb-above-header-display":"","ast-hfb-below-header-display":"","ast-hfb-mobile-header-display":"","site-post-title":"disabled","ast-breadcrumbs-content":"","ast-featured-img":"","footer-sml-layout":"","theme-transparent-header-meta":"","adv-header-id-meta":"","stick-header-meta":"","header-above-stick-meta":"","header-main-stick-meta":"","header-below-stick-meta":"","astra-migrate-meta-layouts":"default","ast-page-background-enabled":"default","ast-page-background-meta":{"desktop":{"background-color":"var(--ast-global-color-4)","background-image":"","background-repeat":"repeat","background-position":"center center","background-size":"auto","background-attachment":"scroll","background-type":"","background-media":"","overlay-type":"","overlay-color":"","overlay-opacity":"","overlay-gradient":""},"tablet":{"background-color":"","background-image":"","background-repeat":"repeat","background-position":"center center","background-size":"auto","background-attachment":"scroll","background-type":"","background-media":"","overlay-type":"","overlay-color":"","overlay-opacity":"","overlay-gradient":""},"mobile":{"background-color":"","background-image":"","background-repeat":"repeat","background-position":"center center","background-size":"auto","background-attachment":"scroll","background-type":"","background-media":"","overlay-type":"","overlay-color":"","overlay-opacity":"","overlay-gradient":""}},"ast-content-background-meta":{"desktop":{"background-color":"var(--ast-global-color-5)","background-image":"","background-repeat":"repeat","background-position":"center center","background-size":"auto","background-attachment":"scroll","background-type":"","background-media":"","overlay-type":"","overlay-color":"","overlay-opacity":"","overlay-gradient":""},"tablet":{"background-color":"var(--ast-global-color-5)","background-image":"","background-repeat":"repeat","background-position":"center center","background-size":"auto","background-attachment":"scroll","background-type":"","background-media":"","overlay-type":"","overlay-color":"","overlay-opacity":"","overlay-gradient":""},"mobile":{"background-color":"var(--ast-global-color-5)","background-image":"","background-repeat":"repeat","background-position":"center center","background-size":"auto","background-attachment":"scroll","background-type":"","background-media":"","overlay-type":"","overlay-color":"","overlay-opacity":"","overlay-gradient":""}},"footnotes":""},"class_list":["post-1312","page","type-page","status-publish","hentry"],"acf":[],"yoast_head":"<!-- This site is optimized with the Yoast SEO plugin v22.7 - https:\/\/yoast.com\/wordpress\/plugins\/seo\/ -->\n<title>Cont\u00e1ctenos &#187; Official Website<\/title>\n<meta name=\"description\" content=\"We appreciate your interest in Token Tact and look forward to serving you. Thank you for being a part of our community!\" \/>\n<meta name=\"robots\" content=\"index, follow, max-snippet:-1, max-image-preview:large, max-video-preview:-1\" \/>\n<link rel=\"canonical\" href=\"https:\/\/token-tact.org\/es-mx\/contact-us\/\" \/>\n<meta property=\"og:locale\" content=\"es_MX\" \/>\n<meta property=\"og:type\" content=\"article\" \/>\n<meta property=\"og:title\" content=\"Cont\u00e1ctenos &#187; Official Website\" \/>\n<meta property=\"og:description\" content=\"We appreciate your interest in Token Tact and look forward to serving you. Thank you for being a part of our community!\" \/>\n<meta property=\"og:url\" content=\"https:\/\/token-tact.org\/es-mx\/contact-us\/\" \/>\n<meta property=\"article:modified_time\" content=\"2024-04-10T09:58:12+00:00\" \/>\n<meta property=\"og:image\" content=\"https:\/\/token-tact.org\/wp-content\/uploads\/2024\/01\/map-1-1024x761.png\" \/>\n<meta name=\"twitter:card\" content=\"summary_large_image\" \/>\n<meta name=\"twitter:label1\" content=\"Tiempo de lectura\" \/>\n\t<meta name=\"twitter:data1\" content=\"2 minutos\" \/>\n<script type=\"application\/ld+json\" class=\"yoast-schema-graph\">{\"@context\":\"https:\/\/schema.org\",\"@graph\":[{\"@type\":\"WebPage\",\"@id\":\"https:\/\/token-tact.org\/es-mx\/contact-us\/\",\"url\":\"https:\/\/token-tact.org\/es-mx\/contact-us\/\",\"name\":\"Cont\u00e1ctenos &#187; Official Website\",\"isPartOf\":{\"@id\":\"https:\/\/token-tact.org\/#website\"},\"primaryImageOfPage\":{\"@id\":\"https:\/\/token-tact.org\/es-mx\/contact-us\/#primaryimage\"},\"image\":{\"@id\":\"https:\/\/token-tact.org\/es-mx\/contact-us\/#primaryimage\"},\"thumbnailUrl\":\"https:\/\/token-tact.org\/wp-content\/uploads\/2024\/01\/map-1-1024x761.png\",\"datePublished\":\"2024-01-29T10:14:20+00:00\",\"dateModified\":\"2024-04-10T09:58:12+00:00\",\"description\":\"We appreciate your interest in Token Tact and look forward to serving you. Thank you for being a part of our community!\",\"breadcrumb\":{\"@id\":\"https:\/\/token-tact.org\/es-mx\/contact-us\/#breadcrumb\"},\"inLanguage\":\"es\",\"potentialAction\":[{\"@type\":\"ReadAction\",\"target\":[\"https:\/\/token-tact.org\/es-mx\/contact-us\/\"]}]},{\"@type\":\"ImageObject\",\"inLanguage\":\"es\",\"@id\":\"https:\/\/token-tact.org\/es-mx\/contact-us\/#primaryimage\",\"url\":\"https:\/\/token-tact.org\/wp-content\/uploads\/2024\/01\/map-1-1024x761.png\",\"contentUrl\":\"https:\/\/token-tact.org\/wp-content\/uploads\/2024\/01\/map-1-1024x761.png\"},{\"@type\":\"BreadcrumbList\",\"@id\":\"https:\/\/token-tact.org\/es-mx\/contact-us\/#breadcrumb\",\"itemListElement\":[{\"@type\":\"ListItem\",\"position\":1,\"name\":\"Token Tact\",\"item\":\"https:\/\/token-tact.org\/es-mx\/\"},{\"@type\":\"ListItem\",\"position\":2,\"name\":\"Cont\u00e1ctenos\"}]},{\"@type\":\"WebSite\",\"@id\":\"https:\/\/token-tact.org\/#website\",\"url\":\"https:\/\/token-tact.org\/\",\"name\":\"Token Tact - Best AI crypto trading bot\",\"description\":\"\",\"publisher\":{\"@id\":\"https:\/\/token-tact.org\/#organization\"},\"alternateName\":\"Token Tact\",\"potentialAction\":[{\"@type\":\"SearchAction\",\"target\":{\"@type\":\"EntryPoint\",\"urlTemplate\":\"https:\/\/token-tact.org\/?s={search_term_string}\"},\"query-input\":\"required name=search_term_string\"}],\"inLanguage\":\"es\"},{\"@type\":\"Organization\",\"@id\":\"https:\/\/token-tact.org\/#organization\",\"name\":\"Token Tact\",\"url\":\"https:\/\/token-tact.org\/\",\"logo\":{\"@type\":\"ImageObject\",\"inLanguage\":\"es\",\"@id\":\"https:\/\/token-tact.org\/#\/schema\/logo\/image\/\",\"url\":\"https:\/\/token-tact.org\/wp-content\/uploads\/2025\/02\/logo.svg\",\"contentUrl\":\"https:\/\/token-tact.org\/wp-content\/uploads\/2025\/02\/logo.svg\",\"caption\":\"Token Tact\"},\"image\":{\"@id\":\"https:\/\/token-tact.org\/#\/schema\/logo\/image\/\"}}]}<\/script>\n<!-- \/ Yoast SEO plugin. -->","yoast_head_json":{"title":"Cont\u00e1ctenos &#187; Official Website","description":"We appreciate your interest in Token Tact and look forward to serving you. Thank you for being a part of our community!","robots":{"index":"index","follow":"follow","max-snippet":"max-snippet:-1","max-image-preview":"max-image-preview:large","max-video-preview":"max-video-preview:-1"},"canonical":"https:\/\/token-tact.org\/es-mx\/contact-us\/","og_locale":"es_MX","og_type":"article","og_title":"Cont\u00e1ctenos &#187; Official Website","og_description":"We appreciate your interest in Token Tact and look forward to serving you. Thank you for being a part of our community!","og_url":"https:\/\/token-tact.org\/es-mx\/contact-us\/","article_modified_time":"2024-04-10T09:58:12+00:00","og_image":[{"url":"https:\/\/token-tact.org\/wp-content\/uploads\/2024\/01\/map-1-1024x761.png"}],"twitter_card":"summary_large_image","twitter_misc":{"Tiempo de lectura":"2 minutos"},"schema":{"@context":"https:\/\/schema.org","@graph":[{"@type":"WebPage","@id":"https:\/\/token-tact.org\/es-mx\/contact-us\/","url":"https:\/\/token-tact.org\/es-mx\/contact-us\/","name":"Cont\u00e1ctenos &#187; Official Website","isPartOf":{"@id":"https:\/\/token-tact.org\/#website"},"primaryImageOfPage":{"@id":"https:\/\/token-tact.org\/es-mx\/contact-us\/#primaryimage"},"image":{"@id":"https:\/\/token-tact.org\/es-mx\/contact-us\/#primaryimage"},"thumbnailUrl":"https:\/\/token-tact.org\/wp-content\/uploads\/2024\/01\/map-1-1024x761.png","datePublished":"2024-01-29T10:14:20+00:00","dateModified":"2024-04-10T09:58:12+00:00","description":"We appreciate your interest in Token Tact and look forward to serving you. Thank you for being a part of our community!","breadcrumb":{"@id":"https:\/\/token-tact.org\/es-mx\/contact-us\/#breadcrumb"},"inLanguage":"es","potentialAction":[{"@type":"ReadAction","target":["https:\/\/token-tact.org\/es-mx\/contact-us\/"]}]},{"@type":"ImageObject","inLanguage":"es","@id":"https:\/\/token-tact.org\/es-mx\/contact-us\/#primaryimage","url":"https:\/\/token-tact.org\/wp-content\/uploads\/2024\/01\/map-1-1024x761.png","contentUrl":"https:\/\/token-tact.org\/wp-content\/uploads\/2024\/01\/map-1-1024x761.png"},{"@type":"BreadcrumbList","@id":"https:\/\/token-tact.org\/es-mx\/contact-us\/#breadcrumb","itemListElement":[{"@type":"ListItem","position":1,"name":"Token Tact","item":"https:\/\/token-tact.org\/es-mx\/"},{"@type":"ListItem","position":2,"name":"Cont\u00e1ctenos"}]},{"@type":"WebSite","@id":"https:\/\/token-tact.org\/#website","url":"https:\/\/token-tact.org\/","name":"Token Tact - Best AI crypto trading bot","description":"","publisher":{"@id":"https:\/\/token-tact.org\/#organization"},"alternateName":"Token Tact","potentialAction":[{"@type":"SearchAction","target":{"@type":"EntryPoint","urlTemplate":"https:\/\/token-tact.org\/?s={search_term_string}"},"query-input":"required name=search_term_string"}],"inLanguage":"es"},{"@type":"Organization","@id":"https:\/\/token-tact.org\/#organization","name":"Token Tact","url":"https:\/\/token-tact.org\/","logo":{"@type":"ImageObject","inLanguage":"es","@id":"https:\/\/token-tact.org\/#\/schema\/logo\/image\/","url":"https:\/\/token-tact.org\/wp-content\/uploads\/2025\/02\/logo.svg","contentUrl":"https:\/\/token-tact.org\/wp-content\/uploads\/2025\/02\/logo.svg","caption":"Token Tact"},"image":{"@id":"https:\/\/token-tact.org\/#\/schema\/logo\/image\/"}}]}},"_links":{"self":[{"href":"https:\/\/token-tact.org\/es-mx\/wp-json\/wp\/v2\/pages\/1312","targetHints":{"allow":["GET"]}}],"collection":[{"href":"https:\/\/token-tact.org\/es-mx\/wp-json\/wp\/v2\/pages"}],"about":[{"href":"https:\/\/token-tact.org\/es-mx\/wp-json\/wp\/v2\/types\/page"}],"author":[{"embeddable":true,"href":"https:\/\/token-tact.org\/es-mx\/wp-json\/wp\/v2\/users\/1"}],"replies":[{"embeddable":true,"href":"https:\/\/token-tact.org\/es-mx\/wp-json\/wp\/v2\/comments?post=1312"}],"version-history":[{"count":0,"href":"https:\/\/token-tact.org\/es-mx\/wp-json\/wp\/v2\/pages\/1312\/revisions"}],"wp:attachment":[{"href":"https:\/\/token-tact.org\/es-mx\/wp-json\/wp\/v2\/media?parent=1312"}],"curies":[{"name":"wp","href":"https:\/\/api.w.org\/{rel}","templated":true}]}}