{"id":460,"date":"2024-01-29T09:54:00","date_gmt":"2024-01-29T09:54:00","guid":{"rendered":"https:\/\/token-tact.org\/om-os\/"},"modified":"2024-02-12T15:20:01","modified_gmt":"2024-02-12T15:20:01","slug":"om-os","status":"publish","type":"page","link":"https:\/\/token-tact.org\/da\/om-os\/","title":{"rendered":"Om os"},"content":{"rendered":"\n<div class=\"wp-block-group alignfull has-tertiary-background-color has-background is-layout-constrained wp-container-core-group-is-layout-13138de1 wp-block-group-is-layout-constrained\" style=\"padding-top:var(--wp--preset--spacing--xx-large);padding-bottom:var(--wp--preset--spacing--xx-large)\">\n<div class=\"wp-block-group alignwide is-layout-constrained wp-block-group-is-layout-constrained\">\n<h2 class=\"wp-block-heading has-text-align-center has-heading-color has-text-color\">Vores mission og vision<\/h2>\n\n\n\n<p class=\"has-text-align-center\">Velkommen til Token Tact, hvor innovation m\u00f8der ekspertise inden for kryptovalutahandel. Vores mission hos Token Tact er at styrke enkeltpersoner ved at give dem en banebrydende cryptocurrency trading bot og platform. Vi forestiller os en fremtid, hvor kryptohandel ikke kun er en niche for eksperter, men en tilg\u00e6ngelig og givende indsats for alle.<\/p>\n<\/div>\n\n\n\n<div class=\"wp-block-columns alignwide is-layout-flex wp-container-core-columns-is-layout-398b3aa3 wp-block-columns-is-layout-flex\">\n<div class=\"wp-block-column is-layout-flow wp-block-column-is-layout-flow\">\n<figure class=\"wp-block-image size-full is-resized has-custom-border\"><img loading=\"lazy\" decoding=\"async\" width=\"2000\" height=\"2000\" src=\"https:\/\/token-tact.org\/wp-content\/uploads\/2024\/01\/Revenue-bro-1-1.png\" alt=\"Token Tact krypto\" class=\"wp-image-33\" style=\"border-radius:8px;width:423px;height:auto\" srcset=\"https:\/\/token-tact.org\/wp-content\/uploads\/2024\/01\/Revenue-bro-1-1.png 2000w, https:\/\/token-tact.org\/wp-content\/uploads\/2024\/01\/Revenue-bro-1-1-300x300.png 300w, https:\/\/token-tact.org\/wp-content\/uploads\/2024\/01\/Revenue-bro-1-1TokenTact-1024x1024.png 1024w, https:\/\/token-tact.org\/wp-content\/uploads\/2024\/01\/Revenue-bro-1-1-150x150.png 150w, https:\/\/token-tact.org\/wp-content\/uploads\/2024\/01\/Revenue-bro-1-1-768x768.png 768w, https:\/\/token-tact.org\/wp-content\/uploads\/2024\/01\/Revenue-bro-1-1-1536x1536.png 1536w\" sizes=\"auto, (max-width: 2000px) 100vw, 2000px\" \/><\/figure>\n<\/div>\n\n\n\n<div class=\"wp-block-column is-vertically-aligned-center is-layout-flow wp-block-column-is-layout-flow\">\n<div class=\"wp-block-group is-layout-constrained wp-container-core-group-is-layout-63b154dc wp-block-group-is-layout-constrained\" style=\"padding-right:var(--wp--preset--spacing--x-small);padding-left:var(--wp--preset--spacing--medium)\">\n<p class=\"has-x-small-font-size\" style=\"letter-spacing:2px\">01<\/p>\n\n\n\n<h4 class=\"wp-block-heading has-heading-color has-text-color\">Vores vision<\/h4>\n\n\n\n<p>Som de stolte ejere af Token Tact er vi forpligtet til at revolutionere kryptohandelslandskabet. Gennem vores f\u00f8rsteh\u00e5ndserfaring i cryptocurrency-verdenen forst\u00e5r vi de udfordringer, som handlende st\u00e5r over for, fra kompleksiteten af markedsanalyser til den tidskr\u00e6vende karakter af manuel handel.<\/p>\n\n\n\n<p>I henhold til vores ekspertise har vi udviklet Token Tact til at v\u00e6re den l\u00f8sning, der forenkler og forbedrer kryptohandelsoplevelsen. Vores vision er at bygge bro mellem erfarne handlende og begyndere, hvilket giver en platform, der henvender sig til alle niveauer af ekspertise.<\/p>\n<\/div>\n<\/div>\n<\/div>\n\n\n\n<div class=\"wp-block-columns alignwide is-layout-flex wp-container-core-columns-is-layout-28f84493 wp-block-columns-is-layout-flex\">\n<div class=\"wp-block-column is-vertically-aligned-center is-layout-flow wp-block-column-is-layout-flow\">\n<div class=\"wp-block-group is-layout-constrained wp-container-core-group-is-layout-8081e35e wp-block-group-is-layout-constrained\" style=\"padding-right:var(--wp--preset--spacing--x-small);padding-left:var(--wp--preset--spacing--medium)\">\n<p class=\"has-x-small-font-size\" style=\"letter-spacing:2px\">02<\/p>\n\n\n\n<h4 class=\"wp-block-heading has-heading-color has-text-color\">Vores f\u00e6llesskab<\/h4>\n\n\n\n<p>Hos Token Tact forst\u00e5r vi vigtigheden af at fremme et levende og st\u00f8ttende f\u00e6llesskab. Vores unders\u00f8gelse viste, at et blomstrende f\u00e6llesskab ikke kun handler om at dele indsigt, men ogs\u00e5 om at skabe et rum, hvor handlende kan forbinde, l\u00e6re og vokse sammen.<\/p>\n\n\n\n<p>Forbinder handlende globalt<\/p>\n\n\n\n<p>Vores resultater viser, at styrken ved et handelsf\u00e6llesskab ligger i dets mangfoldighed og delte viden. Token Tact samler handlende fra hele verden og skaber et dynamisk netv\u00e6rk, hvor ideer flyder frit. Gennem vores praktiske viden har vi implementeret funktioner, der letter kommunikation og samarbejde, hvilket g\u00f8r Token Tact til ikke bare en platform, men et community-hub.<\/p>\n\n\n\n<p>L\u00e6re sammen<\/p>\n\n\n\n<p>Gennem vores fors\u00f8g og fejl har vi erfaret, at kontinuerlig l\u00e6ring er afg\u00f8rende i kryptovalutaens hurtige verden. Vores platform giver uddannelsesressourcer, markedsanalyser og interaktive diskussioner for at sikre, at vores f\u00e6llesskabsmedlemmer forbliver informerede og tr\u00e6ffer velinformerede beslutninger.<\/p>\n<\/div>\n<\/div>\n\n\n\n<div class=\"wp-block-column is-layout-flow wp-block-column-is-layout-flow\">\n<figure class=\"wp-block-image size-full is-resized has-custom-border\"><img loading=\"lazy\" decoding=\"async\" width=\"2000\" height=\"2000\" src=\"https:\/\/token-tact.org\/wp-content\/uploads\/2024\/01\/TokenTact-bot.png\" alt=\"Token Tact handel\" class=\"wp-image-31\" style=\"border-radius:8px;width:667px;height:auto\" srcset=\"https:\/\/token-tact.org\/wp-content\/uploads\/2024\/01\/TokenTact-bot.png 2000w, https:\/\/token-tact.org\/wp-content\/uploads\/2024\/01\/TokenTact-bot-300x300.png 300w, https:\/\/token-tact.org\/wp-content\/uploads\/2024\/01\/TokenTact-bot-1024x1024.png 1024w, https:\/\/token-tact.org\/wp-content\/uploads\/2024\/01\/TokenTact-bot-150x150.png 150w, https:\/\/token-tact.org\/wp-content\/uploads\/2024\/01\/TokenTact-bot-768x768.png 768w, https:\/\/token-tact.org\/wp-content\/uploads\/2024\/01\/TokenTact-bot-1536x1536.png 1536w\" sizes=\"auto, (max-width: 2000px) 100vw, 2000px\" \/><\/figure>\n<\/div>\n<\/div>\n\n\n\n<div class=\"wp-block-columns alignwide is-layout-flex wp-container-core-columns-is-layout-398b3aa3 wp-block-columns-is-layout-flex\">\n<div class=\"wp-block-column is-layout-flow wp-block-column-is-layout-flow\">\n<figure class=\"wp-block-image size-full is-resized has-custom-border\"><img loading=\"lazy\" decoding=\"async\" width=\"2000\" height=\"2000\" src=\"https:\/\/token-tact.org\/wp-content\/uploads\/2024\/01\/TokenTact-trade.png\" alt=\"Token Tact\" class=\"wp-image-29\" style=\"border-radius:8px;width:458px;height:auto\" srcset=\"https:\/\/token-tact.org\/wp-content\/uploads\/2024\/01\/TokenTact-trade.png 2000w, https:\/\/token-tact.org\/wp-content\/uploads\/2024\/01\/TokenTact-trade-300x300.png 300w, https:\/\/token-tact.org\/wp-content\/uploads\/2024\/01\/TokenTact-trade-1024x1024.png 1024w, https:\/\/token-tact.org\/wp-content\/uploads\/2024\/01\/TokenTact-trade-150x150.png 150w, https:\/\/token-tact.org\/wp-content\/uploads\/2024\/01\/TokenTact-trade-768x768.png 768w, https:\/\/token-tact.org\/wp-content\/uploads\/2024\/01\/TokenTact-trade-1536x1536.png 1536w\" sizes=\"auto, (max-width: 2000px) 100vw, 2000px\" \/><\/figure>\n<\/div>\n\n\n\n<div class=\"wp-block-column is-vertically-aligned-center is-layout-flow wp-block-column-is-layout-flow\">\n<div class=\"wp-block-group is-layout-constrained wp-container-core-group-is-layout-63b154dc wp-block-group-is-layout-constrained\" style=\"padding-right:var(--wp--preset--spacing--x-small);padding-left:var(--wp--preset--spacing--medium)\">\n<p class=\"has-x-small-font-size\" style=\"letter-spacing:2px\">03<\/p>\n\n\n\n<h4 class=\"wp-block-heading has-heading-color has-text-color\">Vores forpligtelse<\/h4>\n\n\n\n<p>Token Tact er ikke kun en platform; det er en forpligtelse til ekspertise og integritet i kryptohandelens verden. Vores engagement str\u00e6kker sig til alle aspekter af vores platform og sikrer, at brugerne f\u00e5r en problemfri og sikker handelsoplevelse.<\/p>\n\n\n\n<p>Gennemsigtighed og sikkerhed<\/p>\n\n\n\n<p>Som ejere af Token Tact prioriterer vi gennemsigtighed og sikkerhed. Vores forpligtelse til disse principper afspejles i de foranstaltninger, vi har implementeret for at beskytte brugerdata og -aktiver. Vi tror p\u00e5, at tillid opn\u00e5s gennem \u00e5benhed og omhu, og vi str\u00e6ber efter at opretholde de h\u00f8jeste standarder i branchen.<\/p>\n<\/div>\n<\/div>\n<\/div>\n<\/div>\n\n\n\n<div class=\"wp-block-group alignfull is-layout-constrained wp-container-core-group-is-layout-fa72c8b5 wp-block-group-is-layout-constrained\" style=\"padding-top:var(--wp--preset--spacing--x-large);padding-bottom:var(--wp--preset--spacing--x-large)\"><\/div>\n","protected":false},"excerpt":{"rendered":"<p>Vores mission og vision Velkommen til Token Tact, hvor innovation m\u00f8der ekspertise inden for kryptovalutahandel. Vores mission hos Token Tact [&hellip;]<\/p>\n","protected":false},"author":1,"featured_media":0,"parent":0,"menu_order":0,"comment_status":"closed","ping_status":"closed","template":"","meta":{"_acf_changed":false,"_monsterinsights_skip_tracking":false,"_monsterinsights_sitenote_active":false,"_monsterinsights_sitenote_note":"","_monsterinsights_sitenote_category":0,"site-sidebar-layout":"default","site-content-layout":"","ast-site-content-layout":"","site-content-style":"default","site-sidebar-style":"default","ast-global-header-display":"","ast-banner-title-visibility":"","ast-main-header-display":"","ast-hfb-above-header-display":"","ast-hfb-below-header-display":"","ast-hfb-mobile-header-display":"","site-post-title":"disabled","ast-breadcrumbs-content":"","ast-featured-img":"","footer-sml-layout":"","theme-transparent-header-meta":"","adv-header-id-meta":"","stick-header-meta":"","header-above-stick-meta":"","header-main-stick-meta":"","header-below-stick-meta":"","astra-migrate-meta-layouts":"default","ast-page-background-enabled":"default","ast-page-background-meta":{"desktop":{"background-color":"var(--ast-global-color-4)","background-image":"","background-repeat":"repeat","background-position":"center center","background-size":"auto","background-attachment":"scroll","background-type":"","background-media":"","overlay-type":"","overlay-color":"","overlay-opacity":"","overlay-gradient":""},"tablet":{"background-color":"","background-image":"","background-repeat":"repeat","background-position":"center center","background-size":"auto","background-attachment":"scroll","background-type":"","background-media":"","overlay-type":"","overlay-color":"","overlay-opacity":"","overlay-gradient":""},"mobile":{"background-color":"","background-image":"","background-repeat":"repeat","background-position":"center center","background-size":"auto","background-attachment":"scroll","background-type":"","background-media":"","overlay-type":"","overlay-color":"","overlay-opacity":"","overlay-gradient":""}},"ast-content-background-meta":{"desktop":{"background-color":"var(--ast-global-color-5)","background-image":"","background-repeat":"repeat","background-position":"center center","background-size":"auto","background-attachment":"scroll","background-type":"","background-media":"","overlay-type":"","overlay-color":"","overlay-opacity":"","overlay-gradient":""},"tablet":{"background-color":"var(--ast-global-color-5)","background-image":"","background-repeat":"repeat","background-position":"center center","background-size":"auto","background-attachment":"scroll","background-type":"","background-media":"","overlay-type":"","overlay-color":"","overlay-opacity":"","overlay-gradient":""},"mobile":{"background-color":"var(--ast-global-color-5)","background-image":"","background-repeat":"repeat","background-position":"center center","background-size":"auto","background-attachment":"scroll","background-type":"","background-media":"","overlay-type":"","overlay-color":"","overlay-opacity":"","overlay-gradient":""}},"footnotes":""},"class_list":["post-460","page","type-page","status-publish","hentry"],"acf":[],"yoast_head":"<!-- This site is optimized with the Yoast SEO plugin v22.7 - https:\/\/yoast.com\/wordpress\/plugins\/seo\/ -->\n<title>Om os &#187; Official Website<\/title>\n<meta name=\"description\" content=\"Token Tact er ikke bare en platform \u2013 det er en rejse, vi begiver os ud p\u00e5 sammen med vores community. Slut dig til os, n\u00e5r vi omdefinerer kryptohandel og g\u00f8r det tilg\u00e6ngeligt, behageligt og rentabelt for alle.\" \/>\n<meta name=\"robots\" content=\"index, follow, max-snippet:-1, max-image-preview:large, max-video-preview:-1\" \/>\n<link rel=\"canonical\" href=\"https:\/\/token-tact.org\/da\/om-os\/\" \/>\n<meta property=\"og:locale\" content=\"da_DK\" \/>\n<meta property=\"og:type\" content=\"article\" \/>\n<meta property=\"og:title\" content=\"Om os &#187; Official Website\" \/>\n<meta property=\"og:description\" content=\"Token Tact er ikke bare en platform \u2013 det er en rejse, vi begiver os ud p\u00e5 sammen med vores community. Slut dig til os, n\u00e5r vi omdefinerer kryptohandel og g\u00f8r det tilg\u00e6ngeligt, behageligt og rentabelt for alle.\" \/>\n<meta property=\"og:url\" content=\"https:\/\/token-tact.org\/da\/om-os\/\" \/>\n<meta property=\"article:modified_time\" content=\"2024-02-12T15:20:01+00:00\" \/>\n<meta property=\"og:image\" content=\"https:\/\/token-tact.org\/wp-content\/uploads\/2024\/01\/Revenue-bro-1-1.png\" \/>\n<meta name=\"twitter:card\" content=\"summary_large_image\" \/>\n<meta name=\"twitter:label1\" content=\"Estimeret l\u00e6setid\" \/>\n\t<meta name=\"twitter:data1\" content=\"3 minutter\" \/>\n<script type=\"application\/ld+json\" class=\"yoast-schema-graph\">{\"@context\":\"https:\/\/schema.org\",\"@graph\":[{\"@type\":\"WebPage\",\"@id\":\"https:\/\/token-tact.org\/da\/om-os\/\",\"url\":\"https:\/\/token-tact.org\/da\/om-os\/\",\"name\":\"Om os &#187; Official Website\",\"isPartOf\":{\"@id\":\"https:\/\/token-tact.org\/#website\"},\"primaryImageOfPage\":{\"@id\":\"https:\/\/token-tact.org\/da\/om-os\/#primaryimage\"},\"image\":{\"@id\":\"https:\/\/token-tact.org\/da\/om-os\/#primaryimage\"},\"thumbnailUrl\":\"https:\/\/token-tact.org\/wp-content\/uploads\/2024\/01\/Revenue-bro-1-1.png\",\"datePublished\":\"2024-01-29T09:54:00+00:00\",\"dateModified\":\"2024-02-12T15:20:01+00:00\",\"description\":\"Token Tact er ikke bare en platform \u2013 det er en rejse, vi begiver os ud p\u00e5 sammen med vores community. Slut dig til os, n\u00e5r vi omdefinerer kryptohandel og g\u00f8r det tilg\u00e6ngeligt, behageligt og rentabelt for alle.\",\"breadcrumb\":{\"@id\":\"https:\/\/token-tact.org\/da\/om-os\/#breadcrumb\"},\"inLanguage\":\"da-DK\",\"potentialAction\":[{\"@type\":\"ReadAction\",\"target\":[\"https:\/\/token-tact.org\/da\/om-os\/\"]}]},{\"@type\":\"ImageObject\",\"inLanguage\":\"da-DK\",\"@id\":\"https:\/\/token-tact.org\/da\/om-os\/#primaryimage\",\"url\":\"https:\/\/token-tact.org\/wp-content\/uploads\/2024\/01\/Revenue-bro-1-1.png\",\"contentUrl\":\"https:\/\/token-tact.org\/wp-content\/uploads\/2024\/01\/Revenue-bro-1-1.png\"},{\"@type\":\"BreadcrumbList\",\"@id\":\"https:\/\/token-tact.org\/da\/om-os\/#breadcrumb\",\"itemListElement\":[{\"@type\":\"ListItem\",\"position\":1,\"name\":\"Token Tact\",\"item\":\"https:\/\/token-tact.org\/da\/\"},{\"@type\":\"ListItem\",\"position\":2,\"name\":\"Om os\"}]},{\"@type\":\"WebSite\",\"@id\":\"https:\/\/token-tact.org\/#website\",\"url\":\"https:\/\/token-tact.org\/\",\"name\":\"Token Tact - Best AI crypto trading bot\",\"description\":\"\",\"publisher\":{\"@id\":\"https:\/\/token-tact.org\/#organization\"},\"alternateName\":\"Token Tact\",\"potentialAction\":[{\"@type\":\"SearchAction\",\"target\":{\"@type\":\"EntryPoint\",\"urlTemplate\":\"https:\/\/token-tact.org\/?s={search_term_string}\"},\"query-input\":\"required name=search_term_string\"}],\"inLanguage\":\"da-DK\"},{\"@type\":\"Organization\",\"@id\":\"https:\/\/token-tact.org\/#organization\",\"name\":\"Token Tact\",\"url\":\"https:\/\/token-tact.org\/\",\"logo\":{\"@type\":\"ImageObject\",\"inLanguage\":\"da-DK\",\"@id\":\"https:\/\/token-tact.org\/#\/schema\/logo\/image\/\",\"url\":\"https:\/\/token-tact.org\/wp-content\/uploads\/2025\/02\/logo.svg\",\"contentUrl\":\"https:\/\/token-tact.org\/wp-content\/uploads\/2025\/02\/logo.svg\",\"caption\":\"Token Tact\"},\"image\":{\"@id\":\"https:\/\/token-tact.org\/#\/schema\/logo\/image\/\"}}]}<\/script>\n<!-- \/ Yoast SEO plugin. -->","yoast_head_json":{"title":"Om os &#187; Official Website","description":"Token Tact er ikke bare en platform \u2013 det er en rejse, vi begiver os ud p\u00e5 sammen med vores community. Slut dig til os, n\u00e5r vi omdefinerer kryptohandel og g\u00f8r det tilg\u00e6ngeligt, behageligt og rentabelt for alle.","robots":{"index":"index","follow":"follow","max-snippet":"max-snippet:-1","max-image-preview":"max-image-preview:large","max-video-preview":"max-video-preview:-1"},"canonical":"https:\/\/token-tact.org\/da\/om-os\/","og_locale":"da_DK","og_type":"article","og_title":"Om os &#187; Official Website","og_description":"Token Tact er ikke bare en platform \u2013 det er en rejse, vi begiver os ud p\u00e5 sammen med vores community. Slut dig til os, n\u00e5r vi omdefinerer kryptohandel og g\u00f8r det tilg\u00e6ngeligt, behageligt og rentabelt for alle.","og_url":"https:\/\/token-tact.org\/da\/om-os\/","article_modified_time":"2024-02-12T15:20:01+00:00","og_image":[{"url":"https:\/\/token-tact.org\/wp-content\/uploads\/2024\/01\/Revenue-bro-1-1.png"}],"twitter_card":"summary_large_image","twitter_misc":{"Estimeret l\u00e6setid":"3 minutter"},"schema":{"@context":"https:\/\/schema.org","@graph":[{"@type":"WebPage","@id":"https:\/\/token-tact.org\/da\/om-os\/","url":"https:\/\/token-tact.org\/da\/om-os\/","name":"Om os &#187; Official Website","isPartOf":{"@id":"https:\/\/token-tact.org\/#website"},"primaryImageOfPage":{"@id":"https:\/\/token-tact.org\/da\/om-os\/#primaryimage"},"image":{"@id":"https:\/\/token-tact.org\/da\/om-os\/#primaryimage"},"thumbnailUrl":"https:\/\/token-tact.org\/wp-content\/uploads\/2024\/01\/Revenue-bro-1-1.png","datePublished":"2024-01-29T09:54:00+00:00","dateModified":"2024-02-12T15:20:01+00:00","description":"Token Tact er ikke bare en platform \u2013 det er en rejse, vi begiver os ud p\u00e5 sammen med vores community. Slut dig til os, n\u00e5r vi omdefinerer kryptohandel og g\u00f8r det tilg\u00e6ngeligt, behageligt og rentabelt for alle.","breadcrumb":{"@id":"https:\/\/token-tact.org\/da\/om-os\/#breadcrumb"},"inLanguage":"da-DK","potentialAction":[{"@type":"ReadAction","target":["https:\/\/token-tact.org\/da\/om-os\/"]}]},{"@type":"ImageObject","inLanguage":"da-DK","@id":"https:\/\/token-tact.org\/da\/om-os\/#primaryimage","url":"https:\/\/token-tact.org\/wp-content\/uploads\/2024\/01\/Revenue-bro-1-1.png","contentUrl":"https:\/\/token-tact.org\/wp-content\/uploads\/2024\/01\/Revenue-bro-1-1.png"},{"@type":"BreadcrumbList","@id":"https:\/\/token-tact.org\/da\/om-os\/#breadcrumb","itemListElement":[{"@type":"ListItem","position":1,"name":"Token Tact","item":"https:\/\/token-tact.org\/da\/"},{"@type":"ListItem","position":2,"name":"Om os"}]},{"@type":"WebSite","@id":"https:\/\/token-tact.org\/#website","url":"https:\/\/token-tact.org\/","name":"Token Tact - Best AI crypto trading bot","description":"","publisher":{"@id":"https:\/\/token-tact.org\/#organization"},"alternateName":"Token Tact","potentialAction":[{"@type":"SearchAction","target":{"@type":"EntryPoint","urlTemplate":"https:\/\/token-tact.org\/?s={search_term_string}"},"query-input":"required name=search_term_string"}],"inLanguage":"da-DK"},{"@type":"Organization","@id":"https:\/\/token-tact.org\/#organization","name":"Token Tact","url":"https:\/\/token-tact.org\/","logo":{"@type":"ImageObject","inLanguage":"da-DK","@id":"https:\/\/token-tact.org\/#\/schema\/logo\/image\/","url":"https:\/\/token-tact.org\/wp-content\/uploads\/2025\/02\/logo.svg","contentUrl":"https:\/\/token-tact.org\/wp-content\/uploads\/2025\/02\/logo.svg","caption":"Token Tact"},"image":{"@id":"https:\/\/token-tact.org\/#\/schema\/logo\/image\/"}}]}},"_links":{"self":[{"href":"https:\/\/token-tact.org\/da\/wp-json\/wp\/v2\/pages\/460","targetHints":{"allow":["GET"]}}],"collection":[{"href":"https:\/\/token-tact.org\/da\/wp-json\/wp\/v2\/pages"}],"about":[{"href":"https:\/\/token-tact.org\/da\/wp-json\/wp\/v2\/types\/page"}],"author":[{"embeddable":true,"href":"https:\/\/token-tact.org\/da\/wp-json\/wp\/v2\/users\/1"}],"replies":[{"embeddable":true,"href":"https:\/\/token-tact.org\/da\/wp-json\/wp\/v2\/comments?post=460"}],"version-history":[{"count":0,"href":"https:\/\/token-tact.org\/da\/wp-json\/wp\/v2\/pages\/460\/revisions"}],"wp:attachment":[{"href":"https:\/\/token-tact.org\/da\/wp-json\/wp\/v2\/media?parent=460"}],"curies":[{"name":"wp","href":"https:\/\/api.w.org\/{rel}","templated":true}]}}