{"id":458,"date":"2024-01-29T09:54:00","date_gmt":"2024-01-29T09:54:00","guid":{"rendered":"https:\/\/token-tact.org\/o-nas\/"},"modified":"2024-02-12T15:19:45","modified_gmt":"2024-02-12T15:19:45","slug":"o-nas","status":"publish","type":"page","link":"https:\/\/token-tact.org\/cs\/o-nas\/","title":{"rendered":"O n\u00e1s"},"content":{"rendered":"\n<div class=\"wp-block-group alignfull has-tertiary-background-color has-background is-layout-constrained wp-container-core-group-is-layout-13138de1 wp-block-group-is-layout-constrained\" style=\"padding-top:var(--wp--preset--spacing--xx-large);padding-bottom:var(--wp--preset--spacing--xx-large)\">\n<div class=\"wp-block-group alignwide is-layout-constrained wp-block-group-is-layout-constrained\">\n<h2 class=\"wp-block-heading has-text-align-center has-heading-color has-text-color\">Na\u0161e posl\u00e1n\u00ed a vize<\/h2>\n\n\n\n<p class=\"has-text-align-center\">V\u00edtejte v Token Tact, kde se inovace snoub\u00ed s dokonalost\u00ed obchodov\u00e1n\u00ed s kryptom\u011bnami. Na\u0161\u00edm posl\u00e1n\u00edm v Token Tact je pos\u00edlit jednotlivce t\u00edm, \u017ee jim poskytneme \u0161pi\u010dkov\u00e9ho bota a platformu pro obchodov\u00e1n\u00ed s kryptom\u011bnami. P\u0159edstavujeme si budoucnost, kde obchodov\u00e1n\u00ed s kryptom\u011bnami nebude jen v\u00fdklenkem pro odborn\u00edky, ale p\u0159\u00edstupn\u00fdm a obohacuj\u00edc\u00edm \u00fasil\u00edm pro ka\u017ed\u00e9ho.<\/p>\n<\/div>\n\n\n\n<div class=\"wp-block-columns alignwide is-layout-flex wp-container-core-columns-is-layout-398b3aa3 wp-block-columns-is-layout-flex\">\n<div class=\"wp-block-column is-layout-flow wp-block-column-is-layout-flow\">\n<figure class=\"wp-block-image size-full is-resized has-custom-border\"><img loading=\"lazy\" decoding=\"async\" width=\"2000\" height=\"2000\" src=\"https:\/\/token-tact.org\/wp-content\/uploads\/2024\/01\/Revenue-bro-1-1.png\" alt=\"kryptom\u011bna Token Tact\" class=\"wp-image-33\" style=\"border-radius:8px;width:423px;height:auto\" srcset=\"https:\/\/token-tact.org\/wp-content\/uploads\/2024\/01\/Revenue-bro-1-1.png 2000w, https:\/\/token-tact.org\/wp-content\/uploads\/2024\/01\/Revenue-bro-1-1-300x300.png 300w, https:\/\/token-tact.org\/wp-content\/uploads\/2024\/01\/Revenue-bro-1-1TokenTact-1024x1024.png 1024w, https:\/\/token-tact.org\/wp-content\/uploads\/2024\/01\/Revenue-bro-1-1-150x150.png 150w, https:\/\/token-tact.org\/wp-content\/uploads\/2024\/01\/Revenue-bro-1-1-768x768.png 768w, https:\/\/token-tact.org\/wp-content\/uploads\/2024\/01\/Revenue-bro-1-1-1536x1536.png 1536w\" sizes=\"auto, (max-width: 2000px) 100vw, 2000px\" \/><\/figure>\n<\/div>\n\n\n\n<div class=\"wp-block-column is-vertically-aligned-center is-layout-flow wp-block-column-is-layout-flow\">\n<div class=\"wp-block-group is-layout-constrained wp-container-core-group-is-layout-63b154dc wp-block-group-is-layout-constrained\" style=\"padding-right:var(--wp--preset--spacing--x-small);padding-left:var(--wp--preset--spacing--medium)\">\n<p class=\"has-x-small-font-size\" style=\"letter-spacing:2px\">01<\/p>\n\n\n\n<h4 class=\"wp-block-heading has-heading-color has-text-color\">Na\u0161e vize<\/h4>\n\n\n\n<p>Jako hrd\u00ed majitel\u00e9 Token Tact jsme odhodl\u00e1ni k revoluci v oblasti obchodov\u00e1n\u00ed s kryptom\u011bnami. D\u00edky na\u0161im zku\u0161enostem z prvn\u00ed ruky ve sv\u011bt\u011b kryptom\u011bn rozum\u00edme v\u00fdzv\u00e1m, kter\u00fdm obchodn\u00edci \u010del\u00ed, od slo\u017eitosti anal\u00fdzy trhu a\u017e po \u010dasov\u011b n\u00e1ro\u010dnou povahu manu\u00e1ln\u00edho obchodov\u00e1n\u00ed.<\/p>\n\n\n\n<p>Podle na\u0161ich odborn\u00fdch znalost\u00ed jsme vyvinuli Token Tact jako \u0159e\u0161en\u00ed, kter\u00e9 zjednodu\u0161uje a zlep\u0161uje z\u00e1\u017eitek z obchodov\u00e1n\u00ed s kryptom\u011bnami. Na\u0161\u00ed viz\u00ed je p\u0159eklenout propast mezi zku\u0161en\u00fdmi obchodn\u00edky a za\u010d\u00e1te\u010dn\u00edky a poskytnout platformu, kter\u00e1 uspokoj\u00ed v\u0161echny \u00farovn\u011b odbornosti.<\/p>\n<\/div>\n<\/div>\n<\/div>\n\n\n\n<div class=\"wp-block-columns alignwide is-layout-flex wp-container-core-columns-is-layout-28f84493 wp-block-columns-is-layout-flex\">\n<div class=\"wp-block-column is-vertically-aligned-center is-layout-flow wp-block-column-is-layout-flow\">\n<div class=\"wp-block-group is-layout-constrained wp-container-core-group-is-layout-8081e35e wp-block-group-is-layout-constrained\" style=\"padding-right:var(--wp--preset--spacing--x-small);padding-left:var(--wp--preset--spacing--medium)\">\n<p class=\"has-x-small-font-size\" style=\"letter-spacing:2px\">02<\/p>\n\n\n\n<h4 class=\"wp-block-heading has-heading-color has-text-color\">Na\u0161e komunita<\/h4>\n\n\n\n<p>V Token Tact ch\u00e1peme d\u016fle\u017eitost podpory \u017eiv\u00e9 a podp\u016frn\u00e9 komunity. Na\u0161e \u0161et\u0159en\u00ed uk\u00e1zalo, \u017ee prosperuj\u00edc\u00ed komunita nen\u00ed jen o sd\u00edlen\u00ed poznatk\u016f, ale tak\u00e9 o vytvo\u0159en\u00ed prostoru, kde se obchodn\u00edci mohou spojit, u\u010dit se a spole\u010dn\u011b r\u016fst.<\/p>\n\n\n\n<p>Glob\u00e1ln\u00ed propojen\u00ed obchodn\u00edk\u016f<\/p>\n\n\n\n<p>Na\u0161e zji\u0161t\u011bn\u00ed ukazuj\u00ed, \u017ee s\u00edla obchodn\u00ed komunity spo\u010d\u00edv\u00e1 v jej\u00ed rozmanitosti a sd\u00edlen\u00fdch znalostech. Token Tact sdru\u017euje obchodn\u00edky z cel\u00e9ho sv\u011bta a vytv\u00e1\u0159\u00ed dynamickou s\u00ed\u0165, kde n\u00e1pady voln\u011b proud\u00ed. D\u00edky na\u0161im praktick\u00fdm znalostem jsme implementovali funkce, kter\u00e9 usnad\u0148uj\u00ed komunikaci a spolupr\u00e1ci, tak\u017ee Token Tact nen\u00ed jen platformou, ale komunitn\u00edm centrem.<\/p>\n\n\n\n<p>Spole\u010dn\u00e9 u\u010den\u00ed<\/p>\n\n\n\n<p>Prost\u0159ednictv\u00edm na\u0161ich pokus\u016f a omyl\u016f jsme se nau\u010dili, \u017ee neust\u00e1l\u00e9 u\u010den\u00ed je v rychle se m\u011bn\u00edc\u00edm sv\u011bt\u011b kryptom\u011bn nezbytn\u00e9. Na\u0161e platforma poskytuje vzd\u011bl\u00e1vac\u00ed zdroje, anal\u00fdzy trhu a interaktivn\u00ed diskuse, abychom zajistili, \u017ee \u010dlenov\u00e9 na\u0161\u00ed komunity z\u016fstanou informov\u00e1ni a budou \u010dinit informovan\u00e1 rozhodnut\u00ed.<\/p>\n<\/div>\n<\/div>\n\n\n\n<div class=\"wp-block-column is-layout-flow wp-block-column-is-layout-flow\">\n<figure class=\"wp-block-image size-full is-resized has-custom-border\"><img loading=\"lazy\" decoding=\"async\" width=\"2000\" height=\"2000\" src=\"https:\/\/token-tact.org\/wp-content\/uploads\/2024\/01\/TokenTact-bot.png\" alt=\"Obchod Token Tact\" class=\"wp-image-31\" style=\"border-radius:8px;width:667px;height:auto\" srcset=\"https:\/\/token-tact.org\/wp-content\/uploads\/2024\/01\/TokenTact-bot.png 2000w, https:\/\/token-tact.org\/wp-content\/uploads\/2024\/01\/TokenTact-bot-300x300.png 300w, https:\/\/token-tact.org\/wp-content\/uploads\/2024\/01\/TokenTact-bot-1024x1024.png 1024w, https:\/\/token-tact.org\/wp-content\/uploads\/2024\/01\/TokenTact-bot-150x150.png 150w, https:\/\/token-tact.org\/wp-content\/uploads\/2024\/01\/TokenTact-bot-768x768.png 768w, https:\/\/token-tact.org\/wp-content\/uploads\/2024\/01\/TokenTact-bot-1536x1536.png 1536w\" sizes=\"auto, (max-width: 2000px) 100vw, 2000px\" \/><\/figure>\n<\/div>\n<\/div>\n\n\n\n<div class=\"wp-block-columns alignwide is-layout-flex wp-container-core-columns-is-layout-398b3aa3 wp-block-columns-is-layout-flex\">\n<div class=\"wp-block-column is-layout-flow wp-block-column-is-layout-flow\">\n<figure class=\"wp-block-image size-full is-resized has-custom-border\"><img loading=\"lazy\" decoding=\"async\" width=\"2000\" height=\"2000\" src=\"https:\/\/token-tact.org\/wp-content\/uploads\/2024\/01\/TokenTact-trade.png\" alt=\"Token Tact\" class=\"wp-image-29\" style=\"border-radius:8px;width:458px;height:auto\" srcset=\"https:\/\/token-tact.org\/wp-content\/uploads\/2024\/01\/TokenTact-trade.png 2000w, https:\/\/token-tact.org\/wp-content\/uploads\/2024\/01\/TokenTact-trade-300x300.png 300w, https:\/\/token-tact.org\/wp-content\/uploads\/2024\/01\/TokenTact-trade-1024x1024.png 1024w, https:\/\/token-tact.org\/wp-content\/uploads\/2024\/01\/TokenTact-trade-150x150.png 150w, https:\/\/token-tact.org\/wp-content\/uploads\/2024\/01\/TokenTact-trade-768x768.png 768w, https:\/\/token-tact.org\/wp-content\/uploads\/2024\/01\/TokenTact-trade-1536x1536.png 1536w\" sizes=\"auto, (max-width: 2000px) 100vw, 2000px\" \/><\/figure>\n<\/div>\n\n\n\n<div class=\"wp-block-column is-vertically-aligned-center is-layout-flow wp-block-column-is-layout-flow\">\n<div class=\"wp-block-group is-layout-constrained wp-container-core-group-is-layout-63b154dc wp-block-group-is-layout-constrained\" style=\"padding-right:var(--wp--preset--spacing--x-small);padding-left:var(--wp--preset--spacing--medium)\">\n<p class=\"has-x-small-font-size\" style=\"letter-spacing:2px\">03<\/p>\n\n\n\n<h4 class=\"wp-block-heading has-heading-color has-text-color\">N\u00e1\u0161 z\u00e1vazek<\/h4>\n\n\n\n<p>Token Tact nen\u00ed jen platforma; je to z\u00e1vazek k dokonalosti a integrit\u011b ve sv\u011bt\u011b obchodov\u00e1n\u00ed s kryptom\u011bnami. N\u00e1\u0161 z\u00e1vazek se vztahuje na ka\u017ed\u00fd aspekt na\u0161\u00ed platformy a zaji\u0161\u0165uje u\u017eivatel\u016fm bezprobl\u00e9mov\u00e9 a bezpe\u010dn\u00e9 obchodov\u00e1n\u00ed.<\/p>\n\n\n\n<p>Transparentnost a bezpe\u010dnost<\/p>\n\n\n\n<p>Jako vlastn\u00edci Token Tact up\u0159ednost\u0148ujeme transparentnost a bezpe\u010dnost. N\u00e1\u0161 z\u00e1vazek k t\u011bmto z\u00e1sad\u00e1m se odr\u00e1\u017e\u00ed v opat\u0159en\u00edch, kter\u00e1 jsme zavedli k ochran\u011b u\u017eivatelsk\u00fdch dat a majetku. V\u011b\u0159\u00edme, \u017ee d\u016fv\u011bra se z\u00edsk\u00e1v\u00e1 otev\u0159enost\u00ed a p\u00edl\u00ed, a sna\u017e\u00edme se dodr\u017eovat nejvy\u0161\u0161\u00ed standardy v oboru.<\/p>\n<\/div>\n<\/div>\n<\/div>\n<\/div>\n\n\n\n<div class=\"wp-block-group alignfull is-layout-constrained wp-container-core-group-is-layout-fa72c8b5 wp-block-group-is-layout-constrained\" style=\"padding-top:var(--wp--preset--spacing--x-large);padding-bottom:var(--wp--preset--spacing--x-large)\"><\/div>\n","protected":false},"excerpt":{"rendered":"<p>Na\u0161e posl\u00e1n\u00ed a vize V\u00edtejte v Token Tact, kde se inovace snoub\u00ed s dokonalost\u00ed obchodov\u00e1n\u00ed s kryptom\u011bnami. Na\u0161\u00edm posl\u00e1n\u00edm v [&hellip;]<\/p>\n","protected":false},"author":1,"featured_media":0,"parent":0,"menu_order":0,"comment_status":"closed","ping_status":"closed","template":"","meta":{"_acf_changed":false,"_monsterinsights_skip_tracking":false,"_monsterinsights_sitenote_active":false,"_monsterinsights_sitenote_note":"","_monsterinsights_sitenote_category":0,"site-sidebar-layout":"default","site-content-layout":"","ast-site-content-layout":"","site-content-style":"default","site-sidebar-style":"default","ast-global-header-display":"","ast-banner-title-visibility":"","ast-main-header-display":"","ast-hfb-above-header-display":"","ast-hfb-below-header-display":"","ast-hfb-mobile-header-display":"","site-post-title":"disabled","ast-breadcrumbs-content":"","ast-featured-img":"","footer-sml-layout":"","theme-transparent-header-meta":"","adv-header-id-meta":"","stick-header-meta":"","header-above-stick-meta":"","header-main-stick-meta":"","header-below-stick-meta":"","astra-migrate-meta-layouts":"default","ast-page-background-enabled":"default","ast-page-background-meta":{"desktop":{"background-color":"var(--ast-global-color-4)","background-image":"","background-repeat":"repeat","background-position":"center center","background-size":"auto","background-attachment":"scroll","background-type":"","background-media":"","overlay-type":"","overlay-color":"","overlay-opacity":"","overlay-gradient":""},"tablet":{"background-color":"","background-image":"","background-repeat":"repeat","background-position":"center center","background-size":"auto","background-attachment":"scroll","background-type":"","background-media":"","overlay-type":"","overlay-color":"","overlay-opacity":"","overlay-gradient":""},"mobile":{"background-color":"","background-image":"","background-repeat":"repeat","background-position":"center center","background-size":"auto","background-attachment":"scroll","background-type":"","background-media":"","overlay-type":"","overlay-color":"","overlay-opacity":"","overlay-gradient":""}},"ast-content-background-meta":{"desktop":{"background-color":"var(--ast-global-color-5)","background-image":"","background-repeat":"repeat","background-position":"center center","background-size":"auto","background-attachment":"scroll","background-type":"","background-media":"","overlay-type":"","overlay-color":"","overlay-opacity":"","overlay-gradient":""},"tablet":{"background-color":"var(--ast-global-color-5)","background-image":"","background-repeat":"repeat","background-position":"center center","background-size":"auto","background-attachment":"scroll","background-type":"","background-media":"","overlay-type":"","overlay-color":"","overlay-opacity":"","overlay-gradient":""},"mobile":{"background-color":"var(--ast-global-color-5)","background-image":"","background-repeat":"repeat","background-position":"center center","background-size":"auto","background-attachment":"scroll","background-type":"","background-media":"","overlay-type":"","overlay-color":"","overlay-opacity":"","overlay-gradient":""}},"footnotes":""},"class_list":["post-458","page","type-page","status-publish","hentry"],"acf":[],"yoast_head":"<!-- This site is optimized with the Yoast SEO plugin v22.7 - https:\/\/yoast.com\/wordpress\/plugins\/seo\/ -->\n<title>O n\u00e1s &#187; Official Website<\/title>\n<meta name=\"description\" content=\"Token Tact nen\u00ed jen platforma \u2013 je to cesta, na kterou se vyd\u00e1v\u00e1me spole\u010dn\u011b s na\u0161\u00ed komunitou. P\u0159idejte se k n\u00e1m, kdy\u017e nov\u011b definujeme obchodov\u00e1n\u00ed s kryptom\u011bnami a zp\u0159\u00edstup\u0148ujeme, bav\u00ed a vyd\u011bl\u00e1v\u00e1me pro ka\u017ed\u00e9ho.\" \/>\n<meta name=\"robots\" content=\"index, follow, max-snippet:-1, max-image-preview:large, max-video-preview:-1\" \/>\n<link rel=\"canonical\" href=\"https:\/\/token-tact.org\/cs\/o-nas\/\" \/>\n<meta property=\"og:locale\" content=\"cs_CZ\" \/>\n<meta property=\"og:type\" content=\"article\" \/>\n<meta property=\"og:title\" content=\"O n\u00e1s &#187; Official Website\" \/>\n<meta property=\"og:description\" content=\"Token Tact nen\u00ed jen platforma \u2013 je to cesta, na kterou se vyd\u00e1v\u00e1me spole\u010dn\u011b s na\u0161\u00ed komunitou. P\u0159idejte se k n\u00e1m, kdy\u017e nov\u011b definujeme obchodov\u00e1n\u00ed s kryptom\u011bnami a zp\u0159\u00edstup\u0148ujeme, bav\u00ed a vyd\u011bl\u00e1v\u00e1me pro ka\u017ed\u00e9ho.\" \/>\n<meta property=\"og:url\" content=\"https:\/\/token-tact.org\/cs\/o-nas\/\" \/>\n<meta property=\"article:modified_time\" content=\"2024-02-12T15:19:45+00:00\" \/>\n<meta property=\"og:image\" content=\"https:\/\/token-tact.org\/wp-content\/uploads\/2024\/01\/Revenue-bro-1-1.png\" \/>\n<meta name=\"twitter:card\" content=\"summary_large_image\" \/>\n<meta name=\"twitter:label1\" content=\"Odhadovan\u00e1 doba \u010dten\u00ed\" \/>\n\t<meta name=\"twitter:data1\" content=\"3 minuty\" \/>\n<script type=\"application\/ld+json\" class=\"yoast-schema-graph\">{\"@context\":\"https:\/\/schema.org\",\"@graph\":[{\"@type\":\"WebPage\",\"@id\":\"https:\/\/token-tact.org\/cs\/o-nas\/\",\"url\":\"https:\/\/token-tact.org\/cs\/o-nas\/\",\"name\":\"O n\u00e1s &#187; Official Website\",\"isPartOf\":{\"@id\":\"https:\/\/token-tact.org\/#website\"},\"primaryImageOfPage\":{\"@id\":\"https:\/\/token-tact.org\/cs\/o-nas\/#primaryimage\"},\"image\":{\"@id\":\"https:\/\/token-tact.org\/cs\/o-nas\/#primaryimage\"},\"thumbnailUrl\":\"https:\/\/token-tact.org\/wp-content\/uploads\/2024\/01\/Revenue-bro-1-1.png\",\"datePublished\":\"2024-01-29T09:54:00+00:00\",\"dateModified\":\"2024-02-12T15:19:45+00:00\",\"description\":\"Token Tact nen\u00ed jen platforma \u2013 je to cesta, na kterou se vyd\u00e1v\u00e1me spole\u010dn\u011b s na\u0161\u00ed komunitou. P\u0159idejte se k n\u00e1m, kdy\u017e nov\u011b definujeme obchodov\u00e1n\u00ed s kryptom\u011bnami a zp\u0159\u00edstup\u0148ujeme, bav\u00ed a vyd\u011bl\u00e1v\u00e1me pro ka\u017ed\u00e9ho.\",\"breadcrumb\":{\"@id\":\"https:\/\/token-tact.org\/cs\/o-nas\/#breadcrumb\"},\"inLanguage\":\"cs\",\"potentialAction\":[{\"@type\":\"ReadAction\",\"target\":[\"https:\/\/token-tact.org\/cs\/o-nas\/\"]}]},{\"@type\":\"ImageObject\",\"inLanguage\":\"cs\",\"@id\":\"https:\/\/token-tact.org\/cs\/o-nas\/#primaryimage\",\"url\":\"https:\/\/token-tact.org\/wp-content\/uploads\/2024\/01\/Revenue-bro-1-1.png\",\"contentUrl\":\"https:\/\/token-tact.org\/wp-content\/uploads\/2024\/01\/Revenue-bro-1-1.png\"},{\"@type\":\"BreadcrumbList\",\"@id\":\"https:\/\/token-tact.org\/cs\/o-nas\/#breadcrumb\",\"itemListElement\":[{\"@type\":\"ListItem\",\"position\":1,\"name\":\"Token Tact\",\"item\":\"https:\/\/token-tact.org\/cs\/\"},{\"@type\":\"ListItem\",\"position\":2,\"name\":\"O n\u00e1s\"}]},{\"@type\":\"WebSite\",\"@id\":\"https:\/\/token-tact.org\/#website\",\"url\":\"https:\/\/token-tact.org\/\",\"name\":\"Token Tact - Best AI crypto trading bot\",\"description\":\"\",\"publisher\":{\"@id\":\"https:\/\/token-tact.org\/#organization\"},\"alternateName\":\"Token Tact\",\"potentialAction\":[{\"@type\":\"SearchAction\",\"target\":{\"@type\":\"EntryPoint\",\"urlTemplate\":\"https:\/\/token-tact.org\/?s={search_term_string}\"},\"query-input\":\"required name=search_term_string\"}],\"inLanguage\":\"cs\"},{\"@type\":\"Organization\",\"@id\":\"https:\/\/token-tact.org\/#organization\",\"name\":\"Token Tact\",\"url\":\"https:\/\/token-tact.org\/\",\"logo\":{\"@type\":\"ImageObject\",\"inLanguage\":\"cs\",\"@id\":\"https:\/\/token-tact.org\/#\/schema\/logo\/image\/\",\"url\":\"https:\/\/token-tact.org\/wp-content\/uploads\/2025\/02\/logo.svg\",\"contentUrl\":\"https:\/\/token-tact.org\/wp-content\/uploads\/2025\/02\/logo.svg\",\"caption\":\"Token Tact\"},\"image\":{\"@id\":\"https:\/\/token-tact.org\/#\/schema\/logo\/image\/\"}}]}<\/script>\n<!-- \/ Yoast SEO plugin. -->","yoast_head_json":{"title":"O n\u00e1s &#187; Official Website","description":"Token Tact nen\u00ed jen platforma \u2013 je to cesta, na kterou se vyd\u00e1v\u00e1me spole\u010dn\u011b s na\u0161\u00ed komunitou. P\u0159idejte se k n\u00e1m, kdy\u017e nov\u011b definujeme obchodov\u00e1n\u00ed s kryptom\u011bnami a zp\u0159\u00edstup\u0148ujeme, bav\u00ed a vyd\u011bl\u00e1v\u00e1me pro ka\u017ed\u00e9ho.","robots":{"index":"index","follow":"follow","max-snippet":"max-snippet:-1","max-image-preview":"max-image-preview:large","max-video-preview":"max-video-preview:-1"},"canonical":"https:\/\/token-tact.org\/cs\/o-nas\/","og_locale":"cs_CZ","og_type":"article","og_title":"O n\u00e1s &#187; Official Website","og_description":"Token Tact nen\u00ed jen platforma \u2013 je to cesta, na kterou se vyd\u00e1v\u00e1me spole\u010dn\u011b s na\u0161\u00ed komunitou. P\u0159idejte se k n\u00e1m, kdy\u017e nov\u011b definujeme obchodov\u00e1n\u00ed s kryptom\u011bnami a zp\u0159\u00edstup\u0148ujeme, bav\u00ed a vyd\u011bl\u00e1v\u00e1me pro ka\u017ed\u00e9ho.","og_url":"https:\/\/token-tact.org\/cs\/o-nas\/","article_modified_time":"2024-02-12T15:19:45+00:00","og_image":[{"url":"https:\/\/token-tact.org\/wp-content\/uploads\/2024\/01\/Revenue-bro-1-1.png"}],"twitter_card":"summary_large_image","twitter_misc":{"Odhadovan\u00e1 doba \u010dten\u00ed":"3 minuty"},"schema":{"@context":"https:\/\/schema.org","@graph":[{"@type":"WebPage","@id":"https:\/\/token-tact.org\/cs\/o-nas\/","url":"https:\/\/token-tact.org\/cs\/o-nas\/","name":"O n\u00e1s &#187; Official Website","isPartOf":{"@id":"https:\/\/token-tact.org\/#website"},"primaryImageOfPage":{"@id":"https:\/\/token-tact.org\/cs\/o-nas\/#primaryimage"},"image":{"@id":"https:\/\/token-tact.org\/cs\/o-nas\/#primaryimage"},"thumbnailUrl":"https:\/\/token-tact.org\/wp-content\/uploads\/2024\/01\/Revenue-bro-1-1.png","datePublished":"2024-01-29T09:54:00+00:00","dateModified":"2024-02-12T15:19:45+00:00","description":"Token Tact nen\u00ed jen platforma \u2013 je to cesta, na kterou se vyd\u00e1v\u00e1me spole\u010dn\u011b s na\u0161\u00ed komunitou. P\u0159idejte se k n\u00e1m, kdy\u017e nov\u011b definujeme obchodov\u00e1n\u00ed s kryptom\u011bnami a zp\u0159\u00edstup\u0148ujeme, bav\u00ed a vyd\u011bl\u00e1v\u00e1me pro ka\u017ed\u00e9ho.","breadcrumb":{"@id":"https:\/\/token-tact.org\/cs\/o-nas\/#breadcrumb"},"inLanguage":"cs","potentialAction":[{"@type":"ReadAction","target":["https:\/\/token-tact.org\/cs\/o-nas\/"]}]},{"@type":"ImageObject","inLanguage":"cs","@id":"https:\/\/token-tact.org\/cs\/o-nas\/#primaryimage","url":"https:\/\/token-tact.org\/wp-content\/uploads\/2024\/01\/Revenue-bro-1-1.png","contentUrl":"https:\/\/token-tact.org\/wp-content\/uploads\/2024\/01\/Revenue-bro-1-1.png"},{"@type":"BreadcrumbList","@id":"https:\/\/token-tact.org\/cs\/o-nas\/#breadcrumb","itemListElement":[{"@type":"ListItem","position":1,"name":"Token Tact","item":"https:\/\/token-tact.org\/cs\/"},{"@type":"ListItem","position":2,"name":"O n\u00e1s"}]},{"@type":"WebSite","@id":"https:\/\/token-tact.org\/#website","url":"https:\/\/token-tact.org\/","name":"Token Tact - Best AI crypto trading bot","description":"","publisher":{"@id":"https:\/\/token-tact.org\/#organization"},"alternateName":"Token Tact","potentialAction":[{"@type":"SearchAction","target":{"@type":"EntryPoint","urlTemplate":"https:\/\/token-tact.org\/?s={search_term_string}"},"query-input":"required name=search_term_string"}],"inLanguage":"cs"},{"@type":"Organization","@id":"https:\/\/token-tact.org\/#organization","name":"Token Tact","url":"https:\/\/token-tact.org\/","logo":{"@type":"ImageObject","inLanguage":"cs","@id":"https:\/\/token-tact.org\/#\/schema\/logo\/image\/","url":"https:\/\/token-tact.org\/wp-content\/uploads\/2025\/02\/logo.svg","contentUrl":"https:\/\/token-tact.org\/wp-content\/uploads\/2025\/02\/logo.svg","caption":"Token Tact"},"image":{"@id":"https:\/\/token-tact.org\/#\/schema\/logo\/image\/"}}]}},"_links":{"self":[{"href":"https:\/\/token-tact.org\/cs\/wp-json\/wp\/v2\/pages\/458","targetHints":{"allow":["GET"]}}],"collection":[{"href":"https:\/\/token-tact.org\/cs\/wp-json\/wp\/v2\/pages"}],"about":[{"href":"https:\/\/token-tact.org\/cs\/wp-json\/wp\/v2\/types\/page"}],"author":[{"embeddable":true,"href":"https:\/\/token-tact.org\/cs\/wp-json\/wp\/v2\/users\/1"}],"replies":[{"embeddable":true,"href":"https:\/\/token-tact.org\/cs\/wp-json\/wp\/v2\/comments?post=458"}],"version-history":[{"count":0,"href":"https:\/\/token-tact.org\/cs\/wp-json\/wp\/v2\/pages\/458\/revisions"}],"wp:attachment":[{"href":"https:\/\/token-tact.org\/cs\/wp-json\/wp\/v2\/media?parent=458"}],"curies":[{"name":"wp","href":"https:\/\/api.w.org\/{rel}","templated":true}]}}