{"id":424,"date":"2024-01-29T10:14:20","date_gmt":"2024-01-29T10:14:20","guid":{"rendered":"https:\/\/token-tact.org\/kontaktujte-nas\/"},"modified":"2024-12-05T20:46:19","modified_gmt":"2024-12-05T20:46:19","slug":"kontaktujt-nas","status":"publish","type":"page","link":"https:\/\/token-tact.org\/cs\/kontaktujt-nas\/","title":{"rendered":"KONTAKTUJTE N\u00c1S"},"content":{"rendered":"\n<div class=\"wp-block-group alignwide is-layout-constrained wp-container-core-group-is-layout-fa72c8b5 wp-block-group-is-layout-constrained\" style=\"padding-top:var(--wp--preset--spacing--x-large);padding-bottom:var(--wp--preset--spacing--x-large)\">\n<div class=\"wp-block-columns alignwide is-layout-flex wp-container-core-columns-is-layout-00f84694 wp-block-columns-is-layout-flex\">\n<div class=\"wp-block-column is-vertically-aligned-center is-layout-flow wp-container-core-column-is-layout-c7b3064f wp-block-column-is-layout-flow\">\n<p class=\"has-primary-color has-text-color has-x-small-font-size\" style=\"letter-spacing:2px;text-transform:uppercase\">KONTAKTUJTE N\u00c1S<\/p>\n\n\n\n<div class=\"wp-block-group is-layout-constrained wp-container-core-group-is-layout-c40a8074 wp-block-group-is-layout-constrained\">\n<h2 class=\"wp-block-heading\">Jsme tu, abychom v\u00e1m pomohli<\/h2>\n\n\n\n<p>V Token Tact si v\u00e1\u017e\u00edme spojen\u00ed s na\u0161imi u\u017eivateli a v\u00edt\u00e1me jak\u00e9koli dotazy, zp\u011btnou vazbu nebo pomoc, kterou budete pot\u0159ebovat. N\u00e1\u0161 specializovan\u00fd t\u00fdm podpory se zav\u00e1zal zajistit, \u017ee va\u0161e zku\u0161enost s Token Tact bude bezprobl\u00e9mov\u00e1 a p\u0159\u00edjemn\u00e1.<\/p>\n<\/div>\n<\/div>\n\n\n\n<div class=\"wp-block-column is-layout-flow wp-block-column-is-layout-flow\" style=\"padding-left:0\">\n<div class=\"wp-block-group has-border-color has-outline-border-color has-surface-background-color has-background is-layout-constrained wp-container-core-group-is-layout-5fbedae1 wp-block-group-is-layout-constrained\" style=\"border-width:1px;border-radius:6px;padding-top:var(--wp--preset--spacing--large);padding-right:var(--wp--preset--spacing--large);padding-bottom:var(--wp--preset--spacing--large);padding-left:var(--wp--preset--spacing--large)\">\n<h6 class=\"wp-block-heading\" style=\"margin-right:var(--wp--preset--spacing--40);margin-left:var(--wp--preset--spacing--40);padding-top:0;padding-right:var(--wp--preset--spacing--50);padding-bottom:0;padding-left:var(--wp--preset--spacing--50)\">Z\u00e1kaznick\u00e1 podpora<\/h6>\n\n\n\n<hr class=\"wp-block-separator has-text-color has-outline-color has-alpha-channel-opacity has-outline-background-color has-background is-style-wide\" style=\"margin-top:var(--wp--preset--spacing--small);margin-bottom:var(--wp--preset--spacing--small)\"\/>\n\n\n\n<p style=\"padding-right:var(--wp--preset--spacing--50);padding-left:var(--wp--preset--spacing--50)\">N\u00e1\u0161 t\u00fdm z\u00e1kaznick\u00e9 podpory je p\u0159ipraven zodpov\u011bd\u011bt jak\u00e9koli dotazy nebo obavy, kter\u00e9 m\u016f\u017eete m\u00edt. A\u0165 u\u017e pot\u0159ebujete pomoc s navigac\u00ed na platform\u011b, m\u00e1te dotazy ohledn\u011b na\u0161ich obchodn\u00edch robot\u016f nebo pot\u0159ebujete pomoc s va\u0161\u00edm \u00fa\u010dtem, n\u00e1\u0161 t\u00fdm podpory je vzd\u00e1len\u00fd pouh\u00fdm kliknut\u00edm.<\/p>\n\n\n\n<div class=\"wp-block-buttons is-layout-flex wp-block-buttons-is-layout-flex\" style=\"margin-top:var(--wp--preset--spacing--medium)\"><\/div>\n<\/div>\n<\/div>\n<\/div>\n<\/div>\n\n\n\n<div class=\"wp-block-group alignwide is-layout-constrained wp-container-core-group-is-layout-fa72c8b5 wp-block-group-is-layout-constrained\" style=\"padding-top:var(--wp--preset--spacing--x-large);padding-bottom:var(--wp--preset--spacing--x-large)\">\n<div class=\"wp-block-columns alignwide is-layout-flex wp-container-core-columns-is-layout-00f84694 wp-block-columns-is-layout-flex\">\n<div class=\"wp-block-column is-vertically-aligned-center is-layout-flow wp-container-core-column-is-layout-9bbe8c87 wp-block-column-is-layout-flow\">\n<div class=\"wp-block-group is-layout-constrained wp-block-group-is-layout-constrained\">\n<p class=\"has-primary-color has-text-color has-x-small-font-size\" style=\"letter-spacing:2px;text-transform:uppercase\">KONTAKTUJTE N\u00c1S<\/p>\n\n\n\n<h2 class=\"wp-block-heading\">V\u0161eobecn\u00e9 po\u017eadavky<\/h2>\n\n\n\n<p>M\u00e1te obecn\u00fd dotaz nebo se chcete dozv\u011bd\u011bt v\u00edce o Token Tact? N\u00e1\u0161 t\u00fdm je zde, aby v\u00e1m poskytl informace, kter\u00e9 pot\u0159ebujete. A\u0165 u\u017e se jedn\u00e1 o na\u0161i misi, funkce platformy nebo cokoli jin\u00e9ho souvisej\u00edc\u00edho s Token Tact, r\u00e1di v\u00e1m pom\u016f\u017eeme.<\/p>\n\n\n\n<p>V\u00e1\u017e\u00edme si va\u0161eho z\u00e1jmu o Token Tact a t\u011b\u0161\u00edme se na va\u0161i slu\u017ebu. D\u011bkujeme, \u017ee jste sou\u010d\u00e1st\u00ed na\u0161\u00ed komunity!<\/p>\n<\/div>\n<\/div>\n\n\n\n<div class=\"wp-block-column is-layout-flow wp-container-core-column-is-layout-b674dc80 wp-block-column-is-layout-flow\" style=\"padding-left:0\">\n<div class=\"wp-block-group has-border-color has-outline-border-color is-layout-constrained wp-container-core-group-is-layout-2a9f3359 wp-block-group-is-layout-constrained\" style=\"border-width:1px;border-radius:16px;min-height:100%;padding-top:var(--wp--preset--spacing--30);padding-right:var(--wp--preset--spacing--40);padding-bottom:var(--wp--preset--spacing--30);padding-left:var(--wp--preset--spacing--40)\">\n<h4 class=\"wp-block-heading has-heading-color has-text-color\" style=\"margin-top:var(--wp--preset--spacing--30);margin-right:var(--wp--preset--spacing--50);margin-bottom:var(--wp--preset--spacing--50);margin-left:var(--wp--preset--spacing--50)\">Kontaktn\u00ed informace<\/h4>\n\n\n\n<div class=\"wp-block-group is-layout-constrained wp-container-core-group-is-layout-7c6d2669 wp-block-group-is-layout-constrained\">\n<p class=\"wp-block-heading has-x-small-font-size\">Kancel\u00e1\u0159 Token Tact<\/p>\n\n\n\n<p>N\u011bmecko: S\u00eddlo spole\u010dnosti Token Tact: L\u00e4rchenstra\u00dfe 141, 65933 Frankfurt nad Mohanem, N\u011bmecko\nSpojen\u00e9 kr\u00e1lovstv\u00ed: 53 The Broadway, Lond\u00fdn W5 5JS, Spojen\u00e9 kr\u00e1lovstv\u00ed\nUSA: 224 W 57th St, New York, NY 10019<\/p>\n<\/div>\n\n\n\n<div class=\"wp-block-group is-layout-constrained wp-container-core-group-is-layout-7c6d2669 wp-block-group-is-layout-constrained\">\n<p class=\"wp-block-heading has-x-small-font-size\">Telefon: <a href=\"tel:+49123456789\" target=\"_blank\" rel=\"noreferrer noopener\">+49 123 456 789<\/a><\/p>\n<\/div>\n\n\n\n<div class=\"wp-block-group is-layout-constrained wp-container-core-group-is-layout-7c6d2669 wp-block-group-is-layout-constrained\">\n<p class=\"wp-block-heading has-x-small-font-size\">E-mailem: support@token-tact.org<\/p>\n<\/div>\n\n\n\n<hr class=\"wp-block-separator has-alpha-channel-opacity is-style-swt-separator-wide-thin-line\"\/>\n<\/div>\n<\/div>\n<\/div>\n\n\n\n<h2 class=\"wp-block-heading\" style=\"padding-top:var(--wp--preset--spacing--40);padding-bottom:var(--wp--preset--spacing--40)\">KONTAKTUJTE N\u00c1S<\/h2>\n\n\n\n<div class=\"wp-block-group is-layout-constrained wp-block-group-is-layout-constrained\">\n<div class=\"wp-block-group is-nowrap is-layout-flex wp-container-core-group-is-layout-6c531013 wp-block-group-is-layout-flex\">\n<figure class=\"wp-block-image size-large is-resized\"><img loading=\"lazy\" decoding=\"async\" width=\"1024\" height=\"761\" src=\"https:\/\/token-tact.org\/wp-content\/uploads\/2024\/01\/map-1-1024x761.png\" alt=\"\" class=\"wp-image-396\" style=\"width:602px;height:auto\" srcset=\"https:\/\/token-tact.org\/wp-content\/uploads\/2024\/01\/map-1-1024x761.png 1024w, https:\/\/token-tact.org\/wp-content\/uploads\/2024\/01\/map-1-300x223.png 300w, https:\/\/token-tact.org\/wp-content\/uploads\/2024\/01\/map-1-768x570.png 768w, https:\/\/token-tact.org\/wp-content\/uploads\/2024\/01\/map-1-1536x1141.png 1536w, https:\/\/token-tact.org\/wp-content\/uploads\/2024\/01\/map-1.png 1866w\" sizes=\"auto, (max-width: 1024px) 100vw, 1024px\" \/><\/figure>\n\n\n\n<div class=\"wpcf7 no-js\" id=\"wpcf7-f1056-o1\" lang=\"en-US\" dir=\"ltr\">\n<div class=\"screen-reader-response\"><p role=\"status\" aria-live=\"polite\" aria-atomic=\"true\"><\/p> <ul><\/ul><\/div>\n<form action=\"\/cs\/wp-json\/wp\/v2\/pages\/424#wpcf7-f1056-o1\" method=\"post\" class=\"wpcf7-form init\" aria-label=\"Contact form\" novalidate=\"novalidate\" data-status=\"init\">\n<div style=\"display: none;\">\n<input type=\"hidden\" name=\"_wpcf7\" value=\"1056\" \/>\n<input type=\"hidden\" name=\"_wpcf7_version\" value=\"5.9.4\" \/>\n<input type=\"hidden\" name=\"_wpcf7_locale\" value=\"en_US\" \/>\n<input type=\"hidden\" name=\"_wpcf7_unit_tag\" value=\"wpcf7-f1056-o1\" \/>\n<input type=\"hidden\" name=\"_wpcf7_container_post\" value=\"0\" \/>\n<input type=\"hidden\" name=\"_wpcf7_posted_data_hash\" value=\"\" \/>\n<\/div>\n<div class=\"cta_form\">\n\t<div class=\"row\">\n\t\t<div class=\"col-xxl-6 col-xl-6 col-lg-6 col-md-12 col-12\">\n\t\t\t<h3> Contact us now!\n\t\t\t<\/h3>\n\t\t\t<p><span class=\"wpcf7-form-control-wrap\" data-name=\"fname\"><input size=\"40\" class=\"wpcf7-form-control wpcf7-text wpcf7-validates-as-required\" aria-required=\"true\" aria-invalid=\"false\" placeholder=\"First Name\" value=\"\" type=\"text\" name=\"fname\" \/><\/span>\n\t\t\t<\/p>\n\t\t<\/div>\n\t\t<div class=\"col-xxl-6 col-xl-6 col-lg-6 col-md-12 col-12\">\n\t\t\t<p><span class=\"wpcf7-form-control-wrap\" data-name=\"lname\"><input size=\"40\" class=\"wpcf7-form-control wpcf7-text wpcf7-validates-as-required\" aria-required=\"true\" aria-invalid=\"false\" placeholder=\"Last Name\" value=\"\" type=\"text\" name=\"lname\" \/><\/span>\n\t\t\t<\/p>\n\t\t<\/div>\n\t<\/div>\n\t<div class=\"row\">\n\t\t<div class=\"col-xxl-6 col-xl-6 col-lg-6 col-md-12 col-12\">\n\t\t\t<p><span class=\"wpcf7-form-control-wrap\" data-name=\"email-36\"><input size=\"40\" class=\"wpcf7-form-control wpcf7-email wpcf7-validates-as-required wpcf7-text wpcf7-validates-as-email\" aria-required=\"true\" aria-invalid=\"false\" placeholder=\"E-mail\" value=\"\" type=\"email\" name=\"email-36\" \/><\/span>\n\t\t\t<\/p>\n\t\t<\/div>\n\t\t<div class=\"col-xxl-6 col-xl-6 col-lg-6 col-md-12 col-12\">\n\t\t\t<p><span class=\"wpcf7-form-control-wrap\" data-name=\"tel-246\"><input size=\"40\" class=\"wpcf7-form-control wpcf7-tel wpcf7-validates-as-required wpcf7-text wpcf7-validates-as-tel\" aria-required=\"true\" aria-invalid=\"false\" placeholder=\"Phone\" value=\"\" type=\"tel\" name=\"tel-246\" \/><\/span>\n\t\t\t<\/p>\n\t\t<\/div>\n\t<\/div>\n\t<div class=\"row\">\n\t\t<div class=\"col-12\">\n\t\t\t<p><input class=\"wpcf7-form-control wpcf7-submit has-spinner\" type=\"submit\" value=\"Send\" \/>\n\t\t\t<\/p>\n\t\t<\/div>\n\t<\/div>\n<\/div><div class=\"wpcf7-response-output\" aria-hidden=\"true\"><\/div>\n<\/form>\n<\/div>\n\n<\/div>\n<\/div>\n<\/div>\n","protected":false},"excerpt":{"rendered":"<p>KONTAKTUJTE N\u00c1S Jsme tu, abychom v\u00e1m pomohli V Token Tact si v\u00e1\u017e\u00edme spojen\u00ed s na\u0161imi u\u017eivateli a v\u00edt\u00e1me jak\u00e9koli dotazy, [&hellip;]<\/p>\n","protected":false},"author":1,"featured_media":0,"parent":0,"menu_order":0,"comment_status":"closed","ping_status":"closed","template":"","meta":{"_acf_changed":false,"_monsterinsights_skip_tracking":false,"_monsterinsights_sitenote_active":false,"_monsterinsights_sitenote_note":"","_monsterinsights_sitenote_category":0,"site-sidebar-layout":"default","site-content-layout":"","ast-site-content-layout":"","site-content-style":"default","site-sidebar-style":"default","ast-global-header-display":"","ast-banner-title-visibility":"","ast-main-header-display":"","ast-hfb-above-header-display":"","ast-hfb-below-header-display":"","ast-hfb-mobile-header-display":"","site-post-title":"disabled","ast-breadcrumbs-content":"","ast-featured-img":"","footer-sml-layout":"","theme-transparent-header-meta":"","adv-header-id-meta":"","stick-header-meta":"","header-above-stick-meta":"","header-main-stick-meta":"","header-below-stick-meta":"","astra-migrate-meta-layouts":"default","ast-page-background-enabled":"default","ast-page-background-meta":{"desktop":{"background-color":"var(--ast-global-color-4)","background-image":"","background-repeat":"repeat","background-position":"center center","background-size":"auto","background-attachment":"scroll","background-type":"","background-media":"","overlay-type":"","overlay-color":"","overlay-opacity":"","overlay-gradient":""},"tablet":{"background-color":"","background-image":"","background-repeat":"repeat","background-position":"center center","background-size":"auto","background-attachment":"scroll","background-type":"","background-media":"","overlay-type":"","overlay-color":"","overlay-opacity":"","overlay-gradient":""},"mobile":{"background-color":"","background-image":"","background-repeat":"repeat","background-position":"center center","background-size":"auto","background-attachment":"scroll","background-type":"","background-media":"","overlay-type":"","overlay-color":"","overlay-opacity":"","overlay-gradient":""}},"ast-content-background-meta":{"desktop":{"background-color":"var(--ast-global-color-5)","background-image":"","background-repeat":"repeat","background-position":"center center","background-size":"auto","background-attachment":"scroll","background-type":"","background-media":"","overlay-type":"","overlay-color":"","overlay-opacity":"","overlay-gradient":""},"tablet":{"background-color":"var(--ast-global-color-5)","background-image":"","background-repeat":"repeat","background-position":"center center","background-size":"auto","background-attachment":"scroll","background-type":"","background-media":"","overlay-type":"","overlay-color":"","overlay-opacity":"","overlay-gradient":""},"mobile":{"background-color":"var(--ast-global-color-5)","background-image":"","background-repeat":"repeat","background-position":"center center","background-size":"auto","background-attachment":"scroll","background-type":"","background-media":"","overlay-type":"","overlay-color":"","overlay-opacity":"","overlay-gradient":""}},"footnotes":""},"class_list":["post-424","page","type-page","status-publish","hentry"],"acf":[],"yoast_head":"<!-- This site is optimized with the Yoast SEO plugin v22.7 - https:\/\/yoast.com\/wordpress\/plugins\/seo\/ -->\n<title>KONTAKTUJTE N\u00c1S &#187; Official Website<\/title>\n<meta name=\"description\" content=\"V\u00e1\u017e\u00edme si va\u0161eho z\u00e1jmu o Token Tact a t\u011b\u0161\u00edme se na va\u0161i slu\u017ebu. D\u011bkujeme, \u017ee jste sou\u010d\u00e1st\u00ed na\u0161\u00ed komunity!\" \/>\n<meta name=\"robots\" content=\"index, follow, max-snippet:-1, max-image-preview:large, max-video-preview:-1\" \/>\n<link rel=\"canonical\" href=\"https:\/\/token-tact.org\/cs\/kontaktujt-nas\/\" \/>\n<meta property=\"og:locale\" content=\"cs_CZ\" \/>\n<meta property=\"og:type\" content=\"article\" \/>\n<meta property=\"og:title\" content=\"KONTAKTUJTE N\u00c1S &#187; Official Website\" \/>\n<meta property=\"og:description\" content=\"V\u00e1\u017e\u00edme si va\u0161eho z\u00e1jmu o Token Tact a t\u011b\u0161\u00edme se na va\u0161i slu\u017ebu. D\u011bkujeme, \u017ee jste sou\u010d\u00e1st\u00ed na\u0161\u00ed komunity!\" \/>\n<meta property=\"og:url\" content=\"https:\/\/token-tact.org\/cs\/kontaktujt-nas\/\" \/>\n<meta property=\"article:modified_time\" content=\"2024-12-05T20:46:19+00:00\" \/>\n<meta property=\"og:image\" content=\"https:\/\/token-tact.org\/wp-content\/uploads\/2024\/01\/map-1-1024x761.png\" \/>\n<meta name=\"twitter:card\" content=\"summary_large_image\" \/>\n<meta name=\"twitter:label1\" content=\"Odhadovan\u00e1 doba \u010dten\u00ed\" \/>\n\t<meta name=\"twitter:data1\" content=\"2 minuty\" \/>\n<script type=\"application\/ld+json\" class=\"yoast-schema-graph\">{\"@context\":\"https:\/\/schema.org\",\"@graph\":[{\"@type\":\"WebPage\",\"@id\":\"https:\/\/token-tact.org\/cs\/kontaktujt-nas\/\",\"url\":\"https:\/\/token-tact.org\/cs\/kontaktujt-nas\/\",\"name\":\"KONTAKTUJTE N\u00c1S &#187; Official Website\",\"isPartOf\":{\"@id\":\"https:\/\/token-tact.org\/#website\"},\"primaryImageOfPage\":{\"@id\":\"https:\/\/token-tact.org\/cs\/kontaktujt-nas\/#primaryimage\"},\"image\":{\"@id\":\"https:\/\/token-tact.org\/cs\/kontaktujt-nas\/#primaryimage\"},\"thumbnailUrl\":\"https:\/\/token-tact.org\/wp-content\/uploads\/2024\/01\/map-1-1024x761.png\",\"datePublished\":\"2024-01-29T10:14:20+00:00\",\"dateModified\":\"2024-12-05T20:46:19+00:00\",\"description\":\"V\u00e1\u017e\u00edme si va\u0161eho z\u00e1jmu o Token Tact a t\u011b\u0161\u00edme se na va\u0161i slu\u017ebu. D\u011bkujeme, \u017ee jste sou\u010d\u00e1st\u00ed na\u0161\u00ed komunity!\",\"breadcrumb\":{\"@id\":\"https:\/\/token-tact.org\/cs\/kontaktujt-nas\/#breadcrumb\"},\"inLanguage\":\"cs\",\"potentialAction\":[{\"@type\":\"ReadAction\",\"target\":[\"https:\/\/token-tact.org\/cs\/kontaktujt-nas\/\"]}]},{\"@type\":\"ImageObject\",\"inLanguage\":\"cs\",\"@id\":\"https:\/\/token-tact.org\/cs\/kontaktujt-nas\/#primaryimage\",\"url\":\"https:\/\/token-tact.org\/wp-content\/uploads\/2024\/01\/map-1-1024x761.png\",\"contentUrl\":\"https:\/\/token-tact.org\/wp-content\/uploads\/2024\/01\/map-1-1024x761.png\"},{\"@type\":\"BreadcrumbList\",\"@id\":\"https:\/\/token-tact.org\/cs\/kontaktujt-nas\/#breadcrumb\",\"itemListElement\":[{\"@type\":\"ListItem\",\"position\":1,\"name\":\"Token Tact\",\"item\":\"https:\/\/token-tact.org\/cs\/\"},{\"@type\":\"ListItem\",\"position\":2,\"name\":\"KONTAKTUJTE N\u00c1S\"}]},{\"@type\":\"WebSite\",\"@id\":\"https:\/\/token-tact.org\/#website\",\"url\":\"https:\/\/token-tact.org\/\",\"name\":\"Token Tact - Best AI crypto trading bot\",\"description\":\"\",\"publisher\":{\"@id\":\"https:\/\/token-tact.org\/#organization\"},\"alternateName\":\"Token Tact\",\"potentialAction\":[{\"@type\":\"SearchAction\",\"target\":{\"@type\":\"EntryPoint\",\"urlTemplate\":\"https:\/\/token-tact.org\/?s={search_term_string}\"},\"query-input\":\"required name=search_term_string\"}],\"inLanguage\":\"cs\"},{\"@type\":\"Organization\",\"@id\":\"https:\/\/token-tact.org\/#organization\",\"name\":\"Token Tact\",\"url\":\"https:\/\/token-tact.org\/\",\"logo\":{\"@type\":\"ImageObject\",\"inLanguage\":\"cs\",\"@id\":\"https:\/\/token-tact.org\/#\/schema\/logo\/image\/\",\"url\":\"https:\/\/token-tact.org\/wp-content\/uploads\/2025\/02\/logo.svg\",\"contentUrl\":\"https:\/\/token-tact.org\/wp-content\/uploads\/2025\/02\/logo.svg\",\"caption\":\"Token Tact\"},\"image\":{\"@id\":\"https:\/\/token-tact.org\/#\/schema\/logo\/image\/\"}}]}<\/script>\n<!-- \/ Yoast SEO plugin. -->","yoast_head_json":{"title":"KONTAKTUJTE N\u00c1S &#187; Official Website","description":"V\u00e1\u017e\u00edme si va\u0161eho z\u00e1jmu o Token Tact a t\u011b\u0161\u00edme se na va\u0161i slu\u017ebu. D\u011bkujeme, \u017ee jste sou\u010d\u00e1st\u00ed na\u0161\u00ed komunity!","robots":{"index":"index","follow":"follow","max-snippet":"max-snippet:-1","max-image-preview":"max-image-preview:large","max-video-preview":"max-video-preview:-1"},"canonical":"https:\/\/token-tact.org\/cs\/kontaktujt-nas\/","og_locale":"cs_CZ","og_type":"article","og_title":"KONTAKTUJTE N\u00c1S &#187; Official Website","og_description":"V\u00e1\u017e\u00edme si va\u0161eho z\u00e1jmu o Token Tact a t\u011b\u0161\u00edme se na va\u0161i slu\u017ebu. D\u011bkujeme, \u017ee jste sou\u010d\u00e1st\u00ed na\u0161\u00ed komunity!","og_url":"https:\/\/token-tact.org\/cs\/kontaktujt-nas\/","article_modified_time":"2024-12-05T20:46:19+00:00","og_image":[{"url":"https:\/\/token-tact.org\/wp-content\/uploads\/2024\/01\/map-1-1024x761.png"}],"twitter_card":"summary_large_image","twitter_misc":{"Odhadovan\u00e1 doba \u010dten\u00ed":"2 minuty"},"schema":{"@context":"https:\/\/schema.org","@graph":[{"@type":"WebPage","@id":"https:\/\/token-tact.org\/cs\/kontaktujt-nas\/","url":"https:\/\/token-tact.org\/cs\/kontaktujt-nas\/","name":"KONTAKTUJTE N\u00c1S &#187; Official Website","isPartOf":{"@id":"https:\/\/token-tact.org\/#website"},"primaryImageOfPage":{"@id":"https:\/\/token-tact.org\/cs\/kontaktujt-nas\/#primaryimage"},"image":{"@id":"https:\/\/token-tact.org\/cs\/kontaktujt-nas\/#primaryimage"},"thumbnailUrl":"https:\/\/token-tact.org\/wp-content\/uploads\/2024\/01\/map-1-1024x761.png","datePublished":"2024-01-29T10:14:20+00:00","dateModified":"2024-12-05T20:46:19+00:00","description":"V\u00e1\u017e\u00edme si va\u0161eho z\u00e1jmu o Token Tact a t\u011b\u0161\u00edme se na va\u0161i slu\u017ebu. D\u011bkujeme, \u017ee jste sou\u010d\u00e1st\u00ed na\u0161\u00ed komunity!","breadcrumb":{"@id":"https:\/\/token-tact.org\/cs\/kontaktujt-nas\/#breadcrumb"},"inLanguage":"cs","potentialAction":[{"@type":"ReadAction","target":["https:\/\/token-tact.org\/cs\/kontaktujt-nas\/"]}]},{"@type":"ImageObject","inLanguage":"cs","@id":"https:\/\/token-tact.org\/cs\/kontaktujt-nas\/#primaryimage","url":"https:\/\/token-tact.org\/wp-content\/uploads\/2024\/01\/map-1-1024x761.png","contentUrl":"https:\/\/token-tact.org\/wp-content\/uploads\/2024\/01\/map-1-1024x761.png"},{"@type":"BreadcrumbList","@id":"https:\/\/token-tact.org\/cs\/kontaktujt-nas\/#breadcrumb","itemListElement":[{"@type":"ListItem","position":1,"name":"Token Tact","item":"https:\/\/token-tact.org\/cs\/"},{"@type":"ListItem","position":2,"name":"KONTAKTUJTE N\u00c1S"}]},{"@type":"WebSite","@id":"https:\/\/token-tact.org\/#website","url":"https:\/\/token-tact.org\/","name":"Token Tact - Best AI crypto trading bot","description":"","publisher":{"@id":"https:\/\/token-tact.org\/#organization"},"alternateName":"Token Tact","potentialAction":[{"@type":"SearchAction","target":{"@type":"EntryPoint","urlTemplate":"https:\/\/token-tact.org\/?s={search_term_string}"},"query-input":"required name=search_term_string"}],"inLanguage":"cs"},{"@type":"Organization","@id":"https:\/\/token-tact.org\/#organization","name":"Token Tact","url":"https:\/\/token-tact.org\/","logo":{"@type":"ImageObject","inLanguage":"cs","@id":"https:\/\/token-tact.org\/#\/schema\/logo\/image\/","url":"https:\/\/token-tact.org\/wp-content\/uploads\/2025\/02\/logo.svg","contentUrl":"https:\/\/token-tact.org\/wp-content\/uploads\/2025\/02\/logo.svg","caption":"Token Tact"},"image":{"@id":"https:\/\/token-tact.org\/#\/schema\/logo\/image\/"}}]}},"_links":{"self":[{"href":"https:\/\/token-tact.org\/cs\/wp-json\/wp\/v2\/pages\/424","targetHints":{"allow":["GET"]}}],"collection":[{"href":"https:\/\/token-tact.org\/cs\/wp-json\/wp\/v2\/pages"}],"about":[{"href":"https:\/\/token-tact.org\/cs\/wp-json\/wp\/v2\/types\/page"}],"author":[{"embeddable":true,"href":"https:\/\/token-tact.org\/cs\/wp-json\/wp\/v2\/users\/1"}],"replies":[{"embeddable":true,"href":"https:\/\/token-tact.org\/cs\/wp-json\/wp\/v2\/comments?post=424"}],"version-history":[{"count":0,"href":"https:\/\/token-tact.org\/cs\/wp-json\/wp\/v2\/pages\/424\/revisions"}],"wp:attachment":[{"href":"https:\/\/token-tact.org\/cs\/wp-json\/wp\/v2\/media?parent=424"}],"curies":[{"name":"wp","href":"https:\/\/api.w.org\/{rel}","templated":true}]}}